{"id":46074,"date":"2026-02-19T11:34:06","date_gmt":"2026-02-19T11:34:06","guid":{"rendered":"https:\/\/travelsafe.nl\/?post_type=product&#038;p=46074"},"modified":"2026-02-19T11:37:56","modified_gmt":"2026-02-19T11:37:56","slug":"filtro-de-repuesto-de-carbon-gac","status":"publish","type":"product","link":"https:\/\/travelsafe.nl\/es\/assortiment\/filtro-purificador-de-agua\/filtro-de-repuesto-de-carbon-gac\/","title":{"rendered":"Filtro de repuesto de carb\u00f3n (GAC)"},"content":{"rendered":"<p>Este filtro de carb\u00f3n se vende en juegos de dos y suele tener una vida \u00fatil de 30 d\u00edas. Act\u00faa como primera barrera y purifica el agua de part\u00edculas m\u00e1s grandes. Por lo tanto, su vida \u00fatil depende en gran medida de la turbidez del agua.<\/p>\n<p>Para obtener m\u00e1s informaci\u00f3n, consulte las instrucciones del filtro de viaje sobre uso, mantenimiento y limpieza.<\/p>\n<p>Material: Fibra de carb\u00f3n activado GAC + algod\u00f3n PP<br \/>\nDimensiones: \u00d8 3 x 3 cm<br \/>\nPeso: 36 g<br \/>\nAutonom\u00eda: Hasta 30 d\u00edas de uso, dependiendo de la calidad del agua.<\/p>\n","protected":false},"excerpt":{"rendered":"<p>Este filtro de carb\u00f3n se vende en juegos de dos y suele tener una vida \u00fatil de 30 d\u00edas. Act\u00faa como primera&hellip;<\/p>\n","protected":false},"featured_media":46050,"template":"","meta":{"_acf_changed":false},"product_brand":[],"product_cat":[4822],"product_tag":[],"class_list":{"0":"post-46074","1":"product","2":"type-product","3":"status-publish","4":"has-post-thumbnail","6":"product_cat-filtro-purificador-de-agua","8":"first","9":"instock","10":"shipping-taxable","11":"product-type-simple"},"acf":[],"_links":{"self":[{"href":"https:\/\/travelsafe.nl\/es\/wp-json\/wp\/v2\/product\/46074","targetHints":{"allow":["GET"]}}],"collection":[{"href":"https:\/\/travelsafe.nl\/es\/wp-json\/wp\/v2\/product"}],"about":[{"href":"https:\/\/travelsafe.nl\/es\/wp-json\/wp\/v2\/types\/product"}],"wp:featuredmedia":[{"embeddable":true,"href":"https:\/\/travelsafe.nl\/es\/wp-json\/wp\/v2\/media\/46050"}],"wp:attachment":[{"href":"https:\/\/travelsafe.nl\/es\/wp-json\/wp\/v2\/media?parent=46074"}],"wp:term":[{"taxonomy":"product_brand","embeddable":true,"href":"https:\/\/travelsafe.nl\/es\/wp-json\/wp\/v2\/product_brand?post=46074"},{"taxonomy":"product_cat","embeddable":true,"href":"https:\/\/travelsafe.nl\/es\/wp-json\/wp\/v2\/product_cat?post=46074"},{"taxonomy":"product_tag","embeddable":true,"href":"https:\/\/travelsafe.nl\/es\/wp-json\/wp\/v2\/product_tag?post=46074"}],"curies":[{"name":"wp","href":"https:\/\/api.w.org\/{rel}","templated":true}]}}