{"id":29740,"date":"2019-06-10T23:14:54","date_gmt":"2019-06-10T23:14:54","guid":{"rendered":"http:\/\/travelsafe.nl\/assortiment\/non%20class\u00e9\/sting-bite-kit\/"},"modified":"2023-04-07T14:01:02","modified_gmt":"2023-04-07T14:01:02","slug":"sting-bite-kit","status":"publish","type":"product","link":"https:\/\/travelsafe.nl\/fr\/assortiment\/trousse-de-secours\/trousse-de-soin\/sting-bite-kit\/","title":{"rendered":"Morsures &#038; Piq\u00fbres &#8211; Trousse de Premiers Secours"},"content":{"rendered":"<p>Les morsures et piq\u00fbres d&rsquo;insectes peuvent g\u00e2cher s\u00e9rieusement votre repos et votre humeur ! Cette nouvelle petite trousse pour les morsures et piq\u00fbres a \u00e9t\u00e9 mis au point sp\u00e9cialement\u00a0pour les premiers soins. Id\u00e9al \u00e0 avoir sous la main pendant les vacances, les randonn\u00e9es, les voyages lointains ou simplement \u00e0 la maison. Vous pouvez ainsi soigner directement les morsures pour \u00e9prouver un minimum de g\u00eane des effets n\u00e9gatifs d\u2019une morsure ou d\u2019une piq\u00fbre.<\/p>\n<p>Si pour un motif quelconque vous ne pouvez pas imm\u00e9diatement disposer d\u2019assistance m\u00e9dicale ad\u00e9quate, ceci peut entra\u00eener des situations d\u00e9licates et dangereuses. Si vous n\u2019avez pas la trousse TravelSafe, vos bagages ne seront pas complets. Pour chaque destination ou chaque activit\u00e9, il existe une trousse de secours compacte et facile d\u2019emploi, compl\u00e9t\u00e9e si n\u00e9cessaire d\u2019explications m\u00e9dicales. Si vous faites un voyage dans un pays sans risque pour l\u2019H\u00e9patite B\/VIH, comme les pays europ\u00e9ens, la trousse Premier Secours (bleu\/rouge) sera suffisante. La trousse St\u00e9rile (orange\/jaune fluo) est absolument conseill\u00e9e si vous visitez des pays avec un risque d\u2019H\u00e9patite B\/VIH, comme l\u2019Afrique, l\u2019Am\u00e9rique du Sud et l\u2019Asie, en un mot les (sub)tropiques.<\/p>\n<p>Dimensions :\u00a0 \u00a018,5 x 9 x 3,5 cm<br \/>\nPoids :\u00a0 \u00a0 \u00a0 \u00a0 \u00a0 \u00a0 \u00a0100 g<br \/>\nMati\u00e8re :\u00a0 \u00a0 \u00a0 \u00a0 \u00a0Polyester<br \/>\nArticles :\u00a0 \u00a0 \u00a0 \u00a0 \u00a0 11<\/p>\n<p>Contenu:<br \/>\n1x extracteur avec 1 raclette.<br \/>\n1x lotion de secours TravelSafe Bite<br \/>\nEnduit imperm\u00e9able 4x<br \/>\nChiffon d&rsquo;alcool 4x<br \/>\nSac de rangement pratique<\/p>\n","protected":false},"excerpt":{"rendered":"<p>Les morsures et piq\u00fbres d&rsquo;insectes peuvent g\u00e2cher s\u00e9rieusement votre repos et votre humeur ! Cette nouvelle petite trousse pour les morsures et&hellip;<\/p>\n","protected":false},"featured_media":36678,"template":"","meta":{"_acf_changed":false},"product_brand":[],"product_cat":[2371,2444],"product_tag":[],"class_list":{"0":"post-29740","1":"product","2":"type-product","3":"status-publish","4":"has-post-thumbnail","6":"product_cat-trousse-de-secours","7":"product_cat-trousse-de-soin","9":"first","10":"instock","11":"purchasable","12":"product-type-simple"},"acf":[],"_links":{"self":[{"href":"https:\/\/travelsafe.nl\/fr\/wp-json\/wp\/v2\/product\/29740","targetHints":{"allow":["GET"]}}],"collection":[{"href":"https:\/\/travelsafe.nl\/fr\/wp-json\/wp\/v2\/product"}],"about":[{"href":"https:\/\/travelsafe.nl\/fr\/wp-json\/wp\/v2\/types\/product"}],"wp:featuredmedia":[{"embeddable":true,"href":"https:\/\/travelsafe.nl\/fr\/wp-json\/wp\/v2\/media\/36678"}],"wp:attachment":[{"href":"https:\/\/travelsafe.nl\/fr\/wp-json\/wp\/v2\/media?parent=29740"}],"wp:term":[{"taxonomy":"product_brand","embeddable":true,"href":"https:\/\/travelsafe.nl\/fr\/wp-json\/wp\/v2\/product_brand?post=29740"},{"taxonomy":"product_cat","embeddable":true,"href":"https:\/\/travelsafe.nl\/fr\/wp-json\/wp\/v2\/product_cat?post=29740"},{"taxonomy":"product_tag","embeddable":true,"href":"https:\/\/travelsafe.nl\/fr\/wp-json\/wp\/v2\/product_tag?post=29740"}],"curies":[{"name":"wp","href":"https:\/\/api.w.org\/{rel}","templated":true}]}}