{"id":35489,"date":"2019-06-10T23:14:54","date_gmt":"2019-06-10T23:14:54","guid":{"rendered":"http:\/\/travelsafe.nl\/assortiment\/non%20class\u00e9\/mini-filet-de-tte\/"},"modified":"2023-04-07T14:01:02","modified_gmt":"2023-04-07T14:01:02","slug":"mini-filet-de-tte","status":"publish","type":"product","link":"https:\/\/travelsafe.nl\/fr\/assortiment\/anti-moustique\/filet-de-tte\/mini-filet-de-tte\/","title":{"rendered":"Filet Moustiquaire pour la T\u00eate &#8211; Basic"},"content":{"rendered":"<p>Ce filet moustiquaire est id\u00e9al pour les zones o\u00f9 vous souffrez de petits insectes. Le filet est plus confortable lorsqu&rsquo;il est port\u00e9 au-dessus votre propre casquette ou chapeau, mais peut \u00e9galement \u00eatre port\u00e9 sans casquette ou chapeau. Ce filet pour la t\u00eate est tr\u00e8s adapt\u00e9 aux randonneurs et aux p\u00eacheurs, mais n\u2019est pas non plus un luxe \u00e0 emporter avec vous lorsque vous voyagez en Scandinavie. En raison de sa petite taille, il est facile \u00e0 transporter. Et comme \u00a0il est utilis\u00e9 si pr\u00e8s de la peau, il n\u2019est pas impr\u00e9gn\u00e9.<\/p>\n<p>Dimensions :\u00a0 Taille unique<br \/>\nPoids :\u00a0 \u00a0 \u00a0 \u00a0 \u00a0 \u00a0 \u00a045 g<br \/>\nMati\u00e8re :\u00a0 \u00a0 \u00a0 \u00a0\u00a0 Polyester<br \/>\nDensit\u00e9 :\u00a0\u00a0\u00a0\u00a0\u00a0 \u00a0\u00a0\u00a0\u00a0800 trous \/ pouce\u00b2<\/p>\n","protected":false},"excerpt":{"rendered":"<p>Ce filet moustiquaire est id\u00e9al pour les zones o\u00f9 vous souffrez de petits insectes. Le filet est plus confortable lorsqu&rsquo;il est port\u00e9&hellip;<\/p>\n","protected":false},"featured_media":32118,"template":"","meta":{"_acf_changed":false},"product_brand":[],"product_cat":[2372,2457],"product_tag":[],"class_list":{"0":"post-35489","1":"product","2":"type-product","3":"status-publish","4":"has-post-thumbnail","6":"product_cat-anti-moustique","7":"product_cat-filet-de-tte","9":"first","10":"instock","11":"purchasable","12":"product-type-simple"},"acf":[],"_links":{"self":[{"href":"https:\/\/travelsafe.nl\/fr\/wp-json\/wp\/v2\/product\/35489","targetHints":{"allow":["GET"]}}],"collection":[{"href":"https:\/\/travelsafe.nl\/fr\/wp-json\/wp\/v2\/product"}],"about":[{"href":"https:\/\/travelsafe.nl\/fr\/wp-json\/wp\/v2\/types\/product"}],"wp:featuredmedia":[{"embeddable":true,"href":"https:\/\/travelsafe.nl\/fr\/wp-json\/wp\/v2\/media\/32118"}],"wp:attachment":[{"href":"https:\/\/travelsafe.nl\/fr\/wp-json\/wp\/v2\/media?parent=35489"}],"wp:term":[{"taxonomy":"product_brand","embeddable":true,"href":"https:\/\/travelsafe.nl\/fr\/wp-json\/wp\/v2\/product_brand?post=35489"},{"taxonomy":"product_cat","embeddable":true,"href":"https:\/\/travelsafe.nl\/fr\/wp-json\/wp\/v2\/product_cat?post=35489"},{"taxonomy":"product_tag","embeddable":true,"href":"https:\/\/travelsafe.nl\/fr\/wp-json\/wp\/v2\/product_tag?post=35489"}],"curies":[{"name":"wp","href":"https:\/\/api.w.org\/{rel}","templated":true}]}}