{"id":35490,"date":"2019-06-10T23:14:56","date_gmt":"2019-06-10T23:14:56","guid":{"rendered":"http:\/\/travelsafe.nl\/assortiment\/non%20class\u00e9\/casquette-netcap\/"},"modified":"2023-04-07T14:01:03","modified_gmt":"2023-04-07T14:01:03","slug":"casquette-netcap","status":"publish","type":"product","link":"https:\/\/travelsafe.nl\/fr\/assortiment\/anti-moustique\/filet-de-tte\/casquette-netcap\/","title":{"rendered":"Netcap \u2013 Casquette anti-insectes"},"content":{"rendered":"<p>Cette casquette \u00e0 la mode et de couleur neutre peut \u00eatre port\u00e9e de fa\u00e7on normale, mais peut servir en tournemain en protection contre tous les insectes piqueurs et suceurs. La bande Velcro permet d\u2019adapter ais\u00e9ment la taille de la casquette. La casquette en filet prot\u00e8ge toute la t\u00eate et m\u00eame le cou lorsque vous passez les cordes sous les aisselles.<\/p>\n<p>Dimensions :\u00a0 Taille unique<br \/>\nPoids :\u00a0 \u00a0 \u00a0 \u00a0 \u00a0 \u00a0 95 g<br \/>\nMati\u00e8re :\u00a0 \u00a0 \u00a0 \u00a0 Polycoton\/Mesh<\/p>\n","protected":false},"excerpt":{"rendered":"<p>Cette casquette \u00e0 la mode et de couleur neutre peut \u00eatre port\u00e9e de fa\u00e7on normale, mais peut servir en tournemain en protection&hellip;<\/p>\n","protected":false},"featured_media":37062,"template":"","meta":{"_acf_changed":false},"product_brand":[],"product_cat":[2372,2457],"product_tag":[],"class_list":{"0":"post-35490","1":"product","2":"type-product","3":"status-publish","4":"has-post-thumbnail","6":"product_cat-anti-moustique","7":"product_cat-filet-de-tte","9":"first","10":"onbackorder","11":"purchasable","12":"product-type-simple"},"acf":[],"_links":{"self":[{"href":"https:\/\/travelsafe.nl\/fr\/wp-json\/wp\/v2\/product\/35490","targetHints":{"allow":["GET"]}}],"collection":[{"href":"https:\/\/travelsafe.nl\/fr\/wp-json\/wp\/v2\/product"}],"about":[{"href":"https:\/\/travelsafe.nl\/fr\/wp-json\/wp\/v2\/types\/product"}],"wp:featuredmedia":[{"embeddable":true,"href":"https:\/\/travelsafe.nl\/fr\/wp-json\/wp\/v2\/media\/37062"}],"wp:attachment":[{"href":"https:\/\/travelsafe.nl\/fr\/wp-json\/wp\/v2\/media?parent=35490"}],"wp:term":[{"taxonomy":"product_brand","embeddable":true,"href":"https:\/\/travelsafe.nl\/fr\/wp-json\/wp\/v2\/product_brand?post=35490"},{"taxonomy":"product_cat","embeddable":true,"href":"https:\/\/travelsafe.nl\/fr\/wp-json\/wp\/v2\/product_cat?post=35490"},{"taxonomy":"product_tag","embeddable":true,"href":"https:\/\/travelsafe.nl\/fr\/wp-json\/wp\/v2\/product_tag?post=35490"}],"curies":[{"name":"wp","href":"https:\/\/api.w.org\/{rel}","templated":true}]}}