{"id":35491,"date":"2019-06-10T23:14:56","date_gmt":"2019-06-10T23:14:56","guid":{"rendered":"http:\/\/travelsafe.nl\/assortiment\/non%20class\u00e9\/moustiquaire-pour-la-tte\/"},"modified":"2023-04-07T14:01:03","modified_gmt":"2023-04-07T14:01:03","slug":"moustiquaire-pour-la-tte","status":"publish","type":"product","link":"https:\/\/travelsafe.nl\/fr\/assortiment\/anti-moustique\/filet-de-tte\/moustiquaire-pour-la-tte\/","title":{"rendered":"Moustiquaire T\u00eate avec Anneau en caoutchouc"},"content":{"rendered":"<p>TravelSafe a d\u00e9velopp\u00e9 sp\u00e9cialement la moustiquaire pour la t\u00eate ainsi qu\u2019une partie du cou contre les insectes \u00e0 l\u2019aide d\u2019un anneau en caoutchouc qui emp\u00eache le filet de coller au visage. Un article indispensable pour les participants \u00e0 des randonn\u00e9es dans la jungle ou dans les zones humides, comme le Scandinavie.<\/p>\n<p>Dimensions :\u00a0 Taille unique<br \/>\nPoids :\u00a0 \u00a0 \u00a0 \u00a0 \u00a0 \u00a0 38 g<br \/>\nMati\u00e8re :\u00a0 \u00a0 \u00a0 \u00a0 Polyester\/Mesh<\/p>\n","protected":false},"excerpt":{"rendered":"<p>TravelSafe a d\u00e9velopp\u00e9 sp\u00e9cialement la moustiquaire pour la t\u00eate ainsi qu\u2019une partie du cou contre les insectes \u00e0 l\u2019aide d\u2019un anneau en&hellip;<\/p>\n","protected":false},"featured_media":32150,"template":"","meta":{"_acf_changed":false},"product_brand":[],"product_cat":[2288,2457],"product_tag":[],"class_list":{"0":"post-35491","1":"product","2":"type-product","3":"status-publish","4":"has-post-thumbnail","6":"product_cat-ehbo-kit","7":"product_cat-filet-de-tte","9":"first","10":"instock","11":"purchasable","12":"product-type-simple"},"acf":[],"_links":{"self":[{"href":"https:\/\/travelsafe.nl\/fr\/wp-json\/wp\/v2\/product\/35491","targetHints":{"allow":["GET"]}}],"collection":[{"href":"https:\/\/travelsafe.nl\/fr\/wp-json\/wp\/v2\/product"}],"about":[{"href":"https:\/\/travelsafe.nl\/fr\/wp-json\/wp\/v2\/types\/product"}],"wp:featuredmedia":[{"embeddable":true,"href":"https:\/\/travelsafe.nl\/fr\/wp-json\/wp\/v2\/media\/32150"}],"wp:attachment":[{"href":"https:\/\/travelsafe.nl\/fr\/wp-json\/wp\/v2\/media?parent=35491"}],"wp:term":[{"taxonomy":"product_brand","embeddable":true,"href":"https:\/\/travelsafe.nl\/fr\/wp-json\/wp\/v2\/product_brand?post=35491"},{"taxonomy":"product_cat","embeddable":true,"href":"https:\/\/travelsafe.nl\/fr\/wp-json\/wp\/v2\/product_cat?post=35491"},{"taxonomy":"product_tag","embeddable":true,"href":"https:\/\/travelsafe.nl\/fr\/wp-json\/wp\/v2\/product_tag?post=35491"}],"curies":[{"name":"wp","href":"https:\/\/api.w.org\/{rel}","templated":true}]}}