{"id":35496,"date":"2019-06-10T23:15:00","date_gmt":"2019-06-10T23:15:00","guid":{"rendered":"http:\/\/travelsafe.nl\/assortiment\/non%20class\u00e9\/pyramid-mosquitonet-2-pers-style-pyramide\/"},"modified":"2023-05-11T09:54:24","modified_gmt":"2023-05-11T09:54:24","slug":"pyramid-mosquitonet-2-pers-style-pyramide","status":"publish","type":"product","link":"https:\/\/travelsafe.nl\/fr\/assortiment\/moustiquaire\/basic-moustiquaire\/deux-personne\/pyramid-mosquitonet-2-pers-style-pyramide\/","title":{"rendered":"Pyramid MosquitoNet 2 pers. &#8211; style pyramide"},"content":{"rendered":"<p>Cette s\u00e9rie de mod\u00e8les pyramidaux est livr\u00e9e avec un syst\u00e8me de housse et de suspension. Compos\u00e9 de 10 m\u00e8tres de fil de montage et un crochet de montage. Ce mod\u00e8le est facile \u00e0 accrocher sur un anneau et l\u2019\u00e9ventail permet que la moustiquaire se propage correctement autour de votre lieu de couchage. Cette version convient pour des lits doubles et n\u2019est pas impr\u00e9gn\u00e9.<\/p>\n<p>TravelSafe propose une gamme compl\u00e8te de moustiquaires. Pour chaque cat\u00e9gorie de voyageur, TravelSafe dispose d\u2019une moustiquaire adapt\u00e9e. Si vous voyagez dans les tropiques, choisissez toujours la moustiquaire tropicale. Si vous restez en Europe, optez pour la moustiquaire classique, et si vous allez en Scandinavie\/\u00c9cosse, prenez une moustiquaire avec une maille extrafine. Toutes les moustiquaires de TravelSafe r\u00e9pondent aux exigences de qualit\u00e9 les plus strictes, sont ferm\u00e9es tout autour, pr\u00e9sentent une maille fine et certains mod\u00e8les sont \u00e9galement pourvus d\u2019un rabat tr\u00e8s robuste. Le syst\u00e8me exclusif de codes de couleur rend le choix simple pour vous. Toutes les moustiquaires emball\u00e9es dans des housses bleues sont des mod\u00e8les de base \u00e0 utiliser en Europe. Les moustiquaires dans les housses vertes sont \u00e0 mailles extrafines et vous prot\u00e8gent contre les insectes les plus petites, comme les moustiques des Highlands (moucherons) qu\u2019on rencontre en \u00c9cosse et en Scandinavie. Les moustiquaires emball\u00e9es dans les housses orange sont con\u00e7ues sp\u00e9cialement pour les tropiques.<\/p>\n<p>Dimensions :\u00a0 \u00d8 1050 x 240 cm<br \/>\nPoids :\u00a0 \u00a0 \u00a0 \u00a0 \u00a0 \u00a0 673 g<br \/>\nMati\u00e8re :\u00a0 \u00a0 \u00a0 \u00a0\u00a0 Polyester \/ Mesh<br \/>\nPersonnes :\u00a0 \u00a0\u00a0 2<br \/>\nDensit\u00e9 :\u00a0 \u00a0 \u00a0 \u00a0 \u00a0225 trous \/ pouce\u00b2<\/p>\n","protected":false},"excerpt":{"rendered":"<p>Cette s\u00e9rie de mod\u00e8les pyramidaux est livr\u00e9e avec un syst\u00e8me de housse et de suspension. Compos\u00e9 de 10 m\u00e8tres de fil de&hellip;<\/p>\n","protected":false},"featured_media":32205,"template":"","meta":{"_acf_changed":false},"product_brand":[],"product_cat":[2458,2591,2306,2461,2373],"product_tag":[],"class_list":{"0":"post-35496","1":"product","2":"type-product","3":"status-publish","4":"has-post-thumbnail","6":"product_cat-basic-moustiquaire","7":"product_cat-basic-fr","8":"product_cat-basic","9":"product_cat-deux-personne","10":"product_cat-moustiquaire","12":"first","13":"instock","14":"purchasable","15":"product-type-simple"},"acf":[],"_links":{"self":[{"href":"https:\/\/travelsafe.nl\/fr\/wp-json\/wp\/v2\/product\/35496","targetHints":{"allow":["GET"]}}],"collection":[{"href":"https:\/\/travelsafe.nl\/fr\/wp-json\/wp\/v2\/product"}],"about":[{"href":"https:\/\/travelsafe.nl\/fr\/wp-json\/wp\/v2\/types\/product"}],"wp:featuredmedia":[{"embeddable":true,"href":"https:\/\/travelsafe.nl\/fr\/wp-json\/wp\/v2\/media\/32205"}],"wp:attachment":[{"href":"https:\/\/travelsafe.nl\/fr\/wp-json\/wp\/v2\/media?parent=35496"}],"wp:term":[{"taxonomy":"product_brand","embeddable":true,"href":"https:\/\/travelsafe.nl\/fr\/wp-json\/wp\/v2\/product_brand?post=35496"},{"taxonomy":"product_cat","embeddable":true,"href":"https:\/\/travelsafe.nl\/fr\/wp-json\/wp\/v2\/product_cat?post=35496"},{"taxonomy":"product_tag","embeddable":true,"href":"https:\/\/travelsafe.nl\/fr\/wp-json\/wp\/v2\/product_tag?post=35496"}],"curies":[{"name":"wp","href":"https:\/\/api.w.org\/{rel}","templated":true}]}}