{"id":35498,"date":"2019-06-10T23:15:00","date_gmt":"2019-06-10T23:15:00","guid":{"rendered":"http:\/\/travelsafe.nl\/assortiment\/non%20class\u00e9\/mosquitonet-cube-1-2-places\/"},"modified":"2023-05-11T09:51:58","modified_gmt":"2023-05-11T09:51:58","slug":"mosquitonet-cube-1-2-places","status":"publish","type":"product","link":"https:\/\/travelsafe.nl\/fr\/assortiment\/moustiquaire\/basic-moustiquaire\/deux-personne\/mosquitonet-cube-1-2-places\/","title":{"rendered":"Moustiquaire Cube- deux personnes"},"content":{"rendered":"<p>Ce nouveau mod\u00e8le moustiquaire a un cadre transversal sp\u00e9cial pour\u00a0que vous\u00a0puissiez l\u2019utiliser comme mod\u00e8le pyramidal, mais avec tous les avantages d\u2019un mod\u00e8le Box \u00e0 parois raides. Les b\u00e2tons en fibre de verre peuvent \u00eatre fix\u00e9s en haut \u00e0 travers les boucles. Avec le crochet \u00e0 vis et la corde qui sont inclus, la moustiquaire peut \u00eatre accroch\u00e9e comme un mod\u00e8le pyramidal. Les parois raides d\u2019un mod\u00e8le Box vous aident \u00e0 \u00e9viter de vous allonger contre le filet pendant la nuit. L\u2019arceau et le filet peuvent \u00eatre repli\u00e9s en tr\u00e8s petit paquet, ce qui convient parfaitement dans une valise ou sac \u00e0 dos.<\/p>\n<p>TravelSafe propose une gamme compl\u00e8te de moustiquaires. Pour chaque cat\u00e9gorie de voyageur, TravelSafe dispose d\u2019une moustiquaire adapt\u00e9e. Si vous voyagez dans les tropiques, choisissez toujours la moustiquaire tropicale. Si vous restez en Europe, optez pour la moustiquaire classique, et si vous allez en Scandinavie\/\u00c9cosse, prenez une moustiquaire avec une maille extrafine. Toutes les moustiquaires de TravelSafe r\u00e9pondent aux exigences de qualit\u00e9 les plus strictes, sont ferm\u00e9es tout autour, pr\u00e9sentent une maille fine et certains mod\u00e8les sont \u00e9galement pourvus d\u2019un rabat tr\u00e8s robuste. Le syst\u00e8me exclusif de codes de couleur rend le choix simple pour vous. Toutes les moustiquaires emball\u00e9es dans des housses bleues sont des mod\u00e8les de base \u00e0 utiliser en Europe. Les moustiquaires dans les housses vertes sont \u00e0 mailles extrafines et vous prot\u00e8gent contre les insectes les plus petites, comme les moustiques des Highlands (moucherons) qu\u2019on rencontre en \u00c9cosse et en Scandinavie. Les moustiquaires emball\u00e9es dans les housses orange sont con\u00e7ues sp\u00e9cialement pour les tropiques.<\/p>\n<p>Dimensions :\u00a0 220 x 160 x 250 cm<br \/>\nPoids :\u00a0 \u00a0 \u00a0 \u00a0 \u00a0 \u00a0 560 g<br \/>\nMati\u00e8re :\u00a0 \u00a0 \u00a0 \u00a0 \u00a0Polyester \/ Mesh \/ Arceau en fibre de verre<br \/>\nPersonnes :\u00a0 \u00a0 \u00a02<br \/>\nDensit\u00e9 :\u00a0 \u00a0 \u00a0 \u00a0 \u00a0225 trous \/ pouce\u00b2<\/p>\n","protected":false},"excerpt":{"rendered":"<p>Ce nouveau mod\u00e8le moustiquaire a un cadre transversal sp\u00e9cial pour\u00a0que vous\u00a0puissiez l\u2019utiliser comme mod\u00e8le pyramidal, mais avec tous les avantages d\u2019un mod\u00e8le&hellip;<\/p>\n","protected":false},"featured_media":32619,"template":"","meta":{"_acf_changed":false},"product_brand":[],"product_cat":[2458,2306,2461,2373],"product_tag":[],"class_list":{"0":"post-35498","1":"product","2":"type-product","3":"status-publish","4":"has-post-thumbnail","6":"product_cat-basic-moustiquaire","7":"product_cat-basic","8":"product_cat-deux-personne","9":"product_cat-moustiquaire","11":"first","12":"onbackorder","13":"purchasable","14":"product-type-simple"},"acf":[],"_links":{"self":[{"href":"https:\/\/travelsafe.nl\/fr\/wp-json\/wp\/v2\/product\/35498","targetHints":{"allow":["GET"]}}],"collection":[{"href":"https:\/\/travelsafe.nl\/fr\/wp-json\/wp\/v2\/product"}],"about":[{"href":"https:\/\/travelsafe.nl\/fr\/wp-json\/wp\/v2\/types\/product"}],"wp:featuredmedia":[{"embeddable":true,"href":"https:\/\/travelsafe.nl\/fr\/wp-json\/wp\/v2\/media\/32619"}],"wp:attachment":[{"href":"https:\/\/travelsafe.nl\/fr\/wp-json\/wp\/v2\/media?parent=35498"}],"wp:term":[{"taxonomy":"product_brand","embeddable":true,"href":"https:\/\/travelsafe.nl\/fr\/wp-json\/wp\/v2\/product_brand?post=35498"},{"taxonomy":"product_cat","embeddable":true,"href":"https:\/\/travelsafe.nl\/fr\/wp-json\/wp\/v2\/product_cat?post=35498"},{"taxonomy":"product_tag","embeddable":true,"href":"https:\/\/travelsafe.nl\/fr\/wp-json\/wp\/v2\/product_tag?post=35498"}],"curies":[{"name":"wp","href":"https:\/\/api.w.org\/{rel}","templated":true}]}}