{"id":35500,"date":"2019-06-10T23:15:01","date_gmt":"2019-06-10T23:15:01","guid":{"rendered":"http:\/\/travelsafe.nl\/assortiment\/non%20class\u00e9\/trfavelsafe-moustiquaire-sac-de-chousage\/"},"modified":"2023-04-07T14:01:04","modified_gmt":"2023-04-07T14:01:04","slug":"trfavelsafe-moustiquaire-sac-de-chousage","status":"publish","type":"product","link":"https:\/\/travelsafe.nl\/fr\/assortiment\/anti-moustique\/autre-insectifuge\/trfavelsafe-moustiquaire-sac-de-chousage\/","title":{"rendered":"Pillow Net \u2013 Moustiquaire Sac de Couchage"},"content":{"rendered":"<p>Avec le \u2018Pillow Net\u2019, vous pouvez passer la nuit en plein air sans insectes. Cette moustiquaire vous prot\u00e8ge au cours de votre nuit calme contre les insectes diff\u00e9rents. Il est bien fermable avec l\u2019\u00e9lastique r\u00e9glable au bas. La moustiquaire est petite et l\u00e9g\u00e8re et id\u00e9al pour les bagages nomades.<\/p>\n<p>Dimensions :\u00a0 60 x 70 cm<br \/>\nPoids :\u00a0 \u00a0 \u00a0 \u00a0 \u00a0 \u00a0 57 g<br \/>\nMati\u00e8re :\u00a0 \u00a0 \u00a0 \u00a0 Polyester<br \/>\nPersonnes:\u00a0 \u00a0 \u00a01<br \/>\nDensit\u00e9 :\u00a0 \u00a0 \u00a0 \u00a0 \u00b1800 trous \/ pouce\u00b2<\/p>\n","protected":false},"excerpt":{"rendered":"<p>Avec le \u2018Pillow Net\u2019, vous pouvez passer la nuit en plein air sans insectes. Cette moustiquaire vous prot\u00e8ge au cours de votre&hellip;<\/p>\n","protected":false},"featured_media":32257,"template":"","meta":{"_acf_changed":false},"product_brand":[],"product_cat":[2372,2463,2311],"product_tag":[],"class_list":{"0":"post-35500","1":"product","2":"type-product","3":"status-publish","4":"has-post-thumbnail","6":"product_cat-anti-moustique","7":"product_cat-autre-insectifuge","8":"product_cat-overig-insectwerend","10":"first","11":"instock","12":"purchasable","13":"product-type-simple"},"acf":[],"_links":{"self":[{"href":"https:\/\/travelsafe.nl\/fr\/wp-json\/wp\/v2\/product\/35500","targetHints":{"allow":["GET"]}}],"collection":[{"href":"https:\/\/travelsafe.nl\/fr\/wp-json\/wp\/v2\/product"}],"about":[{"href":"https:\/\/travelsafe.nl\/fr\/wp-json\/wp\/v2\/types\/product"}],"wp:featuredmedia":[{"embeddable":true,"href":"https:\/\/travelsafe.nl\/fr\/wp-json\/wp\/v2\/media\/32257"}],"wp:attachment":[{"href":"https:\/\/travelsafe.nl\/fr\/wp-json\/wp\/v2\/media?parent=35500"}],"wp:term":[{"taxonomy":"product_brand","embeddable":true,"href":"https:\/\/travelsafe.nl\/fr\/wp-json\/wp\/v2\/product_brand?post=35500"},{"taxonomy":"product_cat","embeddable":true,"href":"https:\/\/travelsafe.nl\/fr\/wp-json\/wp\/v2\/product_cat?post=35500"},{"taxonomy":"product_tag","embeddable":true,"href":"https:\/\/travelsafe.nl\/fr\/wp-json\/wp\/v2\/product_tag?post=35500"}],"curies":[{"name":"wp","href":"https:\/\/api.w.org\/{rel}","templated":true}]}}