{"id":35504,"date":"2019-06-10T23:15:03","date_gmt":"2019-06-10T23:15:03","guid":{"rendered":"http:\/\/travelsafe.nl\/assortiment\/non%20class\u00e9\/moustiguaire-pyramide-tropical-2-personne\/"},"modified":"2023-05-11T09:40:28","modified_gmt":"2023-05-11T09:40:28","slug":"moustiguaire-pyramide-tropical-2-personne","status":"publish","type":"product","link":"https:\/\/travelsafe.nl\/fr\/assortiment\/moustiquaire\/tropic-moustiquaire\/deux-personne-tropic-moustiquaire\/moustiguaire-pyramide-tropical-2-personne\/","title":{"rendered":"Moustiquaire Pyramide \u2013 Tropicale &#8211; 2-personnes"},"content":{"rendered":"<p>Ce mod\u00e8le pyramidal pour 2 personnes\u00a0 de TravelSafe est facile \u00e0 accrocher gr\u00e2ce au montage en point. L\u00b4\u00e9ventail fourni doit \u00eatre mont\u00e9e dans le \u00ab toit \u00bb de la moustiquaire et garantit que la moustiquaire se propage bien sur votre lieu de couchage. La moustiquaire est adapt\u00e9e aux tropiques et est livr\u00e9e avec une housse et syst\u00e8me de suspension (compos\u00e9 d&rsquo;un crochet \u00e0 vis et d\u2019un corde en nylon). Cette moustiquaire convient aux voyages dans les pays \u00e0 risque.<\/p>\n<p>TravelSafe propose une gamme compl\u00e8te de moustiquaires. Pour chaque cat\u00e9gorie de voyageur, TravelSafe dispose d\u2019une moustiquaire adapt\u00e9e. Si vous voyagez dans les tropiques, choisissez toujours la moustiquaire tropicale. Si vous restez en Europe, optez pour la moustiquaire classique, et si vous allez en Scandinavie\/\u00c9cosse, prenez une moustiquaire avec une maille extrafine. Toutes les moustiquaires de TravelSafe r\u00e9pond aux exigences de qualit\u00e9 les plus strictes, sont ferm\u00e9es tout autour, pr\u00e9sentent une maille fine et certains mod\u00e8les sont \u00e9galement pourvus d\u2019un rabat tr\u00e8s robuste. Le syst\u00e8me exclusif de codes de couleur rend le choix simple pour vous. Toutes les moustiquaires emball\u00e9es dans des housses bleues sont des mod\u00e8les de base \u00e0 utiliser en Europe. Les moustiquaires dans les housses vertes sont \u00e0 mailles extrafines et vous prot\u00e8gent contre les insectes les plus petites, comme les moustiques des Highlands (moucherons) qu\u2019on rencontre en \u00c9cosse et en Scandinavie. Les moustiquaires emball\u00e9es dans les housses orange sont con\u00e7ues sp\u00e9cialement pour les tropiques.<\/p>\n<p>Dimensions :\u00a0 \u00a0\u00d8 1050 x 240 cm<br \/>\nPoids :\u00a0 \u00a0 \u00a0 \u00a0 \u00a0 \u00a0 \u00a0673 g<br \/>\nMati\u00e8re :\u00a0 \u00a0 \u00a0 \u00a0\u00a0 Polyester \/ Mesh<br \/>\nPersonnes :\u00a0 \u00a0 \u00a02<br \/>\nDensit\u00e9 :\u00a0 \u00a0 \u00a0 \u00a0 \u00a0225 trous \/ pouce\u00b2<\/p>\n","protected":false},"excerpt":{"rendered":"<p>Ce mod\u00e8le pyramidal pour 2 personnes\u00a0 de TravelSafe est facile \u00e0 accrocher gr\u00e2ce au montage en point. L\u00b4\u00e9ventail fourni doit \u00eatre mont\u00e9e&hellip;<\/p>\n","protected":false},"featured_media":32309,"template":"","meta":{"_acf_changed":false},"product_brand":[],"product_cat":[2464,2466,2373,2314],"product_tag":[],"class_list":{"0":"post-35504","1":"product","2":"type-product","3":"status-publish","4":"has-post-thumbnail","6":"product_cat-tropic-moustiquaire","7":"product_cat-deux-personne-tropic-moustiquaire","8":"product_cat-moustiquaire","9":"product_cat-tweepersoons-tropic","11":"first","12":"instock","13":"purchasable","14":"product-type-simple"},"acf":[],"_links":{"self":[{"href":"https:\/\/travelsafe.nl\/fr\/wp-json\/wp\/v2\/product\/35504","targetHints":{"allow":["GET"]}}],"collection":[{"href":"https:\/\/travelsafe.nl\/fr\/wp-json\/wp\/v2\/product"}],"about":[{"href":"https:\/\/travelsafe.nl\/fr\/wp-json\/wp\/v2\/types\/product"}],"wp:featuredmedia":[{"embeddable":true,"href":"https:\/\/travelsafe.nl\/fr\/wp-json\/wp\/v2\/media\/32309"}],"wp:attachment":[{"href":"https:\/\/travelsafe.nl\/fr\/wp-json\/wp\/v2\/media?parent=35504"}],"wp:term":[{"taxonomy":"product_brand","embeddable":true,"href":"https:\/\/travelsafe.nl\/fr\/wp-json\/wp\/v2\/product_brand?post=35504"},{"taxonomy":"product_cat","embeddable":true,"href":"https:\/\/travelsafe.nl\/fr\/wp-json\/wp\/v2\/product_cat?post=35504"},{"taxonomy":"product_tag","embeddable":true,"href":"https:\/\/travelsafe.nl\/fr\/wp-json\/wp\/v2\/product_tag?post=35504"}],"curies":[{"name":"wp","href":"https:\/\/api.w.org\/{rel}","templated":true}]}}