{"id":35506,"date":"2019-06-10T23:15:05","date_gmt":"2019-06-10T23:15:05","guid":{"rendered":"http:\/\/travelsafe.nl\/assortiment\/non%20class\u00e9\/moustiguaire-multi-tropical-1-personne\/"},"modified":"2024-09-12T11:58:57","modified_gmt":"2024-09-12T11:58:57","slug":"moustiguaire-multi-tropical-1-personne","status":"publish","type":"product","link":"https:\/\/travelsafe.nl\/fr\/assortiment\/moustiquaire\/tropic-moustiquaire\/une-personne-tropic-moustiquaire\/moustiguaire-multi-tropical-1-personne\/","title":{"rendered":"TravelSafe Moustiquaire Multi Style &#8211; Impr\u00e9gn\u00e9e\u2013 1-personne"},"content":{"rendered":"<p>Cette moustiquaire multifonctionnelle pour 1 personne de TravelSafe est faite pour le voyageur qui ne sait pas \u00e0 l&rsquo;avance o\u00f9 et comment il va dormir. La moustiquaire est munie d&rsquo;une bande de renfort au bas afin qu&rsquo;elle puisse \u00eatre correctement rentr\u00e9e sous le tapis ou le matelas. Gr\u00e2ce aux diff\u00e9rents points de suspension, vous pouvez accrocher la moustiquaire de 3 mani\u00e8res diff\u00e9rentes avec les crochets de suspension et la corde fournis. Cette moustiquaire est impr\u00e9gn\u00e9e, l\u00e9g\u00e8re et de tr\u00e8s petite taille, ce qui la rend id\u00e9ale pour les pays \u00e0 risque accru de paludisme et de dengue.<\/p>\n<p><strong>Filets impr\u00e9gnes certifi\u00e9s Union europ\u00e9enne. <\/strong>Les moustiquaires impr\u00e9gn\u00e9es TravelSafe offrent une protection optimale contre les moustiques (malaria) et autres insectes piqueurs. Les moustiquaires sont fabriqu\u00e9es selon les directives de l&rsquo;OMS et certifi\u00e9es par les autorit\u00e9s de l&rsquo;UE, seul cela garantit la fonction et l&rsquo;efficacit\u00e9 de la moustiquaire.<\/p>\n<p>TravelSafe propose une gamme compl\u00e8te de moustiquaires. TravelSafe a la bonne moustiquaire pour chaque cat\u00e9gorie de voyageurs. Si vous partez sous les tropiques, choisissez toujours la moustiquaire Tropical. Si vous s\u00e9journez en Europe, choisissez la moustiquaire Basic et si vous voyagez en Scandinavie ou en Ecosse, choisissez la moustiquaire nordique \u00e0 mailles extra fines. Tous les filets TravelSafe r\u00e9pondent aux exigences de qualit\u00e9 les plus \u00e9lev\u00e9es, sont ferm\u00e9s tout autour, ont un maillage fin et certains mod\u00e8les sont \u00e9galement \u00e9quip\u00e9s d&rsquo;une bande d&rsquo;enfilage extra robuste. Le syst\u00e8me de codage couleur unique vous permet de choisir facilement. Toutes les moustiquaires emball\u00e9es dans des housses bleues sont les moustiquaires de base pouvant \u00eatre utilis\u00e9es en Europe, les moustiquaires emball\u00e9es dans des housses vertes sont \u00e0 mailles extra fines et vous prot\u00e8gent contre les plus petits insectes tels que les moucherons, les petits taons, qui se produisent en Scandinavie \/ Ecosse. Les filets, emball\u00e9s dans des pochettes orange, sont sp\u00e9cialement con\u00e7us pour \u00eatre utilis\u00e9s sous les tropiques.<\/p>\n<p>Dimensions :\u00a0225 x 120 x 150 cm<br \/>\nPoids : 395 g<br \/>\nMati\u00e8re :\u00a0Polyester \/ Mesh<br \/>\nPersonnes :\u00a01<br \/>\nDensit\u00e9 : 225 trous \/ pouce\u00b2<\/p>\n","protected":false},"excerpt":{"rendered":"<p>Cette moustiquaire multifonctionnelle pour 1 personne de TravelSafe est faite pour le voyageur qui ne sait pas \u00e0 l&rsquo;avance o\u00f9 et comment&hellip;<\/p>\n","protected":false},"featured_media":44995,"template":"","meta":{"_acf_changed":false},"product_brand":[],"product_cat":[2464,2373,2465],"product_tag":[],"class_list":{"0":"post-35506","1":"product","2":"type-product","3":"status-publish","4":"has-post-thumbnail","6":"product_cat-tropic-moustiquaire","7":"product_cat-moustiquaire","8":"product_cat-une-personne-tropic-moustiquaire","10":"first","11":"instock","12":"purchasable","13":"product-type-simple"},"acf":[],"_links":{"self":[{"href":"https:\/\/travelsafe.nl\/fr\/wp-json\/wp\/v2\/product\/35506","targetHints":{"allow":["GET"]}}],"collection":[{"href":"https:\/\/travelsafe.nl\/fr\/wp-json\/wp\/v2\/product"}],"about":[{"href":"https:\/\/travelsafe.nl\/fr\/wp-json\/wp\/v2\/types\/product"}],"wp:featuredmedia":[{"embeddable":true,"href":"https:\/\/travelsafe.nl\/fr\/wp-json\/wp\/v2\/media\/44995"}],"wp:attachment":[{"href":"https:\/\/travelsafe.nl\/fr\/wp-json\/wp\/v2\/media?parent=35506"}],"wp:term":[{"taxonomy":"product_brand","embeddable":true,"href":"https:\/\/travelsafe.nl\/fr\/wp-json\/wp\/v2\/product_brand?post=35506"},{"taxonomy":"product_cat","embeddable":true,"href":"https:\/\/travelsafe.nl\/fr\/wp-json\/wp\/v2\/product_cat?post=35506"},{"taxonomy":"product_tag","embeddable":true,"href":"https:\/\/travelsafe.nl\/fr\/wp-json\/wp\/v2\/product_tag?post=35506"}],"curies":[{"name":"wp","href":"https:\/\/api.w.org\/{rel}","templated":true}]}}