{"id":35509,"date":"2019-06-10T23:15:06","date_gmt":"2019-06-10T23:15:06","guid":{"rendered":"http:\/\/travelsafe.nl\/assortiment\/non%20class\u00e9\/moustiguaire-pop-out-pyramide-tropical-2-personne\/"},"modified":"2023-05-11T09:41:29","modified_gmt":"2023-05-11T09:41:29","slug":"moustiguaire-pop-out-pyramide-tropical-2-personne","status":"publish","type":"product","link":"https:\/\/travelsafe.nl\/fr\/assortiment\/moustiquaire\/tropic-moustiquaire\/deux-personne-tropic-moustiquaire\/moustiguaire-pop-out-pyramide-tropical-2-personne\/","title":{"rendered":"TravelSafe Moustiquaire &#8211; Pop Out &#8211; Pyramide &#8211; Impr\u00e9gn\u00e9es \u2013 2-personnes"},"content":{"rendered":"<p>Cette moustiquaire TravelSafe convient \u00e0 2 personnes et s&rsquo;adapte \u00e0 presque tous les lits doubles et m\u00eame les lits king-size et a \u00e9t\u00e9 sp\u00e9cialement d\u00e9velopp\u00e9e pour ceux qui veulent voyager l\u00e9ger et compact, comme les voyageurs en sac \u00e0 dos, les voyageurs du monde, etc. La moustiquaire contient un anneau qui s&rsquo;ouvre sur le ressort lorsque vous le sortez de l&#8217;emballage. Ce mod\u00e8le pyramidal est tr\u00e8s facile \u00e0 accrocher gr\u00e2ce \u00e0 la corde et aux crochets de fixation fournis. Lorsque vous souhaitez ranger \u00e0 nouveau la moustiquaire, l&rsquo;anneau peut \u00eatre facilement repli\u00e9 dans un petit paquet avec un simple mouvement. Cette moustiquaire impr\u00e9gn\u00e9e est extr\u00eamement adapt\u00e9e aux pays \u00e0 risque accru de paludisme, dengue, etc., mais est \u00e9galement tr\u00e8s r\u00e9sistante aux petits moucherons (Scandinavie).<\/p>\n<p><strong>Moustiquaires impr\u00e9gn\u00e9es certifi\u00e9es UE<\/strong>. Les moustiquaires impr\u00e9gn\u00e9es TravelSafe offrent une protection optimale contre les moustiques (malaria) et autres insectes piqueurs. Les moustiquaires sont fabriqu\u00e9es selon les directives de l&rsquo;OMS et certifi\u00e9es par les autorit\u00e9s de l&rsquo;UE, seul cela garantit la fonction et l&rsquo;efficacit\u00e9 de la moustiquaire.<\/p>\n<p>TravelSafe propose une gamme compl\u00e8te de moustiquaires. TravelSafe a la bonne moustiquaire pour chaque cat\u00e9gorie de voyageurs. Si vous partez sous les tropiques, choisissez toujours la moustiquaire impr\u00e9gn\u00e9e. Si vous s\u00e9journez en Europe, choisissez la moustiquaire Basic et si vous voyagez en Scandinavie ou en Ecosse, choisissez la moustiquaire nordique \u00e0 mailles extra fines. Tous les filets TravelSafe r\u00e9pondent aux exigences de qualit\u00e9 les plus \u00e9lev\u00e9es, sont ferm\u00e9s tout autour, ont un maillage fin et certains mod\u00e8les sont \u00e9galement \u00e9quip\u00e9s d&rsquo;une bande d&rsquo;enfilage extra robuste. Le syst\u00e8me de codage couleur unique vous permet de choisir facilement. Toutes les moustiquaires emball\u00e9es dans des housses bleues sont les moustiquaires de base pouvant \u00eatre utilis\u00e9es en Europe, les moustiquaires emball\u00e9es dans des housses vertes sont \u00e0 mailles extra fines et vous prot\u00e8gent contre les plus petits insectes tels que les moucherons, les petits taons, qui se produisent en Scandinavie \/ Ecosse. Les filets, emball\u00e9s dans des pochettes orange, sont sp\u00e9cialement con\u00e7us pour \u00eatre utilis\u00e9s sous les tropiques.<\/p>\n<p>Dimensions : \u00d8 1050 x 240 cm<br \/>\nPoids : 750 g<br \/>\nMati\u00e8re : Polyester \/ Mesh<br \/>\nPersonnes : 2<br \/>\nDensit\u00e9 :\u00a0225 trous \/ pouce\u00b2<br \/>\nTaille emball\u00e9e : 26 x 26 x 8 cm<\/p>\n","protected":false},"excerpt":{"rendered":"<p>Cette moustiquaire TravelSafe convient \u00e0 2 personnes et s&rsquo;adapte \u00e0 presque tous les lits doubles et m\u00eame les lits king-size et a&hellip;<\/p>\n","protected":false},"featured_media":45049,"template":"","meta":{"_acf_changed":false},"product_brand":[],"product_cat":[2464,2466,2373,2314],"product_tag":[],"class_list":{"0":"post-35509","1":"product","2":"type-product","3":"status-publish","4":"has-post-thumbnail","6":"product_cat-tropic-moustiquaire","7":"product_cat-deux-personne-tropic-moustiquaire","8":"product_cat-moustiquaire","9":"product_cat-tweepersoons-tropic","11":"first","12":"instock","13":"purchasable","14":"product-type-simple"},"acf":[],"_links":{"self":[{"href":"https:\/\/travelsafe.nl\/fr\/wp-json\/wp\/v2\/product\/35509","targetHints":{"allow":["GET"]}}],"collection":[{"href":"https:\/\/travelsafe.nl\/fr\/wp-json\/wp\/v2\/product"}],"about":[{"href":"https:\/\/travelsafe.nl\/fr\/wp-json\/wp\/v2\/types\/product"}],"wp:featuredmedia":[{"embeddable":true,"href":"https:\/\/travelsafe.nl\/fr\/wp-json\/wp\/v2\/media\/45049"}],"wp:attachment":[{"href":"https:\/\/travelsafe.nl\/fr\/wp-json\/wp\/v2\/media?parent=35509"}],"wp:term":[{"taxonomy":"product_brand","embeddable":true,"href":"https:\/\/travelsafe.nl\/fr\/wp-json\/wp\/v2\/product_brand?post=35509"},{"taxonomy":"product_cat","embeddable":true,"href":"https:\/\/travelsafe.nl\/fr\/wp-json\/wp\/v2\/product_cat?post=35509"},{"taxonomy":"product_tag","embeddable":true,"href":"https:\/\/travelsafe.nl\/fr\/wp-json\/wp\/v2\/product_tag?post=35509"}],"curies":[{"name":"wp","href":"https:\/\/api.w.org\/{rel}","templated":true}]}}