{"id":35510,"date":"2019-06-10T23:15:06","date_gmt":"2019-06-10T23:15:06","guid":{"rendered":"http:\/\/travelsafe.nl\/assortiment\/non%20class\u00e9\/mosquitonet-kit-de-montage\/"},"modified":"2023-04-07T14:01:06","modified_gmt":"2023-04-07T14:01:06","slug":"mosquitonet-kit-de-montage","status":"publish","type":"product","link":"https:\/\/travelsafe.nl\/fr\/assortiment\/moustiquaire\/accessoires-de-moustiquaire\/mosquitonet-kit-de-montage\/","title":{"rendered":"Moustiquaire Syst\u00e8me de Montage"},"content":{"rendered":"<p>Avec cet ensemble suspendu, une moustiquaire peut \u00eatre accroch\u00e9e presque partout. Les bandes adh\u00e9sives ont une adh\u00e9rence efficace sur presque toutes les surfaces et sont \u00e9tanche au mur. Facile \u00e0 retirer sans laisser de r\u00e9sidus d&rsquo;adh\u00e9sif.<\/p>\n<p>Dimensions :\u00a0 \u00a060 x 53 cm<br \/>\nPoids :\u00a0 \u00a0 \u00a0 \u00a0 \u00a0 \u00a0 \u00a010 g<br \/>\nContient \u00a0:\u00a0 \u00a0 \u00a0 \u00a02 bandes adh\u00e9sives<\/p>\n","protected":false},"excerpt":{"rendered":"<p>Avec cet ensemble suspendu, une moustiquaire peut \u00eatre accroch\u00e9e presque partout. Les bandes adh\u00e9sives ont une adh\u00e9rence efficace sur presque toutes les&hellip;<\/p>\n","protected":false},"featured_media":32417,"template":"","meta":{"_acf_changed":false},"product_brand":[],"product_cat":[2468,2373],"product_tag":[],"class_list":{"0":"post-35510","1":"product","2":"type-product","3":"status-publish","4":"has-post-thumbnail","6":"product_cat-accessoires-de-moustiquaire","7":"product_cat-moustiquaire","9":"first","10":"instock","11":"purchasable","12":"product-type-simple"},"acf":[],"_links":{"self":[{"href":"https:\/\/travelsafe.nl\/fr\/wp-json\/wp\/v2\/product\/35510","targetHints":{"allow":["GET"]}}],"collection":[{"href":"https:\/\/travelsafe.nl\/fr\/wp-json\/wp\/v2\/product"}],"about":[{"href":"https:\/\/travelsafe.nl\/fr\/wp-json\/wp\/v2\/types\/product"}],"wp:featuredmedia":[{"embeddable":true,"href":"https:\/\/travelsafe.nl\/fr\/wp-json\/wp\/v2\/media\/32417"}],"wp:attachment":[{"href":"https:\/\/travelsafe.nl\/fr\/wp-json\/wp\/v2\/media?parent=35510"}],"wp:term":[{"taxonomy":"product_brand","embeddable":true,"href":"https:\/\/travelsafe.nl\/fr\/wp-json\/wp\/v2\/product_brand?post=35510"},{"taxonomy":"product_cat","embeddable":true,"href":"https:\/\/travelsafe.nl\/fr\/wp-json\/wp\/v2\/product_cat?post=35510"},{"taxonomy":"product_tag","embeddable":true,"href":"https:\/\/travelsafe.nl\/fr\/wp-json\/wp\/v2\/product_tag?post=35510"}],"curies":[{"name":"wp","href":"https:\/\/api.w.org\/{rel}","templated":true}]}}