{"id":35512,"date":"2019-06-10T23:15:08","date_gmt":"2019-06-10T23:15:08","guid":{"rendered":"http:\/\/travelsafe.nl\/assortiment\/non%20class\u00e9\/mountig-set-moustiquaires\/"},"modified":"2023-04-07T14:01:06","modified_gmt":"2023-04-07T14:01:06","slug":"mountig-set-moustiquaires","status":"publish","type":"product","link":"https:\/\/travelsafe.nl\/fr\/assortiment\/moustiquaire\/accessoires-de-moustiquaire\/mountig-set-moustiquaires\/","title":{"rendered":"Moustiquaire  Ensemble de Montage"},"content":{"rendered":"<p>Avec cet ensemble de fixation, vous disposez d\u2019outils suppl\u00e9mentaires pour accrocher votre moustiquaire partout. De plus, le contenu de l\u2019ensemble peut \u00eatre utilis\u00e9 \u00e0 de nombreuses fins et est incontournable dans votre \u00e9quipement d\u2019ext\u00e9rieur. Les petits articles ac\u00e9r\u00e9s sont emball\u00e9s dans une bo\u00eete verrouillable, de sorte qu\u2019il ne puisse pas endommager vos bagages.<\/p>\n<p>Poids : 10 g<br \/>\nContient :<br \/>\n4 x tendeurs guyline (mod\u00e8le triangle)<br \/>\n4 x ventouse<br \/>\n4 x crochet \u00e0 vis<br \/>\n8 x grande punaise<br \/>\n8 x goupille de s\u00e9curit\u00e9<br \/>\n1 x 20m de corde<br \/>\n1 x sac de rangement<\/p>\n","protected":false},"excerpt":{"rendered":"<p>Avec cet ensemble de fixation, vous disposez d\u2019outils suppl\u00e9mentaires pour accrocher votre moustiquaire partout. De plus, le contenu de l\u2019ensemble peut \u00eatre&hellip;<\/p>\n","protected":false},"featured_media":32443,"template":"","meta":{"_acf_changed":false},"product_brand":[],"product_cat":[2468,2373],"product_tag":[],"class_list":{"0":"post-35512","1":"product","2":"type-product","3":"status-publish","4":"has-post-thumbnail","6":"product_cat-accessoires-de-moustiquaire","7":"product_cat-moustiquaire","9":"first","10":"outofstock","11":"purchasable","12":"product-type-simple"},"acf":[],"_links":{"self":[{"href":"https:\/\/travelsafe.nl\/fr\/wp-json\/wp\/v2\/product\/35512","targetHints":{"allow":["GET"]}}],"collection":[{"href":"https:\/\/travelsafe.nl\/fr\/wp-json\/wp\/v2\/product"}],"about":[{"href":"https:\/\/travelsafe.nl\/fr\/wp-json\/wp\/v2\/types\/product"}],"wp:featuredmedia":[{"embeddable":true,"href":"https:\/\/travelsafe.nl\/fr\/wp-json\/wp\/v2\/media\/32443"}],"wp:attachment":[{"href":"https:\/\/travelsafe.nl\/fr\/wp-json\/wp\/v2\/media?parent=35512"}],"wp:term":[{"taxonomy":"product_brand","embeddable":true,"href":"https:\/\/travelsafe.nl\/fr\/wp-json\/wp\/v2\/product_brand?post=35512"},{"taxonomy":"product_cat","embeddable":true,"href":"https:\/\/travelsafe.nl\/fr\/wp-json\/wp\/v2\/product_cat?post=35512"},{"taxonomy":"product_tag","embeddable":true,"href":"https:\/\/travelsafe.nl\/fr\/wp-json\/wp\/v2\/product_tag?post=35512"}],"curies":[{"name":"wp","href":"https:\/\/api.w.org\/{rel}","templated":true}]}}