{"id":35513,"date":"2019-06-10T23:15:08","date_gmt":"2019-06-10T23:15:08","guid":{"rendered":"http:\/\/travelsafe.nl\/assortiment\/non%20class\u00e9\/voyager-en-toute-scurit-tente-mosquitonet-pop-up\/"},"modified":"2023-05-11T09:49:19","modified_gmt":"2023-05-11T09:49:19","slug":"voyager-en-toute-scurit-tente-mosquitonet-pop-up","status":"publish","type":"product","link":"https:\/\/travelsafe.nl\/fr\/assortiment\/moustiquaire\/basic-fr\/eenpersoons-fr\/voyager-en-toute-scurit-tente-mosquitonet-pop-up\/","title":{"rendered":"Mousquetaire Tente \u2013 Pop Up \u2013 1-personne"},"content":{"rendered":"<p>Vous voyagez dans un endroit o\u00f9 vous ne pouvez pas trouver de points de suspension pour votre moustiquaire, ou vous restez \u00e0 l\u2019ext\u00e9rieur ? Dans ce cas, cette tente moustiquaire pop-up est id\u00e9ale pour vous. La tente moustiquaire se d\u00e9plie automatiquement lorsque vous la sortez de son emballage, se tient debout seule et a un couchage tr\u00e8s confortable. Gr\u00e2ce au syst\u00e8me pop-up novateur des deux c\u00f4t\u00e9s (\u00e9galement \u00e0 l\u2019extr\u00e9mit\u00e9 du pied), la \u00ab tente \u00bb a une hauteur agr\u00e9able et ne vous donne pas une sensation \u00ab \u00e9touff\u00e9 \u00bb lorsqu\u2019on s\u2019y couche. Pour encore plus de confort, vous pouvez \u00e9galement poser cette tente moustiquaire sur un lit (de champ).<\/p>\n<p>Dimensions :\u00a0 214 x 70 x 60 cm \u2013 \u00d8 45 cm<br \/>\nPli\u00e9e :\u00a0 \u00a0 \u00a0 \u00a0 \u00a0 \u00a0 \u00a050 x 8 x 50 cm<br \/>\nPoids :\u00a0 \u00a0 \u00a0 \u00a0 \u00a0 \u00a0 795 g<br \/>\nMati\u00e8re :\u00a0 \u00a0 \u00a0 \u00a0\u00a0 Polyester \/ Mesh<br \/>\nPersonnes :\u00a0 \u00a0\u00a0 1<br \/>\nDensit\u00e9 :\u00a0 \u00a0 \u00a0 \u00a0 \u00a01000 trous \/ pouce\u00b2<\/p>\n<p>&nbsp;<\/p>\n<p>Regarder la vid\u00e9o ci-dessous pour des instructions pour plier la tente :<\/p>\n<div class=\"video-container\"><iframe loading=\"lazy\" title=\"TS0132 instruction | Mosquitonet tent\" width=\"500\" height=\"281\" src=\"https:\/\/www.youtube.com\/embed\/f3w5f6nQ8q0?feature=oembed\" frameborder=\"0\" allow=\"accelerometer; autoplay; clipboard-write; encrypted-media; gyroscope; picture-in-picture; web-share\" referrerpolicy=\"strict-origin-when-cross-origin\" allowfullscreen><\/iframe><\/div>\n","protected":false},"excerpt":{"rendered":"<p>Vous voyagez dans un endroit o\u00f9 vous ne pouvez pas trouver de points de suspension pour votre moustiquaire, ou vous restez \u00e0&hellip;<\/p>\n","protected":false},"featured_media":36984,"template":"","meta":{"_acf_changed":false},"product_brand":[],"product_cat":[2458,2591,2592,2373,2460],"product_tag":[],"class_list":{"0":"post-35513","1":"product","2":"type-product","3":"status-publish","4":"has-post-thumbnail","6":"product_cat-basic-moustiquaire","7":"product_cat-basic-fr","8":"product_cat-eenpersoons-fr","9":"product_cat-moustiquaire","10":"product_cat-une-personne","12":"first","13":"instock","14":"purchasable","15":"product-type-simple"},"acf":[],"_links":{"self":[{"href":"https:\/\/travelsafe.nl\/fr\/wp-json\/wp\/v2\/product\/35513","targetHints":{"allow":["GET"]}}],"collection":[{"href":"https:\/\/travelsafe.nl\/fr\/wp-json\/wp\/v2\/product"}],"about":[{"href":"https:\/\/travelsafe.nl\/fr\/wp-json\/wp\/v2\/types\/product"}],"wp:featuredmedia":[{"embeddable":true,"href":"https:\/\/travelsafe.nl\/fr\/wp-json\/wp\/v2\/media\/36984"}],"wp:attachment":[{"href":"https:\/\/travelsafe.nl\/fr\/wp-json\/wp\/v2\/media?parent=35513"}],"wp:term":[{"taxonomy":"product_brand","embeddable":true,"href":"https:\/\/travelsafe.nl\/fr\/wp-json\/wp\/v2\/product_brand?post=35513"},{"taxonomy":"product_cat","embeddable":true,"href":"https:\/\/travelsafe.nl\/fr\/wp-json\/wp\/v2\/product_cat?post=35513"},{"taxonomy":"product_tag","embeddable":true,"href":"https:\/\/travelsafe.nl\/fr\/wp-json\/wp\/v2\/product_tag?post=35513"}],"curies":[{"name":"wp","href":"https:\/\/api.w.org\/{rel}","templated":true}]}}