{"id":35515,"date":"2019-06-10T23:15:09","date_gmt":"2019-06-10T23:15:09","guid":{"rendered":"http:\/\/travelsafe.nl\/assortiment\/non%20class\u00e9\/drap-bug-2-personnes\/"},"modified":"2023-09-05T09:09:05","modified_gmt":"2023-09-05T09:09:05","slug":"drap-bug-2-personnes","status":"publish","type":"product","link":"https:\/\/travelsafe.nl\/fr\/assortiment\/anti-moustique\/autre-insectifuge\/deux-personne-autre-insectifuge\/drap-bug-2-personnes\/","title":{"rendered":"Bug Sheet &#8211; Drap Anti-Punaises &#8211; 2-personnes"},"content":{"rendered":"<p>Le drap anti-punaises de TravelSafe (220x160cm) avec deux taies d\u2019oreiller, est id\u00e9al lorsque vous s\u00e9journez dans un appartement, un h\u00f4tel ou une auberge. Vous devez toujours utiliser ce drap de dessous sous votre sac de couchage ou drap et \u00e9viter tout contact direct avec votre peau. Le drap offre une protection contre les acariens\/punaises de lit et autres insectes piqueurs ou mordeurs. Le drap peut \u00eatre utilis\u00e9 \u00e0 plusieurs fins, comme drap sous votre couverture de pique-nique, en tant que moustiquaire de fen\u00eatre ou pour r\u00e9parer une moustiquaire avec d\u00e9fauts. Le drap anti-punaises est livr\u00e9 avec une taie d\u2019oreiller, taille 75 cm*50 cmd<\/p>\n<p>Attention : \u00e9vitez tout contact direct avec la peau lors de l&rsquo;utilisation. Le produit ne doit pas \u00eatre lav\u00e9 afin de garantir une efficacit\u00e9 optimale du produit et de prot\u00e9ger l&rsquo;environnement. Astuce : n&rsquo;a\u00e9rez jamais le Bugsheet au soleil et rangez-le dans un endroit frais et sombre, emball\u00e9 dans son emballage d&rsquo;origine.<\/p>\n<p>TravelSafe propose une gamme compl\u00e8te de moustiquaires. Pour chaque cat\u00e9gorie de voyageur, TravelSafe dispose d\u2019une moustiquaire adapt\u00e9e. Si vous voyagez dans les tropiques, choisissez toujours la moustiquaire tropicale. Si vous restez en Europe, optez pour la moustiquaire classique, et si vous allez en Scandinavie\/\u00c9cosse, prenez une moustiquaire avec une maille extrafine. Toutes les moustiquaires de TravelSafe r\u00e9pond aux exigences de qualit\u00e9 les plus strictes, sont ferm\u00e9es tout autour, pr\u00e9sentent une maille fine et certains mod\u00e8les sont \u00e9galement pourvus d\u2019un rabat tr\u00e8s robuste. Le syst\u00e8me exclusif de codes de couleur rend le choix simple pour vous. Toutes les moustiquaires emball\u00e9es dans des housses bleues sont des mod\u00e8les de base \u00e0 utiliser en Europe. Les moustiquaires dans les housses vertes sont \u00e0 mailles extrafines et vous prot\u00e8gent contre les insectes les plus petites, comme les moustiques des Highlands (moucherons) qu\u2019on rencontre en \u00c9cosse et en Scandinavie. Les moustiquaires emball\u00e9es dans les housses orange sont con\u00e7ues sp\u00e9cialement pour les tropiques.<\/p>\n<p>Dimensions :\u00a0 220 x 160 cm<br \/>\nPoids :\u00a0 \u00a0 \u00a0 \u00a0 \u00a0 \u00a0 296 g<br \/>\nMati\u00e8re :\u00a0 \u00a0 \u00a0 \u00a0 \u00a0Polyester \/ Mesh<br \/>\nPersonnes :\u00a0 \u00a0 \u00a02<br \/>\nDensit\u00e9 :\u00a0 \u00a0 \u00a0 \u00a0 \u00a0225 trous \/ pouce\u00b2<br \/>\nY compris :\u00a0\u00a0\u00a0\u00a0\u00a0 2 tailles d\u2019oreiller<\/p>\n","protected":false},"excerpt":{"rendered":"<p>Le drap anti-punaises de TravelSafe (220x160cm) avec deux taies d\u2019oreiller, est id\u00e9al lorsque vous s\u00e9journez dans un appartement, un h\u00f4tel ou une&hellip;<\/p>\n","protected":false},"featured_media":32492,"template":"","meta":{"_acf_changed":false},"product_brand":[],"product_cat":[2372,2463,2470,2311],"product_tag":[],"class_list":{"0":"post-35515","1":"product","2":"type-product","3":"status-publish","4":"has-post-thumbnail","6":"product_cat-anti-moustique","7":"product_cat-autre-insectifuge","8":"product_cat-deux-personne-autre-insectifuge","9":"product_cat-overig-insectwerend","11":"first","12":"instock","13":"purchasable","14":"product-type-simple"},"acf":[],"_links":{"self":[{"href":"https:\/\/travelsafe.nl\/fr\/wp-json\/wp\/v2\/product\/35515","targetHints":{"allow":["GET"]}}],"collection":[{"href":"https:\/\/travelsafe.nl\/fr\/wp-json\/wp\/v2\/product"}],"about":[{"href":"https:\/\/travelsafe.nl\/fr\/wp-json\/wp\/v2\/types\/product"}],"wp:featuredmedia":[{"embeddable":true,"href":"https:\/\/travelsafe.nl\/fr\/wp-json\/wp\/v2\/media\/32492"}],"wp:attachment":[{"href":"https:\/\/travelsafe.nl\/fr\/wp-json\/wp\/v2\/media?parent=35515"}],"wp:term":[{"taxonomy":"product_brand","embeddable":true,"href":"https:\/\/travelsafe.nl\/fr\/wp-json\/wp\/v2\/product_brand?post=35515"},{"taxonomy":"product_cat","embeddable":true,"href":"https:\/\/travelsafe.nl\/fr\/wp-json\/wp\/v2\/product_cat?post=35515"},{"taxonomy":"product_tag","embeddable":true,"href":"https:\/\/travelsafe.nl\/fr\/wp-json\/wp\/v2\/product_tag?post=35515"}],"curies":[{"name":"wp","href":"https:\/\/api.w.org\/{rel}","templated":true}]}}