{"id":35516,"date":"2019-06-10T23:15:09","date_gmt":"2019-06-10T23:15:09","guid":{"rendered":"http:\/\/travelsafe.nl\/assortiment\/non%20class\u00e9\/basic-sac-strile-trousse-de-premiers-soins\/"},"modified":"2023-04-07T14:01:06","modified_gmt":"2023-04-07T14:01:06","slug":"basic-sac-strile-trousse-de-premiers-soins","status":"publish","type":"product","link":"https:\/\/travelsafe.nl\/fr\/assortiment\/trousse-de-secours\/kit-strile\/basic-sac-strile-trousse-de-premiers-soins\/","title":{"rendered":"Basic Sac st&#xE9;rile &#8211; Trousse de premiers soins"},"content":{"rendered":"<p>Un \u00e9guipement compact comportant un outillage m\u00e9dical st\u00e9rile ; des aiguilles, des seringues. Toutes les trousses comportant des outils st\u00e9riles contiennent une d\u00e9claration m\u00e9dicale pour le passage de la douane.<\/p>\n","protected":false},"excerpt":{"rendered":"<p>Un \u00e9guipement compact comportant un outillage m\u00e9dical st\u00e9rile ; des aiguilles, des seringues. Toutes les trousses comportant des outils st\u00e9riles contiennent une&hellip;<\/p>\n","protected":false},"featured_media":32513,"template":"","meta":{"_acf_changed":false},"product_brand":[],"product_cat":[2371,2471],"product_tag":[],"class_list":{"0":"post-35516","1":"product","2":"type-product","3":"status-publish","4":"has-post-thumbnail","6":"product_cat-trousse-de-secours","7":"product_cat-kit-strile","9":"first","10":"instock","11":"purchasable","12":"product-type-simple"},"acf":[],"_links":{"self":[{"href":"https:\/\/travelsafe.nl\/fr\/wp-json\/wp\/v2\/product\/35516","targetHints":{"allow":["GET"]}}],"collection":[{"href":"https:\/\/travelsafe.nl\/fr\/wp-json\/wp\/v2\/product"}],"about":[{"href":"https:\/\/travelsafe.nl\/fr\/wp-json\/wp\/v2\/types\/product"}],"wp:featuredmedia":[{"embeddable":true,"href":"https:\/\/travelsafe.nl\/fr\/wp-json\/wp\/v2\/media\/32513"}],"wp:attachment":[{"href":"https:\/\/travelsafe.nl\/fr\/wp-json\/wp\/v2\/media?parent=35516"}],"wp:term":[{"taxonomy":"product_brand","embeddable":true,"href":"https:\/\/travelsafe.nl\/fr\/wp-json\/wp\/v2\/product_brand?post=35516"},{"taxonomy":"product_cat","embeddable":true,"href":"https:\/\/travelsafe.nl\/fr\/wp-json\/wp\/v2\/product_cat?post=35516"},{"taxonomy":"product_tag","embeddable":true,"href":"https:\/\/travelsafe.nl\/fr\/wp-json\/wp\/v2\/product_tag?post=35516"}],"curies":[{"name":"wp","href":"https:\/\/api.w.org\/{rel}","templated":true}]}}