{"id":35518,"date":"2019-06-10T23:15:11","date_gmt":"2019-06-10T23:15:11","guid":{"rendered":"http:\/\/travelsafe.nl\/assortiment\/non%20class\u00e9\/40-de-deet-xl-spray-200-ml\/"},"modified":"2026-02-19T10:12:02","modified_gmt":"2026-02-19T10:12:02","slug":"deet-40-xl-spray-200-ml","status":"publish","type":"product","link":"https:\/\/travelsafe.nl\/fr\/assortiment\/anti-moustique\/insectifuges\/traveldeet-insectifuges\/deet-40-xl-spray-200-ml\/","title":{"rendered":"TravelDEET 40% XL &#8211; Spray 200ml"},"content":{"rendered":"<p>TravelDeet a une action r\u00e9pulsive envers les moustiques, les tiques et de nombreuses autres mouches ou insecte. Le principe actif de TravelDeet est le Diethyl-m-toluamide (DEET) qui vous assurez une protection efficace de longue dur\u00e9e de 6-10 heures. Disponible en vaporisateur (40%\/50%).<\/p>\n<p>TravelDEET 40% est d\u00e9sormais disponible en flacon XL de 200 ml (TS0207). Ce r\u00e9cipient est id\u00e9al pour \u00eatre utilis\u00e9 par toute la famille et\/ou pour des vacances prolong\u00e9es.<\/p>\n<p>Il existe diff\u00e9rentes maladies qui sont transmises par les moustiques. Vous pouvez vous prot\u00e9ger contre celles-ci en utilisant des produits anti-moustique, des v\u00eatements de protection ou en utilisant une moustiquaire pendant votre sieste ou votre repos de nuit.<\/p>\n<p>Contenu\u00a0:\u00a0\u00a0 \u00a0200 ml<br \/>\nIngr\u00e9dient : 40% Diethyl-m-toluamide (DEET)<\/p>\n","protected":false},"excerpt":{"rendered":"<p>TravelDeet a une action r\u00e9pulsive envers les moustiques, les tiques et de nombreuses autres mouches ou insecte. Le principe actif de TravelDeet&hellip;<\/p>\n","protected":false},"featured_media":36323,"template":"","meta":{"_acf_changed":false},"product_brand":[],"product_cat":[2372,2472,2473],"product_tag":[],"class_list":{"0":"post-35518","1":"product","2":"type-product","3":"status-publish","4":"has-post-thumbnail","6":"product_cat-anti-moustique","7":"product_cat-insectifuges","8":"product_cat-traveldeet-insectifuges","10":"first","11":"instock","12":"purchasable","13":"product-type-simple"},"acf":[],"_links":{"self":[{"href":"https:\/\/travelsafe.nl\/fr\/wp-json\/wp\/v2\/product\/35518","targetHints":{"allow":["GET"]}}],"collection":[{"href":"https:\/\/travelsafe.nl\/fr\/wp-json\/wp\/v2\/product"}],"about":[{"href":"https:\/\/travelsafe.nl\/fr\/wp-json\/wp\/v2\/types\/product"}],"wp:featuredmedia":[{"embeddable":true,"href":"https:\/\/travelsafe.nl\/fr\/wp-json\/wp\/v2\/media\/36323"}],"wp:attachment":[{"href":"https:\/\/travelsafe.nl\/fr\/wp-json\/wp\/v2\/media?parent=35518"}],"wp:term":[{"taxonomy":"product_brand","embeddable":true,"href":"https:\/\/travelsafe.nl\/fr\/wp-json\/wp\/v2\/product_brand?post=35518"},{"taxonomy":"product_cat","embeddable":true,"href":"https:\/\/travelsafe.nl\/fr\/wp-json\/wp\/v2\/product_cat?post=35518"},{"taxonomy":"product_tag","embeddable":true,"href":"https:\/\/travelsafe.nl\/fr\/wp-json\/wp\/v2\/product_tag?post=35518"}],"curies":[{"name":"wp","href":"https:\/\/api.w.org\/{rel}","templated":true}]}}