{"id":35520,"date":"2019-06-10T23:15:14","date_gmt":"2019-06-10T23:15:14","guid":{"rendered":"http:\/\/travelsafe.nl\/assortiment\/non%20class\u00e9\/traveldeet-50-60-ml-lotion\/"},"modified":"2026-02-19T10:14:56","modified_gmt":"2026-02-19T10:14:56","slug":"traveldeet-50-60-ml-lotion","status":"publish","type":"product","link":"https:\/\/travelsafe.nl\/fr\/assortiment\/anti-moustique\/insectifuges\/traveldeet-insectifuges\/traveldeet-50-60-ml-lotion\/","title":{"rendered":"TravelDEET 50% &#8211; Spray 60ml"},"content":{"rendered":"<p>TravelDeet a une action r\u00e9pulsive envers les moustiques, les tiques et de nombreuses autres mouches ou insecte. Le principe actif de TravelDeet est le Diethyl-m-toluamide (DEET) qui vous assurez une protection efficace de longue dur\u00e9e de 6-10 heures. Disponible avec vaporisateur (40%\/50%).<\/p>\n<p>Il existe diff\u00e9rentes maladies qui sont transmises par les moustiques. Vous pouvez vous prot\u00e9ger contre celles-ci en utilisant des produits anti-moustique, des v\u00eatements de protection ou en utilisant une moustiquaire pendant votre sieste ou votre repos de nuit.<\/p>\n<p>Contenu\u00a0:\u00a0\u00a0 \u00a060 ml<br \/>\nIngr\u00e9dient : 50% Diethyl-m-toluamide (DEET)<\/p>\n","protected":false},"excerpt":{"rendered":"<p>TravelDeet a une action r\u00e9pulsive envers les moustiques, les tiques et de nombreuses autres mouches ou insecte. Le principe actif de TravelDeet&hellip;<\/p>\n","protected":false},"featured_media":32557,"template":"","meta":{"_acf_changed":false},"product_brand":[],"product_cat":[2372,2472,2473],"product_tag":[],"class_list":{"0":"post-35520","1":"product","2":"type-product","3":"status-publish","4":"has-post-thumbnail","6":"product_cat-anti-moustique","7":"product_cat-insectifuges","8":"product_cat-traveldeet-insectifuges","10":"first","11":"instock","12":"purchasable","13":"product-type-simple"},"acf":[],"_links":{"self":[{"href":"https:\/\/travelsafe.nl\/fr\/wp-json\/wp\/v2\/product\/35520","targetHints":{"allow":["GET"]}}],"collection":[{"href":"https:\/\/travelsafe.nl\/fr\/wp-json\/wp\/v2\/product"}],"about":[{"href":"https:\/\/travelsafe.nl\/fr\/wp-json\/wp\/v2\/types\/product"}],"wp:featuredmedia":[{"embeddable":true,"href":"https:\/\/travelsafe.nl\/fr\/wp-json\/wp\/v2\/media\/32557"}],"wp:attachment":[{"href":"https:\/\/travelsafe.nl\/fr\/wp-json\/wp\/v2\/media?parent=35520"}],"wp:term":[{"taxonomy":"product_brand","embeddable":true,"href":"https:\/\/travelsafe.nl\/fr\/wp-json\/wp\/v2\/product_brand?post=35520"},{"taxonomy":"product_cat","embeddable":true,"href":"https:\/\/travelsafe.nl\/fr\/wp-json\/wp\/v2\/product_cat?post=35520"},{"taxonomy":"product_tag","embeddable":true,"href":"https:\/\/travelsafe.nl\/fr\/wp-json\/wp\/v2\/product_tag?post=35520"}],"curies":[{"name":"wp","href":"https:\/\/api.w.org\/{rel}","templated":true}]}}