{"id":35525,"date":"2019-06-10T23:15:16","date_gmt":"2019-06-10T23:15:16","guid":{"rendered":"http:\/\/travelsafe.nl\/assortiment\/non%20class\u00e9\/net-mosquito-cube-preuve-tropical-1-2-personnes\/"},"modified":"2023-12-21T12:18:24","modified_gmt":"2023-12-21T12:18:24","slug":"net-mosquito-cube-preuve-tropical-1-2-personnes","status":"publish","type":"product","link":"https:\/\/travelsafe.nl\/fr\/assortiment\/moustiquaire\/tropic-moustiquaire\/deux-personne-tropic-moustiquaire\/net-mosquito-cube-preuve-tropical-1-2-personnes\/","title":{"rendered":"Moustiquaire Cube &#8211; Impr\u00e9gn\u00e9- 2-personnes"},"content":{"rendered":"<p>Cette nouvelle moustiquaire \u00e0 2 arceaux de fibre de verre en top pour que pouvez l\u2019utiliser comme un mod\u00e8le pyramide, mais avec tous les avantages d\u2019un model\u00e9 de box avec des parois droites. L\u2019arceau peut \u00eatre plac\u00e9 \u00e0 travers les boucles sp\u00e9ciales dans le haut\u00a0 et avec le crochet en top vous pouvez le monter comme un filet style pyramide. Un box model\u00e9 vous offre beaucoup plus d\u2019espace interne et il vous aide \u00e0 \u00e9viter de vous allonger contre le filet la nuit. L\u2019arceau et le filet peuvent \u00eatre repli\u00e9s ensemble dans un petit paquet qui convient parfaitement dans chaque valise ou sac \u00e0 dos. Le Cube peut \u00eatre utilis\u00e9 sous les tropiques.<\/p>\n<p>TravelSafe propose une gamme compl\u00e8te de moustiquaires. Pour chaque cat\u00e9gorie de voyageur, TravelSafe dispose d\u2019une moustiquaire adapt\u00e9e. Si vous voyagez dans les tropiques, choisissez toujours la moustiquaire tropicale. Si vous restez en Europe, optez pour la moustiquaire classique, et si vous allez en Scandinavie\/\u00c9cosse, prenez une moustiquaire avec une maille extrafine. Toutes les moustiquaires de TravelSafe r\u00e9pond aux exigences de qualit\u00e9 les plus strictes, sont ferm\u00e9es tout autour, pr\u00e9sentent une maille fine et certains mod\u00e8les sont \u00e9galement pourvus d\u2019un rabat tr\u00e8s robuste. Le syst\u00e8me exclusif de codes de couleur rend le choix simple pour vous. Toutes les moustiquaires emball\u00e9es dans des housses bleues sont des mod\u00e8les de base \u00e0 utiliser en Europe. Les moustiquaires dans les housses vertes sont \u00e0 mailles extrafines et vous prot\u00e8gent contre les insectes les plus petites, comme les moustiques des Highlands (moucherons) qu\u2019on rencontre en \u00c9cosse et en Scandinavie. Les moustiquaires emball\u00e9es dans les housses orange sont con\u00e7ues sp\u00e9cialement pour les tropiques.<\/p>\n<p>&nbsp;<\/p>\n<p>Dimensions : Bas 250&#215;250, haut 150x120cm, haut 250cm<br \/>\nPoids :\u00a0 \u00a0 \u00a0 \u00a0 \u00a0 \u00a0 \u00a0828 g<br \/>\nMati\u00e8re :\u00a0 \u00a0 \u00a0 \u00a0\u00a0 Polyester \/ Arceau en fibre de verre<br \/>\nPersonnes :\u00a0 \u00a0 \u00a02<br \/>\nDensit\u00e9 :\u00a0 \u00a0 \u00a0 \u00a0 \u00a0225 trous \/ pouce\u00b2<\/p>\n","protected":false},"excerpt":{"rendered":"<p>Cette nouvelle moustiquaire \u00e0 2 arceaux de fibre de verre en top pour que pouvez l\u2019utiliser comme un mod\u00e8le pyramide, mais avec&hellip;<\/p>\n","protected":false},"featured_media":32619,"template":"","meta":{"_acf_changed":false},"product_brand":[],"product_cat":[2464,2466,2373],"product_tag":[],"class_list":{"0":"post-35525","1":"product","2":"type-product","3":"status-publish","4":"has-post-thumbnail","6":"product_cat-tropic-moustiquaire","7":"product_cat-deux-personne-tropic-moustiquaire","8":"product_cat-moustiquaire","10":"first","11":"instock","12":"product-type-simple"},"acf":[],"_links":{"self":[{"href":"https:\/\/travelsafe.nl\/fr\/wp-json\/wp\/v2\/product\/35525","targetHints":{"allow":["GET"]}}],"collection":[{"href":"https:\/\/travelsafe.nl\/fr\/wp-json\/wp\/v2\/product"}],"about":[{"href":"https:\/\/travelsafe.nl\/fr\/wp-json\/wp\/v2\/types\/product"}],"wp:featuredmedia":[{"embeddable":true,"href":"https:\/\/travelsafe.nl\/fr\/wp-json\/wp\/v2\/media\/32619"}],"wp:attachment":[{"href":"https:\/\/travelsafe.nl\/fr\/wp-json\/wp\/v2\/media?parent=35525"}],"wp:term":[{"taxonomy":"product_brand","embeddable":true,"href":"https:\/\/travelsafe.nl\/fr\/wp-json\/wp\/v2\/product_brand?post=35525"},{"taxonomy":"product_cat","embeddable":true,"href":"https:\/\/travelsafe.nl\/fr\/wp-json\/wp\/v2\/product_cat?post=35525"},{"taxonomy":"product_tag","embeddable":true,"href":"https:\/\/travelsafe.nl\/fr\/wp-json\/wp\/v2\/product_tag?post=35525"}],"curies":[{"name":"wp","href":"https:\/\/api.w.org\/{rel}","templated":true}]}}