{"id":35526,"date":"2019-06-10T23:15:18","date_gmt":"2019-06-10T23:15:18","guid":{"rendered":"http:\/\/travelsafe.nl\/assortiment\/non%20class\u00e9\/anti-insect-spray-60ml\/"},"modified":"2023-05-11T10:00:20","modified_gmt":"2023-05-11T10:00:20","slug":"anti-insect-spray-60ml","status":"publish","type":"product","link":"https:\/\/travelsafe.nl\/fr\/assortiment\/anti-moustique\/insectifuges\/travelsafe-anti-insectes-citrodiol\/anti-insect-spray-60ml\/","title":{"rendered":"Anti-insect spray &#8211; 60ml"},"content":{"rendered":"<p>Un anti-moustique responsable comme alternative au DEET. Le Spray de TravelSafe est bas\u00e9 sur Citriodiol\u00ae et offre une protection contre les moustiques, les tiques et les n\u0153uds jusqu\u2019\u00e0 6 heures. Le vaporisateur est \u00e9galement adapt\u00e9 pour une utilisation pendant la grossesse et l\u2019allaitement maternel et pour les enfants \u00e0 partir de 3 mois. Cette bouteille de 60 ml est suffisante pour une personne pendant 2 semaines d\u2019utilisation quotidienne.<\/p>\n<p>Il existe diff\u00e9rentes maladies qui sont transmises par les moustiques. Vous pouvez vous prot\u00e9ger contre celles-ci en utilisant des produits anti-moustique, des v\u00eatements de protection ou en utilisant une moustiquaire pendant votre sieste ou votre repos de nuit.<\/p>\n<p>Contenu\u00a0:\u00a0\u00a0 \u00a060 ml<br \/>\nIngr\u00e9dient : Citriodiol\u00ae<\/p>\n","protected":false},"excerpt":{"rendered":"<p>Un anti-moustique responsable comme alternative au DEET. Le Spray de TravelSafe est bas\u00e9 sur Citriodiol\u00ae et offre une protection contre les moustiques,&hellip;<\/p>\n","protected":false},"featured_media":32631,"template":"","meta":{"_acf_changed":false},"product_brand":[],"product_cat":[2372,2472,2320,2478],"product_tag":[],"class_list":{"0":"post-35526","1":"product","2":"type-product","3":"status-publish","4":"has-post-thumbnail","6":"product_cat-anti-moustique","7":"product_cat-insectifuges","8":"product_cat-insectwerende-middelen","9":"product_cat-travelsafe-anti-insectes-citrodiol","11":"first","12":"instock","13":"purchasable","14":"product-type-simple"},"acf":[],"_links":{"self":[{"href":"https:\/\/travelsafe.nl\/fr\/wp-json\/wp\/v2\/product\/35526","targetHints":{"allow":["GET"]}}],"collection":[{"href":"https:\/\/travelsafe.nl\/fr\/wp-json\/wp\/v2\/product"}],"about":[{"href":"https:\/\/travelsafe.nl\/fr\/wp-json\/wp\/v2\/types\/product"}],"wp:featuredmedia":[{"embeddable":true,"href":"https:\/\/travelsafe.nl\/fr\/wp-json\/wp\/v2\/media\/32631"}],"wp:attachment":[{"href":"https:\/\/travelsafe.nl\/fr\/wp-json\/wp\/v2\/media?parent=35526"}],"wp:term":[{"taxonomy":"product_brand","embeddable":true,"href":"https:\/\/travelsafe.nl\/fr\/wp-json\/wp\/v2\/product_brand?post=35526"},{"taxonomy":"product_cat","embeddable":true,"href":"https:\/\/travelsafe.nl\/fr\/wp-json\/wp\/v2\/product_cat?post=35526"},{"taxonomy":"product_tag","embeddable":true,"href":"https:\/\/travelsafe.nl\/fr\/wp-json\/wp\/v2\/product_tag?post=35526"}],"curies":[{"name":"wp","href":"https:\/\/api.w.org\/{rel}","templated":true}]}}