{"id":35529,"date":"2019-06-10T23:15:19","date_gmt":"2019-06-10T23:15:19","guid":{"rendered":"http:\/\/travelsafe.nl\/assortiment\/non%20class\u00e9\/sunprotect-50-200ml\/"},"modified":"2023-04-07T14:01:08","modified_gmt":"2023-04-07T14:01:08","slug":"sunprotect-50-200ml","status":"publish","type":"product","link":"https:\/\/travelsafe.nl\/fr\/assortiment\/protection-solaire\/crme-solaire\/sunprotect-50-200ml\/","title":{"rendered":"Protection solaire &#8211; Sunprotect &#8211; Facteur 50 + APR\u00c8S-SOLEIL GRATUIT"},"content":{"rendered":"<p>Avec l&rsquo;achat du Sunprotect SPF 50, vous recevez l&rsquo;apr\u00e8s-soleil gratuitement !<\/p>\n<p>TravelSafe Sunprotect est constitu\u00e9 d\u2019une nouvelle\u00a0composition pour prot\u00e9ger la peau contre les effets nocifs du soleil.\u00a0Les ingr\u00e9dients soigneusement s\u00e9lectionn\u00e9s constituent\u00a0un m\u00e9lange unique qui a fait l\u2019objet d\u2019essais\u00a0approfondis et conforme \u00e0 la nouvelle directive\u00a0europ\u00e9enne 2017 \/ 232-238. La composition offre une protection optimale contre les rayons solaires\u00a0dangereux UVA \/ UVB.<\/p>\n<p>Sunprotect est disponible avec le facteur 30 mais\u00a0aussi avec le facteur 50. La cr\u00e8me est imperm\u00e9able \u00e0 l\u2019eau et\u00a0extr\u00eamement adapt\u00e9 \u00e0 toutes les activit\u00e9s de plein\u00a0air telles que l\u2019alpinisme, le v\u00e9lo, la randonn\u00e9e ou\u00a0la natation.<\/p>\n<p>Contenu :\u00a0 \u00a0 \u00a0 \u00a0 \u00a0 200 ml<br \/>\nSPF :\u00a0 \u00a0 \u00a0 \u00a0 \u00a0 \u00a0 \u00a0 \u00a0 \u00a0 50 (pour une utilisation extr\u00eame avec une protection maximale)<br \/>\nType de peau :\u00a0 1-2<\/p>\n","protected":false},"excerpt":{"rendered":"<p>Avec l&rsquo;achat du Sunprotect SPF 50, vous recevez l&rsquo;apr\u00e8s-soleil gratuitement ! TravelSafe Sunprotect est constitu\u00e9 d\u2019une nouvelle\u00a0composition pour prot\u00e9ger la peau contre&hellip;<\/p>\n","protected":false},"featured_media":32666,"template":"","meta":{"_acf_changed":false},"product_brand":[],"product_cat":[2375,2479],"product_tag":[],"class_list":{"0":"post-35529","1":"product","2":"type-product","3":"status-publish","4":"has-post-thumbnail","6":"product_cat-protection-solaire","7":"product_cat-crme-solaire","9":"first","10":"instock","11":"purchasable","12":"product-type-simple"},"acf":[],"_links":{"self":[{"href":"https:\/\/travelsafe.nl\/fr\/wp-json\/wp\/v2\/product\/35529","targetHints":{"allow":["GET"]}}],"collection":[{"href":"https:\/\/travelsafe.nl\/fr\/wp-json\/wp\/v2\/product"}],"about":[{"href":"https:\/\/travelsafe.nl\/fr\/wp-json\/wp\/v2\/types\/product"}],"wp:featuredmedia":[{"embeddable":true,"href":"https:\/\/travelsafe.nl\/fr\/wp-json\/wp\/v2\/media\/32666"}],"wp:attachment":[{"href":"https:\/\/travelsafe.nl\/fr\/wp-json\/wp\/v2\/media?parent=35529"}],"wp:term":[{"taxonomy":"product_brand","embeddable":true,"href":"https:\/\/travelsafe.nl\/fr\/wp-json\/wp\/v2\/product_brand?post=35529"},{"taxonomy":"product_cat","embeddable":true,"href":"https:\/\/travelsafe.nl\/fr\/wp-json\/wp\/v2\/product_cat?post=35529"},{"taxonomy":"product_tag","embeddable":true,"href":"https:\/\/travelsafe.nl\/fr\/wp-json\/wp\/v2\/product_tag?post=35529"}],"curies":[{"name":"wp","href":"https:\/\/api.w.org\/{rel}","templated":true}]}}