{"id":35530,"date":"2019-06-10T23:15:19","date_gmt":"2019-06-10T23:15:19","guid":{"rendered":"http:\/\/travelsafe.nl\/assortiment\/non%20class\u00e9\/trousse-de-secours-strile-et-dentaire\/"},"modified":"2023-04-07T14:01:08","modified_gmt":"2023-04-07T14:01:08","slug":"trousse-de-secours-strile-et-dentaire","status":"publish","type":"product","link":"https:\/\/travelsafe.nl\/fr\/assortiment\/trousse-de-secours\/kit-strile\/trousse-de-secours-strile-et-dentaire\/","title":{"rendered":"M\u00e9dical &#038; Dentaire &#8211; Trousse de Premiers Secours"},"content":{"rendered":"<p>Cette trousse contient, outre un large assortiment d\u2019outils st\u00e9riles \u00e9galement ce qu&rsquo;il faut pour appliquer un plombage provisoire. Les diff\u00e9rences de pression ou d\u2019altitude (en plong\u00e9e ou en montagne) sont souvent la cause de d\u00e9crochement de plombages anciens.<\/p>\n<p>Si pour un motif quelconque vous ne pouvez pas imm\u00e9diatement disposer d\u2019assistance m\u00e9dicale ad\u00e9quate, ceci peut entra\u00eener des situations d\u00e9licates et dangereuses. Si vous n\u2019avez pas la trousse TravelSafe, vos bagages ne seront pas complets. Pour chaque destination ou chaque activit\u00e9, il existe une trousse de secours compacte et facile d\u2019emploi, compl\u00e9t\u00e9e si n\u00e9cessaire d\u2019explications m\u00e9dicales. La trousse St\u00e9rile (orange\/jaune fluo) est absolument conseill\u00e9e si vous visitez des pays avec un risque d\u2019H\u00e9patite B\/VIH, comme l\u2019Afrique, l\u2019Am\u00e9rique du Sud et l\u2019Asie, en un mot les (sub)tropiques.<\/p>\n<p>Dimensions :\u00a0 \u00a09 x 15 x 6 cm<br \/>\nPoids :\u00a0 \u00a0 \u00a0 \u00a0 \u00a0 \u00a0 \u00a0155 g<br \/>\nMati\u00e8re :\u00a0 \u00a0 \u00a0 \u00a0 \u00a0Polyester<br \/>\nArticles :\u00a0 \u00a0 \u00a0 \u00a0 \u00a0 39<\/p>\n","protected":false},"excerpt":{"rendered":"<p>Cette trousse contient, outre un large assortiment d\u2019outils st\u00e9riles \u00e9galement ce qu&rsquo;il faut pour appliquer un plombage provisoire. Les diff\u00e9rences de pression&hellip;<\/p>\n","protected":false},"featured_media":36712,"template":"","meta":{"_acf_changed":false},"product_brand":[],"product_cat":[2371,2471],"product_tag":[],"class_list":{"0":"post-35530","1":"product","2":"type-product","3":"status-publish","4":"has-post-thumbnail","6":"product_cat-trousse-de-secours","7":"product_cat-kit-strile","9":"first","10":"onbackorder","11":"purchasable","12":"product-type-simple"},"acf":[],"_links":{"self":[{"href":"https:\/\/travelsafe.nl\/fr\/wp-json\/wp\/v2\/product\/35530","targetHints":{"allow":["GET"]}}],"collection":[{"href":"https:\/\/travelsafe.nl\/fr\/wp-json\/wp\/v2\/product"}],"about":[{"href":"https:\/\/travelsafe.nl\/fr\/wp-json\/wp\/v2\/types\/product"}],"wp:featuredmedia":[{"embeddable":true,"href":"https:\/\/travelsafe.nl\/fr\/wp-json\/wp\/v2\/media\/36712"}],"wp:attachment":[{"href":"https:\/\/travelsafe.nl\/fr\/wp-json\/wp\/v2\/media?parent=35530"}],"wp:term":[{"taxonomy":"product_brand","embeddable":true,"href":"https:\/\/travelsafe.nl\/fr\/wp-json\/wp\/v2\/product_brand?post=35530"},{"taxonomy":"product_cat","embeddable":true,"href":"https:\/\/travelsafe.nl\/fr\/wp-json\/wp\/v2\/product_cat?post=35530"},{"taxonomy":"product_tag","embeddable":true,"href":"https:\/\/travelsafe.nl\/fr\/wp-json\/wp\/v2\/product_tag?post=35530"}],"curies":[{"name":"wp","href":"https:\/\/api.w.org\/{rel}","templated":true}]}}