{"id":35534,"date":"2019-06-10T23:15:21","date_gmt":"2019-06-10T23:15:21","guid":{"rendered":"http:\/\/travelsafe.nl\/assortiment\/non%20class\u00e9\/silk-inlet-couverture-1pers-blanc-naturel\/"},"modified":"2023-04-07T14:01:09","modified_gmt":"2023-04-07T14:01:09","slug":"silk-inlet-couverture-1pers-blanc-naturel","status":"publish","type":"product","link":"https:\/\/travelsafe.nl\/fr\/assortiment\/accessoires-de-voyage\/dormir\/silk-inlet-couverture-1pers-blanc-naturel\/","title":{"rendered":"Drap en soie pour sac de couchage \u2013 Enveloppe"},"content":{"rendered":"<p>Drap de sac momie en soie. Con\u00e7u pour le bivouac du randonneur ou pour le camp de base. Prot\u00e8ge le sac de couchage et am\u00e9liore sa thermicit\u00e9.<\/p>\n<p>\u00c9galement disponible en tant que mod\u00e8le de momie.<\/p>\n<p>Dimensions :\u00a0220 x90 cm<br \/>\nPoids :\u00a0 \u00a0 \u00a0 \u00a0 \u00a0 \u00a0150 g<br \/>\nMati\u00e8re :\u00a0 \u00a0 \u00a0 \u00a0 Soie<br \/>\nCouleur :\u00a0 \u00a0 \u00a0 \u00a0 Blanc<\/p>\n","protected":false},"excerpt":{"rendered":"<p>Drap de sac momie en soie. Con\u00e7u pour le bivouac du randonneur ou pour le camp de base. Prot\u00e8ge le sac de&hellip;<\/p>\n","protected":false},"featured_media":32727,"template":"","meta":{"_acf_changed":false},"product_brand":[],"product_cat":[2374,2480],"product_tag":[],"class_list":{"0":"post-35534","1":"product","2":"type-product","3":"status-publish","4":"has-post-thumbnail","6":"product_cat-accessoires-de-voyage","7":"product_cat-dormir","9":"first","10":"instock","11":"purchasable","12":"product-type-simple"},"acf":[],"_links":{"self":[{"href":"https:\/\/travelsafe.nl\/fr\/wp-json\/wp\/v2\/product\/35534","targetHints":{"allow":["GET"]}}],"collection":[{"href":"https:\/\/travelsafe.nl\/fr\/wp-json\/wp\/v2\/product"}],"about":[{"href":"https:\/\/travelsafe.nl\/fr\/wp-json\/wp\/v2\/types\/product"}],"wp:featuredmedia":[{"embeddable":true,"href":"https:\/\/travelsafe.nl\/fr\/wp-json\/wp\/v2\/media\/32727"}],"wp:attachment":[{"href":"https:\/\/travelsafe.nl\/fr\/wp-json\/wp\/v2\/media?parent=35534"}],"wp:term":[{"taxonomy":"product_brand","embeddable":true,"href":"https:\/\/travelsafe.nl\/fr\/wp-json\/wp\/v2\/product_brand?post=35534"},{"taxonomy":"product_cat","embeddable":true,"href":"https:\/\/travelsafe.nl\/fr\/wp-json\/wp\/v2\/product_cat?post=35534"},{"taxonomy":"product_tag","embeddable":true,"href":"https:\/\/travelsafe.nl\/fr\/wp-json\/wp\/v2\/product_tag?post=35534"}],"curies":[{"name":"wp","href":"https:\/\/api.w.org\/{rel}","templated":true}]}}