{"id":35540,"date":"2019-06-10T23:15:25","date_gmt":"2019-06-10T23:15:25","guid":{"rendered":"http:\/\/travelsafe.nl\/assortiment\/non%20class\u00e9\/serrure-tsa-avec-cble\/"},"modified":"2023-04-07T14:01:10","modified_gmt":"2023-04-07T14:01:10","slug":"serrure-tsa-avec-cble","status":"publish","type":"product","link":"https:\/\/travelsafe.nl\/fr\/assortiment\/accessoires-de-voyage\/accessoires-de-voyage-accessoires-de-voyage\/serrures\/serrure-tsa-avec-cble\/","title":{"rendered":"Serrure de voyage TSA \u00e0 combinaison et c\u00e2ble"},"content":{"rendered":"<p>L&rsquo;avenir des \u00e9cluses de voyage. Cette serrure Travel Sentry Approved (TSA) est sp\u00e9cialement con\u00e7ue pour que les inspecteurs de douanes peuvent ouvrir et refermer soigneusement les bagages apr\u00e8s l\u2019inspection sans avoir \u00e0 \u00eatre forc\u00e9. D\u00e9j\u00e0 obligatoire pour les voyages aux Etats Unis. Aussi disponible dans d&rsquo;autres variantes.<\/p>\n<p>Poids :\u00a055 g<\/p>\n","protected":false},"excerpt":{"rendered":"<p>L&rsquo;avenir des \u00e9cluses de voyage. Cette serrure Travel Sentry Approved (TSA) est sp\u00e9cialement con\u00e7ue pour que les inspecteurs de douanes peuvent ouvrir&hellip;<\/p>\n","protected":false},"featured_media":32809,"template":"","meta":{"_acf_changed":false},"product_brand":[],"product_cat":[2374,2450,2482],"product_tag":[],"class_list":{"0":"post-35540","1":"product","2":"type-product","3":"status-publish","4":"has-post-thumbnail","6":"product_cat-accessoires-de-voyage","7":"product_cat-accessoires-de-voyage-accessoires-de-voyage","8":"product_cat-serrures","10":"first","11":"instock","12":"purchasable","13":"product-type-simple"},"acf":[],"_links":{"self":[{"href":"https:\/\/travelsafe.nl\/fr\/wp-json\/wp\/v2\/product\/35540","targetHints":{"allow":["GET"]}}],"collection":[{"href":"https:\/\/travelsafe.nl\/fr\/wp-json\/wp\/v2\/product"}],"about":[{"href":"https:\/\/travelsafe.nl\/fr\/wp-json\/wp\/v2\/types\/product"}],"wp:featuredmedia":[{"embeddable":true,"href":"https:\/\/travelsafe.nl\/fr\/wp-json\/wp\/v2\/media\/32809"}],"wp:attachment":[{"href":"https:\/\/travelsafe.nl\/fr\/wp-json\/wp\/v2\/media?parent=35540"}],"wp:term":[{"taxonomy":"product_brand","embeddable":true,"href":"https:\/\/travelsafe.nl\/fr\/wp-json\/wp\/v2\/product_brand?post=35540"},{"taxonomy":"product_cat","embeddable":true,"href":"https:\/\/travelsafe.nl\/fr\/wp-json\/wp\/v2\/product_cat?post=35540"},{"taxonomy":"product_tag","embeddable":true,"href":"https:\/\/travelsafe.nl\/fr\/wp-json\/wp\/v2\/product_tag?post=35540"}],"curies":[{"name":"wp","href":"https:\/\/api.w.org\/{rel}","templated":true}]}}