{"id":35543,"date":"2019-06-10T23:15:26","date_gmt":"2019-06-10T23:15:26","guid":{"rendered":"http:\/\/travelsafe.nl\/assortiment\/non%20class\u00e9\/ceinture-dargent-leger-noir\/"},"modified":"2023-04-07T14:01:10","modified_gmt":"2023-04-07T14:01:10","slug":"ceinture-dargent-leger-noir","status":"publish","type":"product","link":"https:\/\/travelsafe.nl\/fr\/assortiment\/accessoires-de-voyage\/sac-de-documents\/polyester-sac-de-documents\/ceinture-dargent-leger-noir\/","title":{"rendered":"Ceinture porte-monnaie \u2013 l\u00e9ger \u2013 Noir"},"content":{"rendered":"<p>Ceinture porte-billets simple, l\u00e9g\u00e8re et confortable,\u00a0avec 2 poches zipp\u00e9es dont une compartiment\u00e9e pour le rangement de cartes et devises. Se porte \u00e0\u00a0la taille avec la ceinture sangle \u00e9lastique r\u00e9glable. Contact agr\u00e9able avec la peau gr\u00e2ce \u00e0 sa doublure\u00a0en Coolmax\u00ae.<\/p>\n<p>\u00c9galement disponible en couleur Beige (TS0352.0027).<\/p>\n<p>Dimensions :\u00a0 \u00a030 x 1 cm<br \/>\nPoids :\u00a0 \u00a0 \u00a0 \u00a0 \u00a0 \u00a0 \u00a045 g<br \/>\nMati\u00e8re :\u00a0 \u00a0 \u00a0 \u00a0 \u00a0Polyester<br \/>\nCouleur :\u00a0 \u00a0 \u00a0 \u00a0 \u00a0Noir<\/p>\n","protected":false},"excerpt":{"rendered":"<p>Ceinture porte-billets simple, l\u00e9g\u00e8re et confortable,\u00a0avec 2 poches zipp\u00e9es dont une compartiment\u00e9e pour le rangement de cartes et devises. Se porte \u00e0\u00a0la&hellip;<\/p>\n","protected":false},"featured_media":32852,"template":"","meta":{"_acf_changed":false},"product_brand":[],"product_cat":[2374,2483,2484],"product_tag":[],"class_list":{"0":"post-35543","1":"product","2":"type-product","3":"status-publish","4":"has-post-thumbnail","6":"product_cat-accessoires-de-voyage","7":"product_cat-sac-de-documents","8":"product_cat-polyester-sac-de-documents","10":"first","11":"instock","12":"purchasable","13":"product-type-simple"},"acf":[],"_links":{"self":[{"href":"https:\/\/travelsafe.nl\/fr\/wp-json\/wp\/v2\/product\/35543","targetHints":{"allow":["GET"]}}],"collection":[{"href":"https:\/\/travelsafe.nl\/fr\/wp-json\/wp\/v2\/product"}],"about":[{"href":"https:\/\/travelsafe.nl\/fr\/wp-json\/wp\/v2\/types\/product"}],"wp:featuredmedia":[{"embeddable":true,"href":"https:\/\/travelsafe.nl\/fr\/wp-json\/wp\/v2\/media\/32852"}],"wp:attachment":[{"href":"https:\/\/travelsafe.nl\/fr\/wp-json\/wp\/v2\/media?parent=35543"}],"wp:term":[{"taxonomy":"product_brand","embeddable":true,"href":"https:\/\/travelsafe.nl\/fr\/wp-json\/wp\/v2\/product_brand?post=35543"},{"taxonomy":"product_cat","embeddable":true,"href":"https:\/\/travelsafe.nl\/fr\/wp-json\/wp\/v2\/product_cat?post=35543"},{"taxonomy":"product_tag","embeddable":true,"href":"https:\/\/travelsafe.nl\/fr\/wp-json\/wp\/v2\/product_tag?post=35543"}],"curies":[{"name":"wp","href":"https:\/\/api.w.org\/{rel}","templated":true}]}}