{"id":35545,"date":"2019-06-10T23:15:28","date_gmt":"2019-06-10T23:15:28","guid":{"rendered":"http:\/\/travelsafe.nl\/assortiment\/non%20class\u00e9\/ceinture-dargent-skin-waist-pouch-noir\/"},"modified":"2023-04-07T14:01:10","modified_gmt":"2023-04-07T14:01:10","slug":"ceinture-dargent-skin-waist-pouch-noir","status":"publish","type":"product","link":"https:\/\/travelsafe.nl\/fr\/assortiment\/accessoires-de-voyage\/sac-de-documents\/polyester-sac-de-documents\/ceinture-dargent-skin-waist-pouch-noir\/","title":{"rendered":"Skin Waist Pouch &#8211; Ceinture porte-monnaie \u2013 Noir"},"content":{"rendered":"<p>Ceinture porte-monnaie avec poche document et organisateur.\u00a0Ceinture \u00e9lastique ajustable. Les bords et les coutures n\u2019irritent pas la peau. Doublure en\u00a0tissue CoolMax\u00ae pour un comfort optimale de la peau et une haute capacit\u00e9 d\u2019absorption pour chasser l\u2019humidit\u00e9. Sous le rabat\u00a0: 2 poches zipp\u00e9es, pochettes pour cartes de cr\u00e9dit et une pochette suppl\u00e9mentaire plaqu\u00e9e. \u00c9galement une poche zipp\u00e9e suppl\u00e9mentaire sur le rabat.<\/p>\n<p>\u00c9galement disponible en couleur Beige (TS0353.0027)<\/p>\n<p>Dimensions :\u00a0 \u00a022 x 12 cm<br \/>\nPoids :\u00a0 \u00a0 \u00a0 \u00a0 \u00a0 \u00a0 \u00a057 g<br \/>\nMati\u00e8re :\u00a0 \u00a0 \u00a0 \u00a0 \u00a0 Polyester<br \/>\nCouleur :\u00a0 \u00a0 \u00a0 \u00a0 \u00a0Noir<\/p>\n","protected":false},"excerpt":{"rendered":"<p>Ceinture porte-monnaie avec poche document et organisateur.\u00a0Ceinture \u00e9lastique ajustable. Les bords et les coutures n\u2019irritent pas la peau. Doublure en\u00a0tissue CoolMax\u00ae pour&hellip;<\/p>\n","protected":false},"featured_media":32886,"template":"","meta":{"_acf_changed":false},"product_brand":[],"product_cat":[2374,2483,2484],"product_tag":[],"class_list":{"0":"post-35545","1":"product","2":"type-product","3":"status-publish","4":"has-post-thumbnail","6":"product_cat-accessoires-de-voyage","7":"product_cat-sac-de-documents","8":"product_cat-polyester-sac-de-documents","10":"first","11":"onbackorder","12":"purchasable","13":"product-type-simple"},"acf":[],"_links":{"self":[{"href":"https:\/\/travelsafe.nl\/fr\/wp-json\/wp\/v2\/product\/35545","targetHints":{"allow":["GET"]}}],"collection":[{"href":"https:\/\/travelsafe.nl\/fr\/wp-json\/wp\/v2\/product"}],"about":[{"href":"https:\/\/travelsafe.nl\/fr\/wp-json\/wp\/v2\/types\/product"}],"wp:featuredmedia":[{"embeddable":true,"href":"https:\/\/travelsafe.nl\/fr\/wp-json\/wp\/v2\/media\/32886"}],"wp:attachment":[{"href":"https:\/\/travelsafe.nl\/fr\/wp-json\/wp\/v2\/media?parent=35545"}],"wp:term":[{"taxonomy":"product_brand","embeddable":true,"href":"https:\/\/travelsafe.nl\/fr\/wp-json\/wp\/v2\/product_brand?post=35545"},{"taxonomy":"product_cat","embeddable":true,"href":"https:\/\/travelsafe.nl\/fr\/wp-json\/wp\/v2\/product_cat?post=35545"},{"taxonomy":"product_tag","embeddable":true,"href":"https:\/\/travelsafe.nl\/fr\/wp-json\/wp\/v2\/product_tag?post=35545"}],"curies":[{"name":"wp","href":"https:\/\/api.w.org\/{rel}","templated":true}]}}