{"id":35547,"date":"2019-06-10T23:15:30","date_gmt":"2019-06-10T23:15:30","guid":{"rendered":"http:\/\/travelsafe.nl\/assortiment\/non%20class\u00e9\/pochette-dargent-id-peau-de-poche-beige\/"},"modified":"2023-04-07T14:01:10","modified_gmt":"2023-04-07T14:01:10","slug":"pochette-dargent-id-peau-de-poche-beige","status":"publish","type":"product","link":"https:\/\/travelsafe.nl\/fr\/assortiment\/accessoires-de-voyage\/sac-de-documents\/polyester-sac-de-documents\/pochette-dargent-id-peau-de-poche-beige\/","title":{"rendered":"Pochette carte CNI &#8211; Beige"},"content":{"rendered":"<p>Pochette de s\u00e9curit\u00e9 pour votre carte CNI avec fermeture \u00e9clair. Pour carte d\u2019identit\u00e9 ou les cartes bancaires. Toutes les coutures et bords ont une finition douce. La doublure est faite en tissue Coolmax\u00ae qui est agr\u00e9able pour la peau et assure une r\u00e9gulation optimale de l\u2019humidit\u00e9. La sacoche a une poche zipp\u00e9e et une poche plaqu\u00e9e.<\/p>\n<p>Dimensions :\u00a0\u00a0 13 x 10 cm<br \/>\nPoids :\u00a0 \u00a0 \u00a0 \u00a0 \u00a0 \u00a0 \u00a011 g<br \/>\nMati\u00e8re :\u00a0 \u00a0 \u00a0 \u00a0 \u00a0 Polyester<br \/>\nCouleur :\u00a0 \u00a0 \u00a0 \u00a0 \u00a0Beige<\/p>\n","protected":false},"excerpt":{"rendered":"<p>Pochette de s\u00e9curit\u00e9 pour votre carte CNI avec fermeture \u00e9clair. Pour carte d\u2019identit\u00e9 ou les cartes bancaires. Toutes les coutures et bords&hellip;<\/p>\n","protected":false},"featured_media":32916,"template":"","meta":{"_acf_changed":false},"product_brand":[],"product_cat":[2374,2483,2484],"product_tag":[],"class_list":{"0":"post-35547","1":"product","2":"type-product","3":"status-publish","4":"has-post-thumbnail","6":"product_cat-accessoires-de-voyage","7":"product_cat-sac-de-documents","8":"product_cat-polyester-sac-de-documents","10":"first","11":"instock","12":"purchasable","13":"product-type-simple"},"acf":[],"_links":{"self":[{"href":"https:\/\/travelsafe.nl\/fr\/wp-json\/wp\/v2\/product\/35547","targetHints":{"allow":["GET"]}}],"collection":[{"href":"https:\/\/travelsafe.nl\/fr\/wp-json\/wp\/v2\/product"}],"about":[{"href":"https:\/\/travelsafe.nl\/fr\/wp-json\/wp\/v2\/types\/product"}],"wp:featuredmedia":[{"embeddable":true,"href":"https:\/\/travelsafe.nl\/fr\/wp-json\/wp\/v2\/media\/32916"}],"wp:attachment":[{"href":"https:\/\/travelsafe.nl\/fr\/wp-json\/wp\/v2\/media?parent=35547"}],"wp:term":[{"taxonomy":"product_brand","embeddable":true,"href":"https:\/\/travelsafe.nl\/fr\/wp-json\/wp\/v2\/product_brand?post=35547"},{"taxonomy":"product_cat","embeddable":true,"href":"https:\/\/travelsafe.nl\/fr\/wp-json\/wp\/v2\/product_cat?post=35547"},{"taxonomy":"product_tag","embeddable":true,"href":"https:\/\/travelsafe.nl\/fr\/wp-json\/wp\/v2\/product_tag?post=35547"}],"curies":[{"name":"wp","href":"https:\/\/api.w.org\/{rel}","templated":true}]}}