{"id":35551,"date":"2019-06-10T23:15:33","date_gmt":"2019-06-10T23:15:33","guid":{"rendered":"http:\/\/travelsafe.nl\/assortiment\/non%20class\u00e9\/ceinture-dargent-city-safe-beige\/"},"modified":"2023-04-07T14:01:11","modified_gmt":"2023-04-07T14:01:11","slug":"ceinture-dargent-city-safe-beige","status":"publish","type":"product","link":"https:\/\/travelsafe.nl\/fr\/assortiment\/accessoires-de-voyage\/sac-de-documents\/polyester-sac-de-documents\/ceinture-dargent-city-safe-beige\/","title":{"rendered":"City Safe \u2013 Pochette ceinture &#8211; Beige"},"content":{"rendered":"<p>Le City Safe est une pochette de s\u00e9curit\u00e9 avec une poche zipp\u00e9e et une pochette \u00e9tanche. Id\u00e9al pour y ranger tous vos documents de voyage. Attachez-le \u00e0 votre ceinture et repliez-le dans votre pantalon. Toutes les coutures et\u00a0piq\u00fbres ont une finition souple, agr\u00e9able \u00e0 la peau.\u00a0La face arri\u00e8re est fait en CoolMax\u00ae, agr\u00e9able pour la peau et assure une r\u00e9gulation optimale de l\u2019humidit\u00e9. Le City Safe est fabriqu\u00e9 Ripstop Nylon \/ PU.<\/p>\n<p>\u00c9galement disponible en noir (TS0357.0001).<\/p>\n<p>Dimensions :\u00a0\u00a0 19 x 13 cm<br \/>\nPoids :\u00a0 \u00a0 \u00a0 \u00a0 \u00a0 \u00a0 \u00a025 g<br \/>\nMati\u00e8re :\u00a0 \u00a0 \u00a0 \u00a0 \u00a0 Ripstop Nylon \/ PU<br \/>\nCouleur :\u00a0 \u00a0 \u00a0 \u00a0 \u00a0Beige<\/p>\n","protected":false},"excerpt":{"rendered":"<p>Le City Safe est une pochette de s\u00e9curit\u00e9 avec une poche zipp\u00e9e et une pochette \u00e9tanche. Id\u00e9al pour y ranger tous vos&hellip;<\/p>\n","protected":false},"featured_media":32984,"template":"","meta":{"_acf_changed":false},"product_brand":[],"product_cat":[2374,2483,2484],"product_tag":[],"class_list":{"0":"post-35551","1":"product","2":"type-product","3":"status-publish","4":"has-post-thumbnail","6":"product_cat-accessoires-de-voyage","7":"product_cat-sac-de-documents","8":"product_cat-polyester-sac-de-documents","10":"first","11":"instock","12":"purchasable","13":"product-type-simple"},"acf":[],"_links":{"self":[{"href":"https:\/\/travelsafe.nl\/fr\/wp-json\/wp\/v2\/product\/35551","targetHints":{"allow":["GET"]}}],"collection":[{"href":"https:\/\/travelsafe.nl\/fr\/wp-json\/wp\/v2\/product"}],"about":[{"href":"https:\/\/travelsafe.nl\/fr\/wp-json\/wp\/v2\/types\/product"}],"wp:featuredmedia":[{"embeddable":true,"href":"https:\/\/travelsafe.nl\/fr\/wp-json\/wp\/v2\/media\/32984"}],"wp:attachment":[{"href":"https:\/\/travelsafe.nl\/fr\/wp-json\/wp\/v2\/media?parent=35551"}],"wp:term":[{"taxonomy":"product_brand","embeddable":true,"href":"https:\/\/travelsafe.nl\/fr\/wp-json\/wp\/v2\/product_brand?post=35551"},{"taxonomy":"product_cat","embeddable":true,"href":"https:\/\/travelsafe.nl\/fr\/wp-json\/wp\/v2\/product_cat?post=35551"},{"taxonomy":"product_tag","embeddable":true,"href":"https:\/\/travelsafe.nl\/fr\/wp-json\/wp\/v2\/product_tag?post=35551"}],"curies":[{"name":"wp","href":"https:\/\/api.w.org\/{rel}","templated":true}]}}