{"id":35552,"date":"2019-06-10T23:15:33","date_gmt":"2019-06-10T23:15:33","guid":{"rendered":"http:\/\/travelsafe.nl\/assortiment\/non%20class\u00e9\/box-de-pilule-2-botes-avec-calendrier\/"},"modified":"2023-07-27T09:12:21","modified_gmt":"2023-07-27T09:12:21","slug":"box-de-pilule-2-botes-avec-calendrier","status":"publish","type":"product","link":"https:\/\/travelsafe.nl\/fr\/assortiment\/accessoires-de-voyage\/sant-accessoires-de-voyage\/autres-sant-accessoires-de-voyage\/box-de-pilule-2-botes-avec-calendrier\/","title":{"rendered":"Bo\u00eete \u00e0 pilules \u2013 avec horaire quotidien"},"content":{"rendered":"<p>Les bo\u00eetes \u00e0 pilules TravelSafe ont 8 compartiments avec des couvercles sur lesquels la premi\u00e8re lettre du jour est indiqu\u00e9e. Ainsi, vous sauriez toujours quel jour quel m\u00e9dicament il vous reste encore \u00e0 prendre.<\/p>\n<p>Dimensions : 75 x 60 x 20 cm<br \/>\nPoids :\u00a0 \u00a0 \u00a0 \u00a0 \u00a0 \u00a02 bo\u00eetes x 27 g<\/p>\n","protected":false},"excerpt":{"rendered":"<p>Les bo\u00eetes \u00e0 pilules TravelSafe ont 8 compartiments avec des couvercles sur lesquels la premi\u00e8re lettre du jour est indiqu\u00e9e. Ainsi, vous&hellip;<\/p>\n","protected":false},"featured_media":33001,"template":"","meta":{"_acf_changed":false},"product_brand":[],"product_cat":[2374,2450,2454,2456,2448],"product_tag":[],"class_list":{"0":"post-35552","1":"product","2":"type-product","3":"status-publish","4":"has-post-thumbnail","6":"product_cat-accessoires-de-voyage","7":"product_cat-accessoires-de-voyage-accessoires-de-voyage","8":"product_cat-autres-sant-accessoires-de-voyage","9":"product_cat-autres-accessoires-de-voyage-accessoires-de-voyage","10":"product_cat-sant-accessoires-de-voyage","12":"first","13":"instock","14":"purchasable","15":"product-type-simple"},"acf":[],"_links":{"self":[{"href":"https:\/\/travelsafe.nl\/fr\/wp-json\/wp\/v2\/product\/35552","targetHints":{"allow":["GET"]}}],"collection":[{"href":"https:\/\/travelsafe.nl\/fr\/wp-json\/wp\/v2\/product"}],"about":[{"href":"https:\/\/travelsafe.nl\/fr\/wp-json\/wp\/v2\/types\/product"}],"wp:featuredmedia":[{"embeddable":true,"href":"https:\/\/travelsafe.nl\/fr\/wp-json\/wp\/v2\/media\/33001"}],"wp:attachment":[{"href":"https:\/\/travelsafe.nl\/fr\/wp-json\/wp\/v2\/media?parent=35552"}],"wp:term":[{"taxonomy":"product_brand","embeddable":true,"href":"https:\/\/travelsafe.nl\/fr\/wp-json\/wp\/v2\/product_brand?post=35552"},{"taxonomy":"product_cat","embeddable":true,"href":"https:\/\/travelsafe.nl\/fr\/wp-json\/wp\/v2\/product_cat?post=35552"},{"taxonomy":"product_tag","embeddable":true,"href":"https:\/\/travelsafe.nl\/fr\/wp-json\/wp\/v2\/product_tag?post=35552"}],"curies":[{"name":"wp","href":"https:\/\/api.w.org\/{rel}","templated":true}]}}