{"id":35553,"date":"2019-06-10T23:15:35","date_gmt":"2019-06-10T23:15:35","guid":{"rendered":"http:\/\/travelsafe.nl\/assortiment\/non%20class\u00e9\/travelcup-coupe-pliable\/"},"modified":"2023-07-27T09:11:22","modified_gmt":"2023-07-27T09:11:22","slug":"travelcup-coupe-pliable","status":"publish","type":"product","link":"https:\/\/travelsafe.nl\/fr\/assortiment\/accessoires-de-voyage\/accessoires-de-voyage-accessoires-de-voyage\/autres-accessoires-de-voyage-accessoires-de-voyage\/travelcup-coupe-pliable\/","title":{"rendered":"Travel Cup \u2013 Tasse pliable"},"content":{"rendered":"<p>La Travel Cup avec pilulier prend peu de places dans vos bagages. La tasse est pliable et permet de r\u00e9duire la hauteur \u00e0 la moiti\u00e9. Id\u00e9al pour une utilisation lors de la prise \/ dissolution de m\u00e9dicaments pendant votre voyage.<\/p>\n<p>Dimensions : \u00f8 70 x 25 x\/ 80 mm \u2013 150 ml<br \/>\nPoids :\u00a0 \u00a0 \u00a0 \u00a0 \u00a0 \u00a032 g<\/p>\n","protected":false},"excerpt":{"rendered":"<p>La Travel Cup avec pilulier prend peu de places dans vos bagages. La tasse est pliable et permet de r\u00e9duire la hauteur&hellip;<\/p>\n","protected":false},"featured_media":33016,"template":"","meta":{"_acf_changed":false},"product_brand":[],"product_cat":[2374,2450,2456,2454,2485,2448],"product_tag":[],"class_list":{"0":"post-35553","1":"product","2":"type-product","3":"status-publish","4":"has-post-thumbnail","6":"product_cat-accessoires-de-voyage","7":"product_cat-accessoires-de-voyage-accessoires-de-voyage","8":"product_cat-autres-accessoires-de-voyage-accessoires-de-voyage","9":"product_cat-autres-sant-accessoires-de-voyage","10":"product_cat-hygine-sant-accessoires-de-voyage","11":"product_cat-sant-accessoires-de-voyage","13":"first","14":"onbackorder","15":"purchasable","16":"product-type-simple"},"acf":[],"_links":{"self":[{"href":"https:\/\/travelsafe.nl\/fr\/wp-json\/wp\/v2\/product\/35553","targetHints":{"allow":["GET"]}}],"collection":[{"href":"https:\/\/travelsafe.nl\/fr\/wp-json\/wp\/v2\/product"}],"about":[{"href":"https:\/\/travelsafe.nl\/fr\/wp-json\/wp\/v2\/types\/product"}],"wp:featuredmedia":[{"embeddable":true,"href":"https:\/\/travelsafe.nl\/fr\/wp-json\/wp\/v2\/media\/33016"}],"wp:attachment":[{"href":"https:\/\/travelsafe.nl\/fr\/wp-json\/wp\/v2\/media?parent=35553"}],"wp:term":[{"taxonomy":"product_brand","embeddable":true,"href":"https:\/\/travelsafe.nl\/fr\/wp-json\/wp\/v2\/product_brand?post=35553"},{"taxonomy":"product_cat","embeddable":true,"href":"https:\/\/travelsafe.nl\/fr\/wp-json\/wp\/v2\/product_cat?post=35553"},{"taxonomy":"product_tag","embeddable":true,"href":"https:\/\/travelsafe.nl\/fr\/wp-json\/wp\/v2\/product_tag?post=35553"}],"curies":[{"name":"wp","href":"https:\/\/api.w.org\/{rel}","templated":true}]}}