{"id":35554,"date":"2019-06-10T23:15:35","date_gmt":"2019-06-10T23:15:35","guid":{"rendered":"http:\/\/travelsafe.nl\/assortiment\/non%20class\u00e9\/masque-eye-polaire-et-des-bouchons-doreilles\/"},"modified":"2023-05-12T13:47:36","modified_gmt":"2023-05-12T13:47:36","slug":"masque-eye-polaire-et-des-bouchons-doreilles","status":"publish","type":"product","link":"https:\/\/travelsafe.nl\/fr\/assortiment\/accessoires-de-voyage\/accessoires-de-voyage-accessoires-de-voyage\/autres-accessoires-de-voyage-accessoires-de-voyage\/masque-eye-polaire-et-des-bouchons-doreilles\/","title":{"rendered":"Masque des yeux polaire + bouchons d\u2019oreilles"},"content":{"rendered":"<p>Vous voulez \u00eatre capable de dormir dans un environnement tr\u00e8s fr\u00e9quent\u00e9 ou lors d\u2019un long voyage ? C\u2019est possible ! Avec le TravelSafe masque des yeux et les bouchons d\u2019oreilles, vous pouvez vous isoler compl\u00e8tement de la foule qui vous entoure et profiter au maximum de votre temps de repos.<\/p>\n<p>Poids :\u00a0 \u00a0 \u00a0 17 g<br \/>\nMati\u00e8re :\u00a0 \u00a0Polyester &amp; Foam<br \/>\nCouleur :\u00a0 \u00a0Bleu<\/p>\n","protected":false},"excerpt":{"rendered":"<p>Vous voulez \u00eatre capable de dormir dans un environnement tr\u00e8s fr\u00e9quent\u00e9 ou lors d\u2019un long voyage ? C\u2019est possible ! Avec le&hellip;<\/p>\n","protected":false},"featured_media":33027,"template":"","meta":{"_acf_changed":false},"product_brand":[],"product_cat":[2374,2450,2456],"product_tag":[],"class_list":{"0":"post-35554","1":"product","2":"type-product","3":"status-publish","4":"has-post-thumbnail","6":"product_cat-accessoires-de-voyage","7":"product_cat-accessoires-de-voyage-accessoires-de-voyage","8":"product_cat-autres-accessoires-de-voyage-accessoires-de-voyage","10":"first","11":"instock","12":"purchasable","13":"product-type-simple"},"acf":[],"_links":{"self":[{"href":"https:\/\/travelsafe.nl\/fr\/wp-json\/wp\/v2\/product\/35554","targetHints":{"allow":["GET"]}}],"collection":[{"href":"https:\/\/travelsafe.nl\/fr\/wp-json\/wp\/v2\/product"}],"about":[{"href":"https:\/\/travelsafe.nl\/fr\/wp-json\/wp\/v2\/types\/product"}],"wp:featuredmedia":[{"embeddable":true,"href":"https:\/\/travelsafe.nl\/fr\/wp-json\/wp\/v2\/media\/33027"}],"wp:attachment":[{"href":"https:\/\/travelsafe.nl\/fr\/wp-json\/wp\/v2\/media?parent=35554"}],"wp:term":[{"taxonomy":"product_brand","embeddable":true,"href":"https:\/\/travelsafe.nl\/fr\/wp-json\/wp\/v2\/product_brand?post=35554"},{"taxonomy":"product_cat","embeddable":true,"href":"https:\/\/travelsafe.nl\/fr\/wp-json\/wp\/v2\/product_cat?post=35554"},{"taxonomy":"product_tag","embeddable":true,"href":"https:\/\/travelsafe.nl\/fr\/wp-json\/wp\/v2\/product_tag?post=35554"}],"curies":[{"name":"wp","href":"https:\/\/api.w.org\/{rel}","templated":true}]}}