{"id":35555,"date":"2019-06-10T23:15:35","date_gmt":"2019-06-10T23:15:35","guid":{"rendered":"http:\/\/travelsafe.nl\/assortiment\/non%20class\u00e9\/bouchons-doreilles-dans-un-etui-de-protection\/"},"modified":"2023-05-12T13:48:20","modified_gmt":"2023-05-12T13:48:20","slug":"bouchons-doreilles-dans-un-etui-de-protection","status":"publish","type":"product","link":"https:\/\/travelsafe.nl\/fr\/assortiment\/accessoires-de-voyage\/accessoires-de-voyage-accessoires-de-voyage\/autres-accessoires-de-voyage-accessoires-de-voyage\/bouchons-doreilles-dans-un-etui-de-protection\/","title":{"rendered":"Bouchons d\u2019oreilles dans un \u00e9tui luxueux"},"content":{"rendered":"<p>Ces bouchons d\u2019oreilles sont tr\u00e8s confortables, doux et att\u00e9nuent principalement les sons d\u00e9rangeants qui vous entourent. Avec ces bouchons silencieux TravelSafe, vous pouvez dormir paisiblement et sans \u00eatre d\u00e9rang\u00e9. Ils sont emball\u00e9s dans un tube de rangement luxueux.<\/p>\n<p>Poids :\u00a0 \u00a0 \u00a0 20 g<br \/>\nMati\u00e8re :\u00a0 \u00a0Aluminium &amp; Mousse<\/p>\n","protected":false},"excerpt":{"rendered":"<p>Ces bouchons d\u2019oreilles sont tr\u00e8s confortables, doux et att\u00e9nuent principalement les sons d\u00e9rangeants qui vous entourent. Avec ces bouchons silencieux TravelSafe, vous&hellip;<\/p>\n","protected":false},"featured_media":33036,"template":"","meta":{"_acf_changed":false},"product_brand":[],"product_cat":[2374,2450,2456],"product_tag":[],"class_list":{"0":"post-35555","1":"product","2":"type-product","3":"status-publish","4":"has-post-thumbnail","6":"product_cat-accessoires-de-voyage","7":"product_cat-accessoires-de-voyage-accessoires-de-voyage","8":"product_cat-autres-accessoires-de-voyage-accessoires-de-voyage","10":"first","11":"instock","12":"purchasable","13":"product-type-simple"},"acf":[],"_links":{"self":[{"href":"https:\/\/travelsafe.nl\/fr\/wp-json\/wp\/v2\/product\/35555","targetHints":{"allow":["GET"]}}],"collection":[{"href":"https:\/\/travelsafe.nl\/fr\/wp-json\/wp\/v2\/product"}],"about":[{"href":"https:\/\/travelsafe.nl\/fr\/wp-json\/wp\/v2\/types\/product"}],"wp:featuredmedia":[{"embeddable":true,"href":"https:\/\/travelsafe.nl\/fr\/wp-json\/wp\/v2\/media\/33036"}],"wp:attachment":[{"href":"https:\/\/travelsafe.nl\/fr\/wp-json\/wp\/v2\/media?parent=35555"}],"wp:term":[{"taxonomy":"product_brand","embeddable":true,"href":"https:\/\/travelsafe.nl\/fr\/wp-json\/wp\/v2\/product_brand?post=35555"},{"taxonomy":"product_cat","embeddable":true,"href":"https:\/\/travelsafe.nl\/fr\/wp-json\/wp\/v2\/product_cat?post=35555"},{"taxonomy":"product_tag","embeddable":true,"href":"https:\/\/travelsafe.nl\/fr\/wp-json\/wp\/v2\/product_tag?post=35555"}],"curies":[{"name":"wp","href":"https:\/\/api.w.org\/{rel}","templated":true}]}}