{"id":35556,"date":"2019-06-10T23:15:36","date_gmt":"2019-06-10T23:15:36","guid":{"rendered":"http:\/\/travelsafe.nl\/assortiment\/non%20class\u00e9\/ligne-de-cire-avec-bouchon\/"},"modified":"2023-07-27T09:08:02","modified_gmt":"2023-07-27T09:08:02","slug":"ligne-de-cire-avec-bouchon","status":"publish","type":"product","link":"https:\/\/travelsafe.nl\/fr\/assortiment\/accessoires-de-voyage\/accessoires-de-voyage-accessoires-de-voyage\/autres-accessoires-de-voyage-accessoires-de-voyage\/ligne-de-cire-avec-bouchon\/","title":{"rendered":"Corde \u00e0 linge \u00e9lastique &#038; bouchon d\u2019\u00e9vier"},"content":{"rendered":"<p>Cette corde \u00e0 linge consiste de deux \u00e9lastiques tourn\u00e9s entre lesquels vous pouvez serrer vos v\u00eatements. Vous n\u2019avez plus besoin des pinces \u00e0 lignes. La ligne de cire est facilement \u00e0 pendre gr\u00e2ce aux deux crochets. La longueur de la ligne est 1,5 m\u00e8tre et s\u2019\u00e9tire jusqu\u2019\u00e0 2,5 m\u00e8tres. Le bouchon d\u2019\u00e9vier universel peut \u00eatre utiliser o\u00f9 vous le voulez.<\/p>\n<p>Dimensions :\u00a0150 &#x2194; 250 m<br \/>\nPoids :\u00a0 \u00a0 \u00a0 \u00a0 \u00a0 \u00a0 103 g<\/p>\n","protected":false},"excerpt":{"rendered":"<p>Cette corde \u00e0 linge consiste de deux \u00e9lastiques tourn\u00e9s entre lesquels vous pouvez serrer vos v\u00eatements. Vous n\u2019avez plus besoin des pinces&hellip;<\/p>\n","protected":false},"featured_media":33045,"template":"","meta":{"_acf_changed":false},"product_brand":[],"product_cat":[2374,2456],"product_tag":[],"class_list":{"0":"post-35556","1":"product","2":"type-product","3":"status-publish","4":"has-post-thumbnail","6":"product_cat-accessoires-de-voyage","7":"product_cat-autres-accessoires-de-voyage-accessoires-de-voyage","9":"first","10":"instock","11":"purchasable","12":"product-type-simple"},"acf":[],"_links":{"self":[{"href":"https:\/\/travelsafe.nl\/fr\/wp-json\/wp\/v2\/product\/35556","targetHints":{"allow":["GET"]}}],"collection":[{"href":"https:\/\/travelsafe.nl\/fr\/wp-json\/wp\/v2\/product"}],"about":[{"href":"https:\/\/travelsafe.nl\/fr\/wp-json\/wp\/v2\/types\/product"}],"wp:featuredmedia":[{"embeddable":true,"href":"https:\/\/travelsafe.nl\/fr\/wp-json\/wp\/v2\/media\/33045"}],"wp:attachment":[{"href":"https:\/\/travelsafe.nl\/fr\/wp-json\/wp\/v2\/media?parent=35556"}],"wp:term":[{"taxonomy":"product_brand","embeddable":true,"href":"https:\/\/travelsafe.nl\/fr\/wp-json\/wp\/v2\/product_brand?post=35556"},{"taxonomy":"product_cat","embeddable":true,"href":"https:\/\/travelsafe.nl\/fr\/wp-json\/wp\/v2\/product_cat?post=35556"},{"taxonomy":"product_tag","embeddable":true,"href":"https:\/\/travelsafe.nl\/fr\/wp-json\/wp\/v2\/product_tag?post=35556"}],"curies":[{"name":"wp","href":"https:\/\/api.w.org\/{rel}","templated":true}]}}