{"id":35558,"date":"2019-06-10T23:15:36","date_gmt":"2019-06-10T23:15:36","guid":{"rendered":"http:\/\/travelsafe.nl\/assortiment\/non%20class\u00e9\/couvertures-de-brosse-dentaire-4-pices\/"},"modified":"2023-07-27T09:09:36","modified_gmt":"2023-07-27T09:09:36","slug":"couvertures-de-brosse-dentaire-4-pices","status":"publish","type":"product","link":"https:\/\/travelsafe.nl\/fr\/assortiment\/accessoires-de-voyage\/accessoires-de-voyage-accessoires-de-voyage\/autres-accessoires-de-voyage-accessoires-de-voyage\/couvertures-de-brosse-dentaire-4-pices\/","title":{"rendered":"Couverture brosse \u00e0 dents &#8211; 4 pcs."},"content":{"rendered":"<p>Avec cette couverture de brosse \u00e0 dents TravelSafe, la brosse sera prot\u00e9g\u00e9e contre les bact\u00e9ries et la salet\u00e9. La brosse reste propre, s\u00e8che et hygi\u00e9nique pour l\u2019utilisation. Les couvertures s\u2019adaptent \u00e0 toutes brosses \u00e0 dents. Emball\u00e9 par 4.<\/p>\n<p>Dimensions : 35 x 19 x 15cm<br \/>\nPoids :\u00a0 \u00a0 \u00a0 \u00a0 \u00a0 \u00a04 couvertures x 2 g<\/p>\n","protected":false},"excerpt":{"rendered":"<p>Avec cette couverture de brosse \u00e0 dents TravelSafe, la brosse sera prot\u00e9g\u00e9e contre les bact\u00e9ries et la salet\u00e9. La brosse reste propre,&hellip;<\/p>\n","protected":false},"featured_media":33075,"template":"","meta":{"_acf_changed":false},"product_brand":[],"product_cat":[2374,2450,2456],"product_tag":[],"class_list":{"0":"post-35558","1":"product","2":"type-product","3":"status-publish","4":"has-post-thumbnail","6":"product_cat-accessoires-de-voyage","7":"product_cat-accessoires-de-voyage-accessoires-de-voyage","8":"product_cat-autres-accessoires-de-voyage-accessoires-de-voyage","10":"first","11":"instock","12":"purchasable","13":"product-type-simple"},"acf":[],"_links":{"self":[{"href":"https:\/\/travelsafe.nl\/fr\/wp-json\/wp\/v2\/product\/35558","targetHints":{"allow":["GET"]}}],"collection":[{"href":"https:\/\/travelsafe.nl\/fr\/wp-json\/wp\/v2\/product"}],"about":[{"href":"https:\/\/travelsafe.nl\/fr\/wp-json\/wp\/v2\/types\/product"}],"wp:featuredmedia":[{"embeddable":true,"href":"https:\/\/travelsafe.nl\/fr\/wp-json\/wp\/v2\/media\/33075"}],"wp:attachment":[{"href":"https:\/\/travelsafe.nl\/fr\/wp-json\/wp\/v2\/media?parent=35558"}],"wp:term":[{"taxonomy":"product_brand","embeddable":true,"href":"https:\/\/travelsafe.nl\/fr\/wp-json\/wp\/v2\/product_brand?post=35558"},{"taxonomy":"product_cat","embeddable":true,"href":"https:\/\/travelsafe.nl\/fr\/wp-json\/wp\/v2\/product_cat?post=35558"},{"taxonomy":"product_tag","embeddable":true,"href":"https:\/\/travelsafe.nl\/fr\/wp-json\/wp\/v2\/product_tag?post=35558"}],"curies":[{"name":"wp","href":"https:\/\/api.w.org\/{rel}","templated":true}]}}