{"id":35561,"date":"2019-06-10T23:15:39","date_gmt":"2019-06-10T23:15:39","guid":{"rendered":"http:\/\/travelsafe.nl\/assortiment\/non%20class\u00e9\/chaussettes-de-compression-m-39-42\/"},"modified":"2023-07-25T15:10:51","modified_gmt":"2023-07-25T15:10:51","slug":"chaussettes-de-compression-m-39-42","status":"publish","type":"product","link":"https:\/\/travelsafe.nl\/fr\/assortiment\/accessoires-de-voyage\/sacs-de-voyage\/chaussettes-compressives\/chaussettes-de-compression-m-39-42\/","title":{"rendered":"Chaussettes de compression \u2013 M 39-42"},"content":{"rendered":"<p>Chaussettes de compression \u201cTravel Socks\u201d ont \u00e9t\u00e9 con\u00e7ue sp\u00e9cialement pour les voyages de\u00a0longe dur\u00e9e. Compos\u00e9es de fibres sp\u00e9ciales, elles\u00a0aident \u00e0 pr\u00e9venir la thrombose veineuse profonde, qui se\u00a0traduisent par des sensations de jambes lourdes et\u00a0fatigu\u00e9es. Ces chaussettes n\u2019offrent pas une protection garantie contre les probl\u00e8mes m\u00e9dicaux.<\/p>\n<p>Tailles disponibles : S-35\/38 M- 39\/42 L- 43\/46<\/p>\n<p>Dimensions :\u00a0\u00a0 M- 39\/42<br \/>\nPoids :\u00a0 \u00a0 \u00a0 \u00a0 \u00a0 \u00a0 \u00a059 g<br \/>\nMati\u00e8re :\u00a0 \u00a0 \u00a0 \u00a0 \u00a0 77% coton \u2013 18% lycra \u2013 5% polyamide<br \/>\nCouleur :\u00a0 \u00a0 \u00a0 \u00a0 \u00a0 Noir<\/p>\n","protected":false},"excerpt":{"rendered":"<p>Chaussettes de compression \u201cTravel Socks\u201d ont \u00e9t\u00e9 con\u00e7ue sp\u00e9cialement pour les voyages de\u00a0longe dur\u00e9e. Compos\u00e9es de fibres sp\u00e9ciales, elles\u00a0aident \u00e0 pr\u00e9venir la&hellip;<\/p>\n","protected":false},"featured_media":33108,"template":"","meta":{"_acf_changed":false},"product_brand":[],"product_cat":[2374,2450,2884],"product_tag":[],"class_list":{"0":"post-35561","1":"product","2":"type-product","3":"status-publish","4":"has-post-thumbnail","6":"product_cat-accessoires-de-voyage","7":"product_cat-accessoires-de-voyage-accessoires-de-voyage","8":"product_cat-chaussettes-compressives","10":"first","11":"instock","12":"purchasable","13":"product-type-simple"},"acf":[],"_links":{"self":[{"href":"https:\/\/travelsafe.nl\/fr\/wp-json\/wp\/v2\/product\/35561","targetHints":{"allow":["GET"]}}],"collection":[{"href":"https:\/\/travelsafe.nl\/fr\/wp-json\/wp\/v2\/product"}],"about":[{"href":"https:\/\/travelsafe.nl\/fr\/wp-json\/wp\/v2\/types\/product"}],"wp:featuredmedia":[{"embeddable":true,"href":"https:\/\/travelsafe.nl\/fr\/wp-json\/wp\/v2\/media\/33108"}],"wp:attachment":[{"href":"https:\/\/travelsafe.nl\/fr\/wp-json\/wp\/v2\/media?parent=35561"}],"wp:term":[{"taxonomy":"product_brand","embeddable":true,"href":"https:\/\/travelsafe.nl\/fr\/wp-json\/wp\/v2\/product_brand?post=35561"},{"taxonomy":"product_cat","embeddable":true,"href":"https:\/\/travelsafe.nl\/fr\/wp-json\/wp\/v2\/product_cat?post=35561"},{"taxonomy":"product_tag","embeddable":true,"href":"https:\/\/travelsafe.nl\/fr\/wp-json\/wp\/v2\/product_tag?post=35561"}],"curies":[{"name":"wp","href":"https:\/\/api.w.org\/{rel}","templated":true}]}}