{"id":35566,"date":"2019-06-10T23:15:41","date_gmt":"2019-06-10T23:15:41","guid":{"rendered":"http:\/\/travelsafe.nl\/assortiment\/non%20class\u00e9\/voyage-enfants-coffre-fort-oreiller-cou-penguin\/"},"modified":"2023-07-25T15:06:39","modified_gmt":"2023-07-25T15:06:39","slug":"voyage-enfants-coffre-fort-oreiller-cou-penguin","status":"publish","type":"product","link":"https:\/\/travelsafe.nl\/fr\/assortiment\/accessoires-de-voyage\/accessoires-de-voyage-accessoires-de-voyage\/coussin-voyage\/voyage-enfants-coffre-fort-oreiller-cou-penguin\/","title":{"rendered":"Coussin voyage enfant &#8211; Pingouin"},"content":{"rendered":"<p>Outre le coussin cervical \u00ab Comfort \u00bb existant, TravelSafe vous propose d\u00e9sormais une ligne pour enfants ! Ce petit coussin cervical est agr\u00e9ablement doux et confortable. Le rembourrage est compos\u00e9 de fines perles synth\u00e9tiques \u00e9lastiques qui garantissent un confort maximal. En plus de permettre aux enfants de passer un bon sommeil pendant le voyage, ce coussin est aussi une peluche douce et un chouette compagnon de voyage pour votre petit bout de chou.<\/p>\n<p>\u00c9galement disponible en coccinelle, girafe et dauphin.<\/p>\n<p>Dimensions :\u00a0 31 x 27 x 15 cm<br \/>\nPoids :\u00a0 \u00a0 \u00a0 \u00a0 \u00a0 \u00a0 160 g<br \/>\nMati\u00e8re :\u00a0 \u00a0 \u00a0 \u00a0 \u00a0Polyester\/Spandex<br \/>\nAnimal :\u00a0 \u00a0 \u00a0 \u00a0 \u00a0 Pingouin<\/p>\n","protected":false},"excerpt":{"rendered":"<p>Outre le coussin cervical \u00ab Comfort \u00bb existant, TravelSafe vous propose d\u00e9sormais une ligne pour enfants ! Ce petit coussin cervical est&hellip;<\/p>\n","protected":false},"featured_media":33151,"template":"","meta":{"_acf_changed":false},"product_brand":[],"product_cat":[2374,2450,2488],"product_tag":[],"class_list":{"0":"post-35566","1":"product","2":"type-product","3":"status-publish","4":"has-post-thumbnail","6":"product_cat-accessoires-de-voyage","7":"product_cat-accessoires-de-voyage-accessoires-de-voyage","8":"product_cat-coussin-voyage","10":"first","11":"instock","12":"purchasable","13":"product-type-simple"},"acf":[],"_links":{"self":[{"href":"https:\/\/travelsafe.nl\/fr\/wp-json\/wp\/v2\/product\/35566","targetHints":{"allow":["GET"]}}],"collection":[{"href":"https:\/\/travelsafe.nl\/fr\/wp-json\/wp\/v2\/product"}],"about":[{"href":"https:\/\/travelsafe.nl\/fr\/wp-json\/wp\/v2\/types\/product"}],"wp:featuredmedia":[{"embeddable":true,"href":"https:\/\/travelsafe.nl\/fr\/wp-json\/wp\/v2\/media\/33151"}],"wp:attachment":[{"href":"https:\/\/travelsafe.nl\/fr\/wp-json\/wp\/v2\/media?parent=35566"}],"wp:term":[{"taxonomy":"product_brand","embeddable":true,"href":"https:\/\/travelsafe.nl\/fr\/wp-json\/wp\/v2\/product_brand?post=35566"},{"taxonomy":"product_cat","embeddable":true,"href":"https:\/\/travelsafe.nl\/fr\/wp-json\/wp\/v2\/product_cat?post=35566"},{"taxonomy":"product_tag","embeddable":true,"href":"https:\/\/travelsafe.nl\/fr\/wp-json\/wp\/v2\/product_tag?post=35566"}],"curies":[{"name":"wp","href":"https:\/\/api.w.org\/{rel}","templated":true}]}}