{"id":35570,"date":"2019-06-10T23:15:45","date_gmt":"2019-06-10T23:15:45","guid":{"rendered":"http:\/\/travelsafe.nl\/assortiment\/non%20class\u00e9\/ptales-savon-dans-la-bote-2-botes-50-pcs\/"},"modified":"2023-07-25T14:59:58","modified_gmt":"2023-07-25T14:59:58","slug":"ptales-savon-dans-la-bote-2-botes-50-pcs","status":"publish","type":"product","link":"https:\/\/travelsafe.nl\/fr\/assortiment\/accessoires-de-voyage\/accessoires-de-voyage-accessoires-de-voyage\/autres-accessoires-de-voyage-accessoires-de-voyage\/ptales-savon-dans-la-bote-2-botes-50-pcs\/","title":{"rendered":"P\u00e9tales de savon \u2013 50 par bo\u00eete"},"content":{"rendered":"<p>Id\u00e9ales pour la route, 2 bo\u00eetes avec 50 feuilles de savon minces\u00a0dans une petite bo\u00eete pratique, avec une subtile\u00a0odeur fra\u00eeche. Ces feuilles se dissolvent compl\u00e8tement\u00a0lorsque vous vous lavez les mains ou le\u00a0visage.<\/p>\n<p>Dimensions :\u00a046 x 67 x 17 mm<br \/>\nPoids :\u00a0 \u00a0 \u00a0 \u00a0 \u00a0 \u00a0 2 bo\u00eetes x 20 g \u2013 2 x 50 feuilles<br \/>\nCouleur :\u00a0 \u00a0 \u00a0 \u00a0 Bo\u00eetes bleues<\/p>\n","protected":false},"excerpt":{"rendered":"<p>Id\u00e9ales pour la route, 2 bo\u00eetes avec 50 feuilles de savon minces\u00a0dans une petite bo\u00eete pratique, avec une subtile\u00a0odeur fra\u00eeche. Ces feuilles&hellip;<\/p>\n","protected":false},"featured_media":33175,"template":"","meta":{"_acf_changed":false},"product_brand":[],"product_cat":[2374,2450,2456,2454,2485,2448],"product_tag":[],"class_list":{"0":"post-35570","1":"product","2":"type-product","3":"status-publish","4":"has-post-thumbnail","6":"product_cat-accessoires-de-voyage","7":"product_cat-accessoires-de-voyage-accessoires-de-voyage","8":"product_cat-autres-accessoires-de-voyage-accessoires-de-voyage","9":"product_cat-autres-sant-accessoires-de-voyage","10":"product_cat-hygine-sant-accessoires-de-voyage","11":"product_cat-sant-accessoires-de-voyage","13":"first","14":"instock","15":"purchasable","16":"product-type-simple"},"acf":[],"_links":{"self":[{"href":"https:\/\/travelsafe.nl\/fr\/wp-json\/wp\/v2\/product\/35570","targetHints":{"allow":["GET"]}}],"collection":[{"href":"https:\/\/travelsafe.nl\/fr\/wp-json\/wp\/v2\/product"}],"about":[{"href":"https:\/\/travelsafe.nl\/fr\/wp-json\/wp\/v2\/types\/product"}],"wp:featuredmedia":[{"embeddable":true,"href":"https:\/\/travelsafe.nl\/fr\/wp-json\/wp\/v2\/media\/33175"}],"wp:attachment":[{"href":"https:\/\/travelsafe.nl\/fr\/wp-json\/wp\/v2\/media?parent=35570"}],"wp:term":[{"taxonomy":"product_brand","embeddable":true,"href":"https:\/\/travelsafe.nl\/fr\/wp-json\/wp\/v2\/product_brand?post=35570"},{"taxonomy":"product_cat","embeddable":true,"href":"https:\/\/travelsafe.nl\/fr\/wp-json\/wp\/v2\/product_cat?post=35570"},{"taxonomy":"product_tag","embeddable":true,"href":"https:\/\/travelsafe.nl\/fr\/wp-json\/wp\/v2\/product_tag?post=35570"}],"curies":[{"name":"wp","href":"https:\/\/api.w.org\/{rel}","templated":true}]}}