{"id":35571,"date":"2019-06-10T23:15:45","date_gmt":"2019-06-10T23:15:45","guid":{"rendered":"http:\/\/travelsafe.nl\/assortiment\/non%20class\u00e9\/oreiller-de-cou-mousse-mmoire-gris-noir\/"},"modified":"2023-07-25T14:57:56","modified_gmt":"2023-07-25T14:57:56","slug":"oreiller-de-cou-mousse-mmoire-gris-noir","status":"publish","type":"product","link":"https:\/\/travelsafe.nl\/fr\/assortiment\/accessoires-de-voyage\/accessoires-de-voyage-accessoires-de-voyage\/coussin-voyage\/oreiller-de-cou-mousse-mmoire-gris-noir\/","title":{"rendered":"Coussin de Voyage Mousse \u00e0 m\u00e9moire \u2013 gris\/noir"},"content":{"rendered":"<p>Lors de longs voyages, vous pouvez souffrir s\u00e9rieusement de douleurs de la nuque et du cou, c\u2019est pourquoi TravelSafe propose un grand assortiment de coussins cervicaux. Ce coussin est fabriqu\u00e9 en mousse \u00e0 m\u00e9moire, qui \u00e9pouse les contours de votre nuque et assure un confort optimal. Il garantit un repos optimal au cours de vos voyages.<\/p>\n<p>Dimensions :\u00a030 x 30 x9 cm<br \/>\nPoids :\u00a0 \u00a0 \u00a0 \u00a0 \u00a0 \u00a0270 g<br \/>\nMati\u00e8re :\u00a0 \u00a0 \u00a0\u00a0 100% Velvet Polyester &amp; Foam<br \/>\nCouleur :\u00a0 \u00a0 \u00a0 \u00a0Noir-gris<\/p>\n","protected":false},"excerpt":{"rendered":"<p>Lors de longs voyages, vous pouvez souffrir s\u00e9rieusement de douleurs de la nuque et du cou, c\u2019est pourquoi TravelSafe propose un grand&hellip;<\/p>\n","protected":false},"featured_media":33184,"template":"","meta":{"_acf_changed":false},"product_brand":[],"product_cat":[2374,2450,2488],"product_tag":[],"class_list":{"0":"post-35571","1":"product","2":"type-product","3":"status-publish","4":"has-post-thumbnail","6":"product_cat-accessoires-de-voyage","7":"product_cat-accessoires-de-voyage-accessoires-de-voyage","8":"product_cat-coussin-voyage","10":"first","11":"instock","12":"purchasable","13":"product-type-simple"},"acf":[],"_links":{"self":[{"href":"https:\/\/travelsafe.nl\/fr\/wp-json\/wp\/v2\/product\/35571","targetHints":{"allow":["GET"]}}],"collection":[{"href":"https:\/\/travelsafe.nl\/fr\/wp-json\/wp\/v2\/product"}],"about":[{"href":"https:\/\/travelsafe.nl\/fr\/wp-json\/wp\/v2\/types\/product"}],"wp:featuredmedia":[{"embeddable":true,"href":"https:\/\/travelsafe.nl\/fr\/wp-json\/wp\/v2\/media\/33184"}],"wp:attachment":[{"href":"https:\/\/travelsafe.nl\/fr\/wp-json\/wp\/v2\/media?parent=35571"}],"wp:term":[{"taxonomy":"product_brand","embeddable":true,"href":"https:\/\/travelsafe.nl\/fr\/wp-json\/wp\/v2\/product_brand?post=35571"},{"taxonomy":"product_cat","embeddable":true,"href":"https:\/\/travelsafe.nl\/fr\/wp-json\/wp\/v2\/product_cat?post=35571"},{"taxonomy":"product_tag","embeddable":true,"href":"https:\/\/travelsafe.nl\/fr\/wp-json\/wp\/v2\/product_tag?post=35571"}],"curies":[{"name":"wp","href":"https:\/\/api.w.org\/{rel}","templated":true}]}}