{"id":35576,"date":"2019-06-10T23:15:48","date_gmt":"2019-06-10T23:15:48","guid":{"rendered":"http:\/\/travelsafe.nl\/assortiment\/non%20class\u00e9\/bouteille-en-silicone-89ml-orange\/"},"modified":"2023-07-25T14:49:04","modified_gmt":"2023-07-25T14:49:04","slug":"bouteille-en-silicone-89ml-orange","status":"publish","type":"product","link":"https:\/\/travelsafe.nl\/fr\/assortiment\/accessoires-de-voyage\/accessoires-de-voyage-accessoires-de-voyage\/autres-accessoires-de-voyage-accessoires-de-voyage\/bouteille-en-silicone-89ml-orange\/","title":{"rendered":"Flacon en silicone &#8211; Orange"},"content":{"rendered":"<p>Avec ces petits flacons en silicone de TravelSafe, vous\u00a0emportez facilement vos liquides en voyage. Ces flacons\u00a0sont faciles \u00e0 remplir gr\u00e2ce \u00e0 leur grand embout.\u00a0Le bouchon assorti anti-goutte \u00e9vite tout gaspillage de liquide et garde le bouchon propre. La ventouse sur le\u00a0flacon permet de le fixer facilement sur un mur lisse : paroi de douche, glace ou carreau de salle de bains.\u00a0Vous pouvez indiquer le contenu du flacon sur la bague d\u2019identification pr\u00e8s du bouchon : tourner-le pour le nom correct :\u00a0soap, lotion, shamp, sun et cond.<\/p>\n<p>\u00c9galement disponible en bleu clair.<\/p>\n<p>Contenu : 89 ml<br \/>\nPoids :\u00a0 \u00a0 \u00a0 58 g<br \/>\nMati\u00e8re :\u00a0 \u00a0Silicone &#8211; plastique<br \/>\nCouleur :\u00a0 Orange<\/p>\n<p>&nbsp;<\/p>\n","protected":false},"excerpt":{"rendered":"<p>Avec ces petits flacons en silicone de TravelSafe, vous\u00a0emportez facilement vos liquides en voyage. Ces flacons\u00a0sont faciles \u00e0 remplir gr\u00e2ce \u00e0 leur&hellip;<\/p>\n","protected":false},"featured_media":33273,"template":"","meta":{"_acf_changed":false},"product_brand":[],"product_cat":[2374,2456],"product_tag":[],"class_list":{"0":"post-35576","1":"product","2":"type-product","3":"status-publish","4":"has-post-thumbnail","6":"product_cat-accessoires-de-voyage","7":"product_cat-autres-accessoires-de-voyage-accessoires-de-voyage","9":"first","10":"onbackorder","11":"purchasable","12":"product-type-simple"},"acf":[],"_links":{"self":[{"href":"https:\/\/travelsafe.nl\/fr\/wp-json\/wp\/v2\/product\/35576","targetHints":{"allow":["GET"]}}],"collection":[{"href":"https:\/\/travelsafe.nl\/fr\/wp-json\/wp\/v2\/product"}],"about":[{"href":"https:\/\/travelsafe.nl\/fr\/wp-json\/wp\/v2\/types\/product"}],"wp:featuredmedia":[{"embeddable":true,"href":"https:\/\/travelsafe.nl\/fr\/wp-json\/wp\/v2\/media\/33273"}],"wp:attachment":[{"href":"https:\/\/travelsafe.nl\/fr\/wp-json\/wp\/v2\/media?parent=35576"}],"wp:term":[{"taxonomy":"product_brand","embeddable":true,"href":"https:\/\/travelsafe.nl\/fr\/wp-json\/wp\/v2\/product_brand?post=35576"},{"taxonomy":"product_cat","embeddable":true,"href":"https:\/\/travelsafe.nl\/fr\/wp-json\/wp\/v2\/product_cat?post=35576"},{"taxonomy":"product_tag","embeddable":true,"href":"https:\/\/travelsafe.nl\/fr\/wp-json\/wp\/v2\/product_tag?post=35576"}],"curies":[{"name":"wp","href":"https:\/\/api.w.org\/{rel}","templated":true}]}}