{"id":35579,"date":"2019-06-10T23:15:50","date_gmt":"2019-06-10T23:15:50","guid":{"rendered":"http:\/\/travelsafe.nl\/assortiment\/non%20class\u00e9\/casquette-solaire-desert-cap-beige\/"},"modified":"2023-04-07T14:01:15","modified_gmt":"2023-04-07T14:01:15","slug":"casquette-solaire-desert-cap-beige","status":"publish","type":"product","link":"https:\/\/travelsafe.nl\/fr\/assortiment\/protection-solaire\/chapeaux-avec-protection-uv\/casquette-solaire-desert-cap-beige\/","title":{"rendered":"Desert Cap \u2013 Casquette Solaire \u2013 Beige"},"content":{"rendered":"<p>Cette casquette solaire est fabriqu\u00e9e en 100% polyester respirant et offre une protection optimale contre le rayonnement UV (UPF50+). Cette casquette confortable, l\u00e9g\u00e8re, a\u00e9r\u00e9e et \u00e0 s\u00e9chage rapide prot\u00e8ge la peau du cr\u00e2ne, les oreilles, le visage et la nuque contre les br\u00fblures. Le rabat de nuque est amovible et la casquette peut \u00eatre adapt\u00e9e sur l\u2019arri\u00e8re \u00e0 l\u2019aide de la fermeture.<\/p>\n<p>Dimensions :\u00a0 Taille unique<br \/>\nPoids :\u00a0 \u00a0 \u00a0 \u00a0 \u00a0 \u00a0 79 g<br \/>\nMati\u00e8re :\u00a0 \u00a0 \u00a0 \u00a0 100% Polyester \/ UPF50+<\/p>\n","protected":false},"excerpt":{"rendered":"<p>Cette casquette solaire est fabriqu\u00e9e en 100% polyester respirant et offre une protection optimale contre le rayonnement UV (UPF50+). Cette casquette confortable,&hellip;<\/p>\n","protected":false},"featured_media":33320,"template":"","meta":{"_acf_changed":false},"product_brand":[],"product_cat":[2489],"product_tag":[],"class_list":{"0":"post-35579","1":"product","2":"type-product","3":"status-publish","4":"has-post-thumbnail","6":"product_cat-chapeaux-avec-protection-uv","8":"first","9":"instock","10":"purchasable","11":"product-type-simple"},"acf":[],"_links":{"self":[{"href":"https:\/\/travelsafe.nl\/fr\/wp-json\/wp\/v2\/product\/35579","targetHints":{"allow":["GET"]}}],"collection":[{"href":"https:\/\/travelsafe.nl\/fr\/wp-json\/wp\/v2\/product"}],"about":[{"href":"https:\/\/travelsafe.nl\/fr\/wp-json\/wp\/v2\/types\/product"}],"wp:featuredmedia":[{"embeddable":true,"href":"https:\/\/travelsafe.nl\/fr\/wp-json\/wp\/v2\/media\/33320"}],"wp:attachment":[{"href":"https:\/\/travelsafe.nl\/fr\/wp-json\/wp\/v2\/media?parent=35579"}],"wp:term":[{"taxonomy":"product_brand","embeddable":true,"href":"https:\/\/travelsafe.nl\/fr\/wp-json\/wp\/v2\/product_brand?post=35579"},{"taxonomy":"product_cat","embeddable":true,"href":"https:\/\/travelsafe.nl\/fr\/wp-json\/wp\/v2\/product_cat?post=35579"},{"taxonomy":"product_tag","embeddable":true,"href":"https:\/\/travelsafe.nl\/fr\/wp-json\/wp\/v2\/product_tag?post=35579"}],"curies":[{"name":"wp","href":"https:\/\/api.w.org\/{rel}","templated":true}]}}