{"id":35580,"date":"2019-06-10T23:15:50","date_gmt":"2019-06-10T23:15:50","guid":{"rendered":"http:\/\/travelsafe.nl\/assortiment\/non%20class\u00e9\/sun-hat-beige\/"},"modified":"2023-04-07T14:01:15","modified_gmt":"2023-04-07T14:01:15","slug":"sun-hat-beige","status":"publish","type":"product","link":"https:\/\/travelsafe.nl\/fr\/assortiment\/protection-solaire\/chapeaux-avec-protection-uv\/sun-hat-beige\/","title":{"rendered":"Chapeau de Soleil &#8211;  Beige"},"content":{"rendered":"<p>Chapeau \u00e0 larges bords avec couvre-nuque enroulable. Avec ses larges bords et couvre-nuque, il vous prot\u00e8ge efficacement du soleil. A tissu du 100% nylon avec facteur de protection solaire 50+. Tr\u00e8s l\u00e9g\u00e8re, doux et \u00e0 s\u00e9chage rapide. Bande de propret\u00e9 \u00e0 l\u2019int\u00e9rieur contre la transpiration. Le cordon de serrage est amovible.<\/p>\n<p>Dimensions :\u00a0 Taille unique<br \/>\nPoids :\u00a0 \u00a0 \u00a0 \u00a0 \u00a0 \u00a0 84 g<br \/>\nMati\u00e8re :\u00a0 \u00a0 \u00a0 \u00a0 100% Polyester \/ UPF50+<\/p>\n","protected":false},"excerpt":{"rendered":"<p>Chapeau \u00e0 larges bords avec couvre-nuque enroulable. Avec ses larges bords et couvre-nuque, il vous prot\u00e8ge efficacement du soleil. A tissu du&hellip;<\/p>\n","protected":false},"featured_media":33337,"template":"","meta":{"_acf_changed":false},"product_brand":[],"product_cat":[2375,2489],"product_tag":[],"class_list":{"0":"post-35580","1":"product","2":"type-product","3":"status-publish","4":"has-post-thumbnail","6":"product_cat-protection-solaire","7":"product_cat-chapeaux-avec-protection-uv","9":"first","10":"instock","11":"purchasable","12":"product-type-simple"},"acf":[],"_links":{"self":[{"href":"https:\/\/travelsafe.nl\/fr\/wp-json\/wp\/v2\/product\/35580","targetHints":{"allow":["GET"]}}],"collection":[{"href":"https:\/\/travelsafe.nl\/fr\/wp-json\/wp\/v2\/product"}],"about":[{"href":"https:\/\/travelsafe.nl\/fr\/wp-json\/wp\/v2\/types\/product"}],"wp:featuredmedia":[{"embeddable":true,"href":"https:\/\/travelsafe.nl\/fr\/wp-json\/wp\/v2\/media\/33337"}],"wp:attachment":[{"href":"https:\/\/travelsafe.nl\/fr\/wp-json\/wp\/v2\/media?parent=35580"}],"wp:term":[{"taxonomy":"product_brand","embeddable":true,"href":"https:\/\/travelsafe.nl\/fr\/wp-json\/wp\/v2\/product_brand?post=35580"},{"taxonomy":"product_cat","embeddable":true,"href":"https:\/\/travelsafe.nl\/fr\/wp-json\/wp\/v2\/product_cat?post=35580"},{"taxonomy":"product_tag","embeddable":true,"href":"https:\/\/travelsafe.nl\/fr\/wp-json\/wp\/v2\/product_tag?post=35580"}],"curies":[{"name":"wp","href":"https:\/\/api.w.org\/{rel}","templated":true}]}}