{"id":35581,"date":"2019-06-10T23:15:50","date_gmt":"2019-06-10T23:15:50","guid":{"rendered":"http:\/\/travelsafe.nl\/assortiment\/non%20class\u00e9\/chapeau-avec-moustiquaire-sunhat-beige\/"},"modified":"2023-04-07T14:01:15","modified_gmt":"2023-04-07T14:01:15","slug":"chapeau-avec-moustiquaire-sunhat-beige","status":"publish","type":"product","link":"https:\/\/travelsafe.nl\/fr\/assortiment\/anti-moustique\/chapeaux-avec-protection-uv-anti-moustique\/chapeau-avec-moustiquaire-sunhat-beige\/","title":{"rendered":"Chapeau Moustiquaire &#8211; Beige"},"content":{"rendered":"<p>Chapeau \u00e0 larges bords avec moustiquaire. Avec\u00a0ses larges bords et moustiquaire, il vous prot\u00e8ge\u00a0efficacement du soleil et contre tous les insectes.\u00a0Un article indispensable pour les randonneurs et\u00a0p\u00eacheurs. En tissu 100 % polyester avec facteur de\u00a0protection solaire 50+. Ce chapeau confortable, tr\u00e8s\u00a0l\u00e9ger, \u00e0 s\u00e9chage rapide et a\u00e9r\u00e9 se replie en un petit\u00a0paquet compact. La moustiquaire amovible se range\u00a0dans une pochette sur le dessus du chapeau.<\/p>\n<p>Dimensions :\u00a0 Taille unique<br \/>\nPoids :\u00a0 \u00a0 \u00a0 \u00a0 \u00a0 \u00a0 112 g<br \/>\nMati\u00e8re :\u00a0 \u00a0 \u00a0 \u00a0 100% Polyester \/ UPF50+ \/ Mesh<\/p>\n","protected":false},"excerpt":{"rendered":"<p>Chapeau \u00e0 larges bords avec moustiquaire. Avec\u00a0ses larges bords et moustiquaire, il vous prot\u00e8ge\u00a0efficacement du soleil et contre tous les insectes.\u00a0Un article&hellip;<\/p>\n","protected":false},"featured_media":33350,"template":"","meta":{"_acf_changed":false},"product_brand":[],"product_cat":[2490,2489,2457,2491],"product_tag":[],"class_list":{"0":"post-35581","1":"product","2":"type-product","3":"status-publish","4":"has-post-thumbnail","6":"product_cat-chapeaux-avec-protection-uv-anti-moustique","7":"product_cat-chapeaux-avec-protection-uv","8":"product_cat-filet-de-tte","9":"product_cat-filet-de-tte-protection-solaire","11":"first","12":"instock","13":"purchasable","14":"product-type-simple"},"acf":[],"_links":{"self":[{"href":"https:\/\/travelsafe.nl\/fr\/wp-json\/wp\/v2\/product\/35581","targetHints":{"allow":["GET"]}}],"collection":[{"href":"https:\/\/travelsafe.nl\/fr\/wp-json\/wp\/v2\/product"}],"about":[{"href":"https:\/\/travelsafe.nl\/fr\/wp-json\/wp\/v2\/types\/product"}],"wp:featuredmedia":[{"embeddable":true,"href":"https:\/\/travelsafe.nl\/fr\/wp-json\/wp\/v2\/media\/33350"}],"wp:attachment":[{"href":"https:\/\/travelsafe.nl\/fr\/wp-json\/wp\/v2\/media?parent=35581"}],"wp:term":[{"taxonomy":"product_brand","embeddable":true,"href":"https:\/\/travelsafe.nl\/fr\/wp-json\/wp\/v2\/product_brand?post=35581"},{"taxonomy":"product_cat","embeddable":true,"href":"https:\/\/travelsafe.nl\/fr\/wp-json\/wp\/v2\/product_cat?post=35581"},{"taxonomy":"product_tag","embeddable":true,"href":"https:\/\/travelsafe.nl\/fr\/wp-json\/wp\/v2\/product_tag?post=35581"}],"curies":[{"name":"wp","href":"https:\/\/api.w.org\/{rel}","templated":true}]}}