{"id":35582,"date":"2019-06-10T23:15:52","date_gmt":"2019-06-10T23:15:52","guid":{"rendered":"http:\/\/travelsafe.nl\/assortiment\/non%20class\u00e9\/veste-bug-voyage-en-toute-scurit\/"},"modified":"2023-04-07T14:01:16","modified_gmt":"2023-04-07T14:01:16","slug":"veste-bug-voyage-en-toute-scurit","status":"publish","type":"product","link":"https:\/\/travelsafe.nl\/fr\/assortiment\/anti-moustique\/autre-insectifuge\/veste-bug-voyage-en-toute-scurit\/","title":{"rendered":"Veste de Voyage Anti-Insectes"},"content":{"rendered":"<p>Rien ne peut g\u00e2ter une activit\u00e9 de plein air aussi rapidement que des moustiques, des mouches et\/ou d\u2019autres insectes piqueurs aga\u00e7ants. Ils d\u00e9rangent votre excursion et peuvent provoquer des r\u00e9actions allergiques et m\u00eame des probl\u00e8mes m\u00e9dicaux. La veste anti-insectes est fabriqu\u00e9e en maille fine. Non seulement le torse, mais \u00e9galement la t\u00eate et le cou sont prot\u00e9g\u00e9s de fa\u00e7on optimale contre les piq\u00fbres des moustiques, mouches et\/ou d\u2019autres insectes.<\/p>\n<p>Dimensions :\u00a0 Taille unique<br \/>\nPoids :\u00a0 \u00a0 \u00a0 \u00a0 \u00a0 \u00a0 200 g<br \/>\nMati\u00e8re :\u00a0 \u00a0 \u00a0 \u00a0\u00a0 100% HD Polyester<br \/>\nDensit\u00e9 :\u00a0 \u00a0 \u00a0 \u00a0 \u00a01000 trous \/ pouce\u00b2<\/p>\n","protected":false},"excerpt":{"rendered":"<p>Rien ne peut g\u00e2ter une activit\u00e9 de plein air aussi rapidement que des moustiques, des mouches et\/ou d\u2019autres insectes piqueurs aga\u00e7ants. Ils&hellip;<\/p>\n","protected":false},"featured_media":33385,"template":"","meta":{"_acf_changed":false},"product_brand":[],"product_cat":[2372,2463,2311],"product_tag":[],"class_list":{"0":"post-35582","1":"product","2":"type-product","3":"status-publish","4":"has-post-thumbnail","6":"product_cat-anti-moustique","7":"product_cat-autre-insectifuge","8":"product_cat-overig-insectwerend","10":"first","11":"onbackorder","12":"purchasable","13":"product-type-simple"},"acf":[],"_links":{"self":[{"href":"https:\/\/travelsafe.nl\/fr\/wp-json\/wp\/v2\/product\/35582","targetHints":{"allow":["GET"]}}],"collection":[{"href":"https:\/\/travelsafe.nl\/fr\/wp-json\/wp\/v2\/product"}],"about":[{"href":"https:\/\/travelsafe.nl\/fr\/wp-json\/wp\/v2\/types\/product"}],"wp:featuredmedia":[{"embeddable":true,"href":"https:\/\/travelsafe.nl\/fr\/wp-json\/wp\/v2\/media\/33385"}],"wp:attachment":[{"href":"https:\/\/travelsafe.nl\/fr\/wp-json\/wp\/v2\/media?parent=35582"}],"wp:term":[{"taxonomy":"product_brand","embeddable":true,"href":"https:\/\/travelsafe.nl\/fr\/wp-json\/wp\/v2\/product_brand?post=35582"},{"taxonomy":"product_cat","embeddable":true,"href":"https:\/\/travelsafe.nl\/fr\/wp-json\/wp\/v2\/product_cat?post=35582"},{"taxonomy":"product_tag","embeddable":true,"href":"https:\/\/travelsafe.nl\/fr\/wp-json\/wp\/v2\/product_tag?post=35582"}],"curies":[{"name":"wp","href":"https:\/\/api.w.org\/{rel}","templated":true}]}}