{"id":35584,"date":"2019-06-10T23:15:52","date_gmt":"2019-06-10T23:15:52","guid":{"rendered":"http:\/\/travelsafe.nl\/assortiment\/non%20class\u00e9\/tiquette-dadresse-en-caoutchouc-bleu\/"},"modified":"2023-04-07T14:01:16","modified_gmt":"2023-04-07T14:01:16","slug":"tiquette-dadresse-en-caoutchouc-bleu","status":"publish","type":"product","link":"https:\/\/travelsafe.nl\/fr\/assortiment\/accessoires-de-voyage\/accessoires-de-voyage-accessoires-de-voyage\/tiquette-dadresse-en-caoutchouc-bleu\/","title":{"rendered":"\u00c9tiquette ID en caoutchouc &#8211; Bleu"},"content":{"rendered":"<p>\u00c9tiquette d\u2019adresse originale en caoutchouc avec\u00a0c\u00e2ble de fixation en acier. Peut \u00eatre attach\u00e9 \u00e0 vos<br \/>\nbagages par une ceinture ou une boucle. Le bo\u00eetier robuste en PVC emp\u00eache les dommages pendant le transport.<\/p>\n<p>Couleurs disponibles : noir, bleu et orange<\/p>\n<p>Dimensions : 10,5 x 6,5 cm<br \/>\nPoids :\u00a0 \u00a0 \u00a0 \u00a0 \u00a0 \u00a048 g<br \/>\nMati\u00e8re :\u00a0 \u00a0 \u00a0 \u00a0 caoutchouc avec PVC et c\u00e2ble de fixation en acier<br \/>\nCouleur :\u00a0 \u00a0 \u00a0 \u00a0 Bleu<\/p>\n","protected":false},"excerpt":{"rendered":"<p>\u00c9tiquette d\u2019adresse originale en caoutchouc avec\u00a0c\u00e2ble de fixation en acier. Peut \u00eatre attach\u00e9 \u00e0 vos bagages par une ceinture ou une boucle.&hellip;<\/p>\n","protected":false},"featured_media":33401,"template":"","meta":{"_acf_changed":false},"product_brand":[],"product_cat":[2374,2450],"product_tag":[],"class_list":{"0":"post-35584","1":"product","2":"type-product","3":"status-publish","4":"has-post-thumbnail","6":"product_cat-accessoires-de-voyage","7":"product_cat-accessoires-de-voyage-accessoires-de-voyage","9":"first","10":"onbackorder","11":"purchasable","12":"product-type-simple"},"acf":[],"_links":{"self":[{"href":"https:\/\/travelsafe.nl\/fr\/wp-json\/wp\/v2\/product\/35584","targetHints":{"allow":["GET"]}}],"collection":[{"href":"https:\/\/travelsafe.nl\/fr\/wp-json\/wp\/v2\/product"}],"about":[{"href":"https:\/\/travelsafe.nl\/fr\/wp-json\/wp\/v2\/types\/product"}],"wp:featuredmedia":[{"embeddable":true,"href":"https:\/\/travelsafe.nl\/fr\/wp-json\/wp\/v2\/media\/33401"}],"wp:attachment":[{"href":"https:\/\/travelsafe.nl\/fr\/wp-json\/wp\/v2\/media?parent=35584"}],"wp:term":[{"taxonomy":"product_brand","embeddable":true,"href":"https:\/\/travelsafe.nl\/fr\/wp-json\/wp\/v2\/product_brand?post=35584"},{"taxonomy":"product_cat","embeddable":true,"href":"https:\/\/travelsafe.nl\/fr\/wp-json\/wp\/v2\/product_cat?post=35584"},{"taxonomy":"product_tag","embeddable":true,"href":"https:\/\/travelsafe.nl\/fr\/wp-json\/wp\/v2\/product_tag?post=35584"}],"curies":[{"name":"wp","href":"https:\/\/api.w.org\/{rel}","templated":true}]}}