{"id":35585,"date":"2019-06-10T23:15:53","date_gmt":"2019-06-10T23:15:53","guid":{"rendered":"http:\/\/travelsafe.nl\/assortiment\/non%20class\u00e9\/tiquette-dadresse-en-caoutchouc-orange\/"},"modified":"2023-04-07T14:01:16","modified_gmt":"2023-04-07T14:01:16","slug":"tiquette-dadresse-en-caoutchouc-orange","status":"publish","type":"product","link":"https:\/\/travelsafe.nl\/fr\/assortiment\/accessoires-de-voyage\/accessoires-de-voyage-accessoires-de-voyage\/tiquette-dadresse-en-caoutchouc-orange\/","title":{"rendered":"&#xC9;tiquette d&#x2019;adresse en caoutchouc &#8211; Orange"},"content":{"rendered":"<p><span><span>\u00c9tiquette d\u2019adresse d\u2019origine en caoutchouc avec&nbsp;c\u00e2ble de fixation en acier. Peut \u00eatre attach\u00e9 \u00e0 vos bagages par une bande ou une boucle. Fort logement&nbsp;de PVC pour \u00e9viter d\u2019endommager pendant le transport.<\/span><\/span><\/p>\n<p><span><span>Taille: 10.5&#215;6.5cm<br \/>\nMat\u00e9riau: caoutchouc, PVC transparent, c\u00e2ble de fixation en acier<br \/>\nDisponible en couleurs: noir, bleu et orange<\/span><\/span><\/p>\n","protected":false},"excerpt":{"rendered":"<p>\u00c9tiquette d\u2019adresse d\u2019origine en caoutchouc avec&nbsp;c\u00e2ble de fixation en acier. Peut \u00eatre attach\u00e9 \u00e0 vos bagages par une bande ou une boucle.&hellip;<\/p>\n","protected":false},"featured_media":33414,"template":"","meta":{"_acf_changed":false},"product_brand":[],"product_cat":[2374,2450],"product_tag":[],"class_list":{"0":"post-35585","1":"product","2":"type-product","3":"status-publish","4":"has-post-thumbnail","6":"product_cat-accessoires-de-voyage","7":"product_cat-accessoires-de-voyage-accessoires-de-voyage","9":"first","10":"onbackorder","11":"purchasable","12":"product-type-simple"},"acf":[],"_links":{"self":[{"href":"https:\/\/travelsafe.nl\/fr\/wp-json\/wp\/v2\/product\/35585","targetHints":{"allow":["GET"]}}],"collection":[{"href":"https:\/\/travelsafe.nl\/fr\/wp-json\/wp\/v2\/product"}],"about":[{"href":"https:\/\/travelsafe.nl\/fr\/wp-json\/wp\/v2\/types\/product"}],"wp:featuredmedia":[{"embeddable":true,"href":"https:\/\/travelsafe.nl\/fr\/wp-json\/wp\/v2\/media\/33414"}],"wp:attachment":[{"href":"https:\/\/travelsafe.nl\/fr\/wp-json\/wp\/v2\/media?parent=35585"}],"wp:term":[{"taxonomy":"product_brand","embeddable":true,"href":"https:\/\/travelsafe.nl\/fr\/wp-json\/wp\/v2\/product_brand?post=35585"},{"taxonomy":"product_cat","embeddable":true,"href":"https:\/\/travelsafe.nl\/fr\/wp-json\/wp\/v2\/product_cat?post=35585"},{"taxonomy":"product_tag","embeddable":true,"href":"https:\/\/travelsafe.nl\/fr\/wp-json\/wp\/v2\/product_tag?post=35585"}],"curies":[{"name":"wp","href":"https:\/\/api.w.org\/{rel}","templated":true}]}}