{"id":35586,"date":"2019-06-10T23:15:53","date_gmt":"2019-06-10T23:15:53","guid":{"rendered":"http:\/\/travelsafe.nl\/assortiment\/non%20class\u00e9\/sac-durgence-bivy-bag\/"},"modified":"2023-08-10T14:55:37","modified_gmt":"2023-08-10T14:55:37","slug":"sac-durgence-bivy-bag","status":"publish","type":"product","link":"https:\/\/travelsafe.nl\/fr\/assortiment\/accessoires-de-voyage\/accessoires-de-voyage-accessoires-de-voyage\/autres-accessoires-de-voyage-accessoires-de-voyage\/sac-durgence-bivy-bag\/","title":{"rendered":"Bivy Bag Sac d&rsquo;urgences"},"content":{"rendered":"<p>Lorsque vous \u00eates surpris par mauvais temps pendant\u00a0une promenade ou d\u2019autres activit\u00e9s de plein air, vous devrez peut-\u00eatre passer une nuit \u00e0 l\u2019ext\u00e9rieur. Dans ce cas-l\u00e0, ce Thermal Bivy\u00a0bag ultral\u00e9ger vous offre une protection vitale : il\u00a0est \u00e9tanche \u00e0 l\u2019eau et au vent, et retient 80 % de\u00a0la chaleur corporelle. Indispensable pour tout aventurier. Fournie dans une housse de protection, o\u00f9 vous pouvez facilement ranger le sac apr\u00e8s chaque utilisation.<\/p>\n<p>Dimensions : 210 x 90 cm<br \/>\nPoids :\u00a0 \u00a0 \u00a0 \u00a0 \u00a0 \u00a0250 g<br \/>\nMati\u00e8re :\u00a0 \u00a0 \u00a0 \u00a0Alu non-woven<\/p>\n","protected":false},"excerpt":{"rendered":"<p>Lorsque vous \u00eates surpris par mauvais temps pendant\u00a0une promenade ou d\u2019autres activit\u00e9s de plein air, vous devrez peut-\u00eatre passer une nuit \u00e0&hellip;<\/p>\n","protected":false},"featured_media":33427,"template":"","meta":{"_acf_changed":false},"product_brand":[],"product_cat":[2374,2450,2456],"product_tag":[],"class_list":{"0":"post-35586","1":"product","2":"type-product","3":"status-publish","4":"has-post-thumbnail","6":"product_cat-accessoires-de-voyage","7":"product_cat-accessoires-de-voyage-accessoires-de-voyage","8":"product_cat-autres-accessoires-de-voyage-accessoires-de-voyage","10":"first","11":"onbackorder","12":"purchasable","13":"product-type-simple"},"acf":[],"_links":{"self":[{"href":"https:\/\/travelsafe.nl\/fr\/wp-json\/wp\/v2\/product\/35586","targetHints":{"allow":["GET"]}}],"collection":[{"href":"https:\/\/travelsafe.nl\/fr\/wp-json\/wp\/v2\/product"}],"about":[{"href":"https:\/\/travelsafe.nl\/fr\/wp-json\/wp\/v2\/types\/product"}],"wp:featuredmedia":[{"embeddable":true,"href":"https:\/\/travelsafe.nl\/fr\/wp-json\/wp\/v2\/media\/33427"}],"wp:attachment":[{"href":"https:\/\/travelsafe.nl\/fr\/wp-json\/wp\/v2\/media?parent=35586"}],"wp:term":[{"taxonomy":"product_brand","embeddable":true,"href":"https:\/\/travelsafe.nl\/fr\/wp-json\/wp\/v2\/product_brand?post=35586"},{"taxonomy":"product_cat","embeddable":true,"href":"https:\/\/travelsafe.nl\/fr\/wp-json\/wp\/v2\/product_cat?post=35586"},{"taxonomy":"product_tag","embeddable":true,"href":"https:\/\/travelsafe.nl\/fr\/wp-json\/wp\/v2\/product_tag?post=35586"}],"curies":[{"name":"wp","href":"https:\/\/api.w.org\/{rel}","templated":true}]}}