{"id":35587,"date":"2019-06-10T23:15:53","date_gmt":"2019-06-10T23:15:53","guid":{"rendered":"http:\/\/travelsafe.nl\/assortiment\/non%20class\u00e9\/poncho-de-pluie-transparant-unisex\/"},"modified":"2023-04-07T14:01:16","modified_gmt":"2023-04-07T14:01:16","slug":"poncho-de-pluie-transparant-unisex","status":"publish","type":"product","link":"https:\/\/travelsafe.nl\/fr\/assortiment\/accessoires-de-voyage\/ponchos-de-pluie\/poncho-de-pluie-transparant-unisex\/","title":{"rendered":"poncho de pluie &#8211; transparant &#8211; unisex"},"content":{"rendered":"<p>Un imperm\u00e9able pratique et compact avec capuchon pour les voyages, facile \u00e0 ranger et \u00e0 emporter.<\/p>\n<p>Dimensions :\u00a0 Taille unique<br \/>\nPoids :\u00a0 \u00a0 \u00a0 \u00a0 \u00a0 \u00a0 \u00a043 g<br \/>\nMati\u00e8re :\u00a0 \u00a0 \u00a0 \u00a0 \u00a0Polyester<br \/>\nCouleur :\u00a0 \u00a0 \u00a0 \u00a0 \u00a0Transparant<\/p>\n","protected":false},"excerpt":{"rendered":"<p>Un imperm\u00e9able pratique et compact avec capuchon pour les voyages, facile \u00e0 ranger et \u00e0 emporter. Dimensions :\u00a0 Taille unique Poids :\u00a0&hellip;<\/p>\n","protected":false},"featured_media":33440,"template":"","meta":{"_acf_changed":false},"product_brand":[],"product_cat":[2374,2492],"product_tag":[],"class_list":{"0":"post-35587","1":"product","2":"type-product","3":"status-publish","4":"has-post-thumbnail","6":"product_cat-accessoires-de-voyage","7":"product_cat-ponchos-de-pluie","9":"first","10":"instock","11":"purchasable","12":"product-type-simple"},"acf":[],"_links":{"self":[{"href":"https:\/\/travelsafe.nl\/fr\/wp-json\/wp\/v2\/product\/35587","targetHints":{"allow":["GET"]}}],"collection":[{"href":"https:\/\/travelsafe.nl\/fr\/wp-json\/wp\/v2\/product"}],"about":[{"href":"https:\/\/travelsafe.nl\/fr\/wp-json\/wp\/v2\/types\/product"}],"wp:featuredmedia":[{"embeddable":true,"href":"https:\/\/travelsafe.nl\/fr\/wp-json\/wp\/v2\/media\/33440"}],"wp:attachment":[{"href":"https:\/\/travelsafe.nl\/fr\/wp-json\/wp\/v2\/media?parent=35587"}],"wp:term":[{"taxonomy":"product_brand","embeddable":true,"href":"https:\/\/travelsafe.nl\/fr\/wp-json\/wp\/v2\/product_brand?post=35587"},{"taxonomy":"product_cat","embeddable":true,"href":"https:\/\/travelsafe.nl\/fr\/wp-json\/wp\/v2\/product_cat?post=35587"},{"taxonomy":"product_tag","embeddable":true,"href":"https:\/\/travelsafe.nl\/fr\/wp-json\/wp\/v2\/product_tag?post=35587"}],"curies":[{"name":"wp","href":"https:\/\/api.w.org\/{rel}","templated":true}]}}