{"id":35588,"date":"2019-06-10T22:56:14","date_gmt":"2019-06-10T22:56:14","guid":{"rendered":"http:\/\/travelsafe.nl\/assortiment\/non%20class\u00e9\/chaussettes-proof-leech\/"},"modified":"2026-04-02T13:15:11","modified_gmt":"2026-04-02T13:15:11","slug":"leech-proof-socks","status":"publish","type":"product","link":"https:\/\/travelsafe.nl\/fr\/assortiment\/anti-moustique\/leech-proof-socks\/","title":{"rendered":"Chaussettes anti-sangsues\/tiques"},"content":{"rendered":"<p>Vous partez en randonn\u00e9e dans la lande, \u00e0 travers les buissons ou dans la jungle, ou vous voyagez dans une r\u00e9gion tropicale ? Dans ce cas, les sangsues et les tiques constituent un risque r\u00e9el. Les sangsues sont pr\u00e9sentes dans le monde entier, en particulier dans les zones riches en v\u00e9g\u00e9tation, les eaux stagnantes ou \u00e0 faible d\u00e9bit et les sols forestiers humides. Lors d&rsquo;excursions dans la jungle, elles s&rsquo;accrochent souvent aux chevilles et aux jambes et peuvent m\u00eame mordre \u00e0 travers des chaussettes normales. Les piq\u00fbres provoquent de fortes d\u00e9mangeaisons et peuvent s&rsquo;infecter, en particulier dans un climat tropical.<\/p>\n<p>Les chaussettes TravelSafe Anti Sangsuceurs\/Tiques sont con\u00e7ues pour bien couvrir le bas de la jambe et ainsi aider \u00e0 pr\u00e9venir les morsures. La partie pied est en polyester\/coton, tandis que la partie sup\u00e9rieure en nylon r\u00e9sistant offre une protection suppl\u00e9mentaire. Cette chaussette unisexe est de taille unique et indispensable dans toute \u00e9quipement tropical, mais aussi dans les r\u00e9gions o\u00f9 les tiques sont nombreuses.<\/p>\n<p>Dimensions : Taille unique<br \/>\nPoids : 90 g<br \/>\nLongueur du pied : 30 cm<br \/>\nHauteur : 30 cm<br \/>\nComposition : Polyester\/Polycoton<\/p>\n","protected":false},"excerpt":{"rendered":"<p>Vous partez en randonn\u00e9e dans la lande, \u00e0 travers les buissons ou dans la jungle, ou vous voyagez dans une r\u00e9gion tropicale&hellip;<\/p>\n","protected":false},"featured_media":33451,"template":"","meta":{"_acf_changed":false},"product_brand":[],"product_cat":[2372],"product_tag":[],"class_list":{"0":"post-35588","1":"product","2":"type-product","3":"status-publish","4":"has-post-thumbnail","6":"product_cat-anti-moustique","8":"first","9":"instock","10":"purchasable","11":"product-type-simple"},"acf":[],"_links":{"self":[{"href":"https:\/\/travelsafe.nl\/fr\/wp-json\/wp\/v2\/product\/35588","targetHints":{"allow":["GET"]}}],"collection":[{"href":"https:\/\/travelsafe.nl\/fr\/wp-json\/wp\/v2\/product"}],"about":[{"href":"https:\/\/travelsafe.nl\/fr\/wp-json\/wp\/v2\/types\/product"}],"wp:featuredmedia":[{"embeddable":true,"href":"https:\/\/travelsafe.nl\/fr\/wp-json\/wp\/v2\/media\/33451"}],"wp:attachment":[{"href":"https:\/\/travelsafe.nl\/fr\/wp-json\/wp\/v2\/media?parent=35588"}],"wp:term":[{"taxonomy":"product_brand","embeddable":true,"href":"https:\/\/travelsafe.nl\/fr\/wp-json\/wp\/v2\/product_brand?post=35588"},{"taxonomy":"product_cat","embeddable":true,"href":"https:\/\/travelsafe.nl\/fr\/wp-json\/wp\/v2\/product_cat?post=35588"},{"taxonomy":"product_tag","embeddable":true,"href":"https:\/\/travelsafe.nl\/fr\/wp-json\/wp\/v2\/product_tag?post=35588"}],"curies":[{"name":"wp","href":"https:\/\/api.w.org\/{rel}","templated":true}]}}