{"id":35592,"date":"2019-06-10T23:15:58","date_gmt":"2019-06-10T23:15:58","guid":{"rendered":"http:\/\/travelsafe.nl\/assortiment\/non%20class\u00e9\/sac-voyage-week-end-coffre-fort-bleu\/"},"modified":"2023-04-07T14:01:17","modified_gmt":"2023-04-07T14:01:17","slug":"sac-voyage-week-end-coffre-fort-bleu","status":"publish","type":"product","link":"https:\/\/travelsafe.nl\/fr\/assortiment\/accessoires-de-voyage\/sacs-de-voyage\/duffle-bag-sacs-de-voyage\/sac-voyage-week-end-coffre-fort-bleu\/","title":{"rendered":"Duffle Bag \u2013 Pliable &#8211; Bleu"},"content":{"rendered":"<p>Ce sac pliable et l\u00e9ger est tr\u00e8s pratique d&rsquo;avoir avec vous en voyage. Emportez-le avec vous comme sac \u00e0 provisions suppl\u00e9mentaire ou sac de plage. Ultra-robuste et tr\u00e8s l\u00e9ger, ce sac est fabriqu\u00e9 en polyester et se replie facilement en un paquet de petite taille. Il comporte \u00e9galement un compartiment lat\u00e9ral pratique o\u00f9 vous pouvez ranger vos petits accessoires. Disponible en bleu et noir.<\/p>\n<p>Dimensions\u00a0:\u00a0 52 x 32 x 32 cm<br \/>\nPli\u00e9 :\u00a0 \u00a0 \u00a0 \u00a0 \u00a0 \u00a0 \u00a0 \u00a015,5 x 18,5 x 3,5 cm<br \/>\nPoids :\u00a0 \u00a0 \u00a0 \u00a0 \u00a0 \u00a0 271 g<br \/>\nMati\u00e8re :\u00a0 \u00a0 \u00a0 \u00a0 420D polyester<br \/>\nCouleur :\u00a0 \u00a0 \u00a0 \u00a0 Bleu<\/p>\n","protected":false},"excerpt":{"rendered":"<p>Ce sac pliable et l\u00e9ger est tr\u00e8s pratique d&rsquo;avoir avec vous en voyage. Emportez-le avec vous comme sac \u00e0 provisions suppl\u00e9mentaire ou&hellip;<\/p>\n","protected":false},"featured_media":33493,"template":"","meta":{"_acf_changed":false},"product_brand":[],"product_cat":[2374,2504,2493,2494],"product_tag":[],"class_list":{"0":"post-35592","1":"product","2":"type-product","3":"status-publish","4":"has-post-thumbnail","6":"product_cat-accessoires-de-voyage","7":"product_cat-duffle-bag-sacs-de-voyage","8":"product_cat-sacs-de-voyage","9":"product_cat-sacs-pliables","11":"first","12":"instock","13":"purchasable","14":"product-type-simple"},"acf":[],"_links":{"self":[{"href":"https:\/\/travelsafe.nl\/fr\/wp-json\/wp\/v2\/product\/35592","targetHints":{"allow":["GET"]}}],"collection":[{"href":"https:\/\/travelsafe.nl\/fr\/wp-json\/wp\/v2\/product"}],"about":[{"href":"https:\/\/travelsafe.nl\/fr\/wp-json\/wp\/v2\/types\/product"}],"wp:featuredmedia":[{"embeddable":true,"href":"https:\/\/travelsafe.nl\/fr\/wp-json\/wp\/v2\/media\/33493"}],"wp:attachment":[{"href":"https:\/\/travelsafe.nl\/fr\/wp-json\/wp\/v2\/media?parent=35592"}],"wp:term":[{"taxonomy":"product_brand","embeddable":true,"href":"https:\/\/travelsafe.nl\/fr\/wp-json\/wp\/v2\/product_brand?post=35592"},{"taxonomy":"product_cat","embeddable":true,"href":"https:\/\/travelsafe.nl\/fr\/wp-json\/wp\/v2\/product_cat?post=35592"},{"taxonomy":"product_tag","embeddable":true,"href":"https:\/\/travelsafe.nl\/fr\/wp-json\/wp\/v2\/product_tag?post=35592"}],"curies":[{"name":"wp","href":"https:\/\/api.w.org\/{rel}","templated":true}]}}