{"id":35594,"date":"2019-06-10T23:16:00","date_gmt":"2019-06-10T23:16:00","guid":{"rendered":"http:\/\/travelsafe.nl\/assortiment\/non%20class\u00e9\/sac-bandoulire-pliable-azure\/"},"modified":"2023-04-07T14:01:17","modified_gmt":"2023-04-07T14:01:17","slug":"sac-bandoulire-pliable-azure","status":"publish","type":"product","link":"https:\/\/travelsafe.nl\/fr\/assortiment\/accessoires-de-voyage\/sacs-de-voyage\/sacs-pliables\/sac-bandoulire-pliable-azure\/","title":{"rendered":"Sac \u00e0 bandouli\u00e8re \u2013 Pliable &#8211; Bleu"},"content":{"rendered":"<p>Grand sac \u00e0 bandouli\u00e8re pliable avec poche suppl\u00e9mentaire avec fermeture \u00e9clair \u00e0 l&rsquo;int\u00e9rieur. Le sac shopper se replie facilement en paquet pratique de petite taille. La grande ouverture de 52cm assure que le sac est facilement accessible. La fermeture \u00e9clair sur le haut du sac permet de le fermer compl\u00e9tement. Fabriqu\u00e9 en polyester solide et inusable et dot\u00e9 de bandouli\u00e8res pratiques.<\/p>\n<p>Disponible dans les couleurs bleu et noir.<\/p>\n<p>Dimensions\u00a0:\u00a0 52 x 32 x 20 cm<br \/>\nPli\u00e9 :\u00a0 \u00a0 \u00a0 \u00a0 \u00a0 \u00a0 \u00a0 \u00a020,5 x 16,5 x 3 cm<br \/>\nPoids :\u00a0 \u00a0 \u00a0 \u00a0 \u00a0 \u00a0 164 g<br \/>\nMati\u00e8re :\u00a0 \u00a0 \u00a0 \u00a0 420D polyester<br \/>\nCouleur :\u00a0 \u00a0 \u00a0 \u00a0 Azur<\/p>\n","protected":false},"excerpt":{"rendered":"<p>Grand sac \u00e0 bandouli\u00e8re pliable avec poche suppl\u00e9mentaire avec fermeture \u00e9clair \u00e0 l&rsquo;int\u00e9rieur. Le sac shopper se replie facilement en paquet pratique&hellip;<\/p>\n","protected":false},"featured_media":33533,"template":"","meta":{"_acf_changed":false},"product_brand":[],"product_cat":[2374,2493,2494],"product_tag":[],"class_list":{"0":"post-35594","1":"product","2":"type-product","3":"status-publish","4":"has-post-thumbnail","6":"product_cat-accessoires-de-voyage","7":"product_cat-sacs-de-voyage","8":"product_cat-sacs-pliables","10":"first","11":"instock","12":"purchasable","13":"product-type-simple"},"acf":[],"_links":{"self":[{"href":"https:\/\/travelsafe.nl\/fr\/wp-json\/wp\/v2\/product\/35594","targetHints":{"allow":["GET"]}}],"collection":[{"href":"https:\/\/travelsafe.nl\/fr\/wp-json\/wp\/v2\/product"}],"about":[{"href":"https:\/\/travelsafe.nl\/fr\/wp-json\/wp\/v2\/types\/product"}],"wp:featuredmedia":[{"embeddable":true,"href":"https:\/\/travelsafe.nl\/fr\/wp-json\/wp\/v2\/media\/33533"}],"wp:attachment":[{"href":"https:\/\/travelsafe.nl\/fr\/wp-json\/wp\/v2\/media?parent=35594"}],"wp:term":[{"taxonomy":"product_brand","embeddable":true,"href":"https:\/\/travelsafe.nl\/fr\/wp-json\/wp\/v2\/product_brand?post=35594"},{"taxonomy":"product_cat","embeddable":true,"href":"https:\/\/travelsafe.nl\/fr\/wp-json\/wp\/v2\/product_cat?post=35594"},{"taxonomy":"product_tag","embeddable":true,"href":"https:\/\/travelsafe.nl\/fr\/wp-json\/wp\/v2\/product_tag?post=35594"}],"curies":[{"name":"wp","href":"https:\/\/api.w.org\/{rel}","templated":true}]}}